{"id":935,"date":"2021-11-10T10:33:50","date_gmt":"2021-11-10T09:33:50","guid":{"rendered":"http:\/\/www.yachttransfer.eu\/1703\/?page_id=935"},"modified":"2023-05-24T13:06:45","modified_gmt":"2023-05-24T11:06:45","slug":"ueberfuehrung","status":"publish","type":"page","link":"http:\/\/www.yachttransfer.eu\/1703\/transfer-services\/ueberfuehrung\/","title":{"rendered":"Ihr Yacht ins neue Revier!"},"content":{"rendered":"<p><img loading=\"lazy\" decoding=\"async\" class=\" wp-image-938 alignright\" src=\"http:\/\/www.yachttransfer.eu\/1703\/wp-content\/uploads\/2021\/11\/IMG_20210512_163238_1-225x300.jpg\" alt=\"\" width=\"247\" height=\"329\" srcset=\"http:\/\/www.yachttransfer.eu\/1703\/wp-content\/uploads\/2021\/11\/IMG_20210512_163238_1-225x300.jpg 225w, http:\/\/www.yachttransfer.eu\/1703\/wp-content\/uploads\/2021\/11\/IMG_20210512_163238_1-768x1024.jpg 768w, http:\/\/www.yachttransfer.eu\/1703\/wp-content\/uploads\/2021\/11\/IMG_20210512_163238_1-1152x1536.jpg 1152w, http:\/\/www.yachttransfer.eu\/1703\/wp-content\/uploads\/2021\/11\/IMG_20210512_163238_1-1536x2048.jpg 1536w, http:\/\/www.yachttransfer.eu\/1703\/wp-content\/uploads\/2021\/11\/IMG_20210512_163238_1-750x1000.jpg 750w, http:\/\/www.yachttransfer.eu\/1703\/wp-content\/uploads\/2021\/11\/IMG_20210512_163238_1-scaled.jpg 1920w\" sizes=\"auto, (max-width: 247px) 100vw, 247px\" \/>Sie wollen ein neues Revier kennenlernen, einmal Urlaub wo anders als beim Heimathafen verbringen? Wir \u00fcbernehmen die\u00a0 \u00dcberf\u00fchrung!<\/p>\n<p>Wenn sie wenig Zeit f\u00fcr die <a href=\"http:\/\/www.yachttransfer.eu\/1703\/ueberstellung\/\">\u00dcberstellung<\/a> haben, so machen wir das gerne f\u00fcr sie und bringen ihr Schiff danach auch wieder in den Heimathafen.<\/p>\n<p>Wir \u00fcberstellen ihre Yacht an alle Punkte in Europa und Mittelmeer.<\/p>\n<p><img loading=\"lazy\" decoding=\"async\" class=\"size-medium wp-image-944 alignleft\" src=\"http:\/\/www.yachttransfer.eu\/1703\/wp-content\/uploads\/2021\/11\/IMG_20200219_155228-225x300.jpg\" alt=\"\" width=\"225\" height=\"300\" srcset=\"http:\/\/www.yachttransfer.eu\/1703\/wp-content\/uploads\/2021\/11\/IMG_20200219_155228-225x300.jpg 225w, http:\/\/www.yachttransfer.eu\/1703\/wp-content\/uploads\/2021\/11\/IMG_20200219_155228-768x1024.jpg 768w, http:\/\/www.yachttransfer.eu\/1703\/wp-content\/uploads\/2021\/11\/IMG_20200219_155228-1152x1536.jpg 1152w, http:\/\/www.yachttransfer.eu\/1703\/wp-content\/uploads\/2021\/11\/IMG_20200219_155228-1536x2048.jpg 1536w, http:\/\/www.yachttransfer.eu\/1703\/wp-content\/uploads\/2021\/11\/IMG_20200219_155228-750x1000.jpg 750w, http:\/\/www.yachttransfer.eu\/1703\/wp-content\/uploads\/2021\/11\/IMG_20200219_155228-scaled.jpg 1920w\" sizes=\"auto, (max-width: 225px) 100vw, 225px\" \/><\/p>\n<p><img loading=\"lazy\" decoding=\"async\" class=\"size-medium wp-image-939 alignleft\" src=\"http:\/\/www.yachttransfer.eu\/1703\/wp-content\/uploads\/2021\/11\/IMG_20210517_130909-225x300.jpg\" alt=\"\" width=\"225\" height=\"300\" srcset=\"http:\/\/www.yachttransfer.eu\/1703\/wp-content\/uploads\/2021\/11\/IMG_20210517_130909-225x300.jpg 225w, http:\/\/www.yachttransfer.eu\/1703\/wp-content\/uploads\/2021\/11\/IMG_20210517_130909-768x1024.jpg 768w, http:\/\/www.yachttransfer.eu\/1703\/wp-content\/uploads\/2021\/11\/IMG_20210517_130909-1152x1536.jpg 1152w, http:\/\/www.yachttransfer.eu\/1703\/wp-content\/uploads\/2021\/11\/IMG_20210517_130909-1536x2048.jpg 1536w, http:\/\/www.yachttransfer.eu\/1703\/wp-content\/uploads\/2021\/11\/IMG_20210517_130909-750x1000.jpg 750w, http:\/\/www.yachttransfer.eu\/1703\/wp-content\/uploads\/2021\/11\/IMG_20210517_130909-scaled.jpg 1920w\" sizes=\"auto, (max-width: 225px) 100vw, 225px\" \/><img loading=\"lazy\" decoding=\"async\" class=\" wp-image-940 alignright\" src=\"http:\/\/www.yachttransfer.eu\/1703\/wp-content\/uploads\/2021\/11\/IMG_20210519_180014-300x225.jpg\" alt=\"\" width=\"248\" height=\"186\" srcset=\"http:\/\/www.yachttransfer.eu\/1703\/wp-content\/uploads\/2021\/11\/IMG_20210519_180014-300x225.jpg 300w, http:\/\/www.yachttransfer.eu\/1703\/wp-content\/uploads\/2021\/11\/IMG_20210519_180014-1024x768.jpg 1024w, http:\/\/www.yachttransfer.eu\/1703\/wp-content\/uploads\/2021\/11\/IMG_20210519_180014-768x576.jpg 768w, http:\/\/www.yachttransfer.eu\/1703\/wp-content\/uploads\/2021\/11\/IMG_20210519_180014-1536x1152.jpg 1536w, http:\/\/www.yachttransfer.eu\/1703\/wp-content\/uploads\/2021\/11\/IMG_20210519_180014-2048x1536.jpg 2048w, http:\/\/www.yachttransfer.eu\/1703\/wp-content\/uploads\/2021\/11\/IMG_20210519_180014-750x563.jpg 750w\" sizes=\"auto, (max-width: 248px) 100vw, 248px\" \/><\/p>\n","protected":false},"excerpt":{"rendered":"<p>Sie wollen ein neues Revier kennenlernen, einmal Urlaub wo anders als beim Heimathafen verbringen? Wir \u00fcbernehmen die\u00a0 \u00dcberf\u00fchrung! Wenn sie wenig Zeit f\u00fcr die \u00dcberstellung haben, so machen wir das gerne f\u00fcr sie und bringen ihr Schiff danach auch wieder in den Heimathafen. Wir \u00fcberstellen ihre Yacht an alle Punkte in Europa und Mittelmeer.<\/p>\n","protected":false},"author":1,"featured_media":0,"parent":20,"menu_order":1,"comment_status":"closed","ping_status":"closed","template":"","meta":{"footnotes":""},"class_list":["post-935","page","type-page","status-publish","hentry","nodate","item-wrap"],"yoast_head":"<!-- This site is optimized with the Yoast SEO plugin v27.5 - https:\/\/yoast.com\/product\/yoast-seo-wordpress\/ -->\n<title>Ihr Yacht ins neue Revier! -<\/title>\n<meta name=\"description\" content=\"\u00dcberf\u00fchrung ihrer Yacht wenn ihre Zeit knapp ist. Auch f\u00fcr k\u00fcrzeren Urlaunsaufenthalte in einem neuen Revier und R\u00fcck\u00fcberstellung\" \/>\n<meta name=\"robots\" content=\"index, follow, max-snippet:-1, max-image-preview:large, max-video-preview:-1\" \/>\n<link rel=\"canonical\" href=\"http:\/\/www.yachttransfer.eu\/1703\/transfer-services\/ueberfuehrung\/\" \/>\n<meta property=\"og:locale\" content=\"de_DE\" \/>\n<meta property=\"og:type\" content=\"article\" \/>\n<meta property=\"og:title\" content=\"Ihr Yacht ins neue Revier! -\" \/>\n<meta property=\"og:description\" content=\"\u00dcberf\u00fchrung ihrer Yacht wenn ihre Zeit knapp ist. Auch f\u00fcr k\u00fcrzeren Urlaunsaufenthalte in einem neuen Revier und R\u00fcck\u00fcberstellung\" \/>\n<meta property=\"og:url\" content=\"http:\/\/www.yachttransfer.eu\/1703\/transfer-services\/ueberfuehrung\/\" \/>\n<meta property=\"article:modified_time\" content=\"2023-05-24T11:06:45+00:00\" \/>\n<meta property=\"og:image\" content=\"http:\/\/www.yachttransfer.eu\/1703\/wp-content\/uploads\/2021\/11\/IMG_20210512_163238_1-225x300.jpg\" \/>\n<meta name=\"twitter:card\" content=\"summary_large_image\" \/>\n<meta name=\"twitter:label1\" content=\"Gesch\u00e4tzte Lesezeit\" \/>\n\t<meta name=\"twitter:data1\" content=\"2\u00a0Minuten\" \/>\n<script type=\"application\/ld+json\" class=\"yoast-schema-graph\">{\"@context\":\"https:\\\/\\\/schema.org\",\"@graph\":[{\"@type\":\"WebPage\",\"@id\":\"http:\\\/\\\/www.yachttransfer.eu\\\/1703\\\/transfer-services\\\/ueberfuehrung\\\/\",\"url\":\"http:\\\/\\\/www.yachttransfer.eu\\\/1703\\\/transfer-services\\\/ueberfuehrung\\\/\",\"name\":\"Ihr Yacht ins neue Revier! -\",\"isPartOf\":{\"@id\":\"http:\\\/\\\/www.yachttransfer.eu\\\/1703\\\/#website\"},\"primaryImageOfPage\":{\"@id\":\"http:\\\/\\\/www.yachttransfer.eu\\\/1703\\\/transfer-services\\\/ueberfuehrung\\\/#primaryimage\"},\"image\":{\"@id\":\"http:\\\/\\\/www.yachttransfer.eu\\\/1703\\\/transfer-services\\\/ueberfuehrung\\\/#primaryimage\"},\"thumbnailUrl\":\"http:\\\/\\\/www.yachttransfer.eu\\\/1703\\\/wp-content\\\/uploads\\\/2021\\\/11\\\/IMG_20210512_163238_1-225x300.jpg\",\"datePublished\":\"2021-11-10T09:33:50+00:00\",\"dateModified\":\"2023-05-24T11:06:45+00:00\",\"description\":\"\u00dcberf\u00fchrung ihrer Yacht wenn ihre Zeit knapp ist. Auch f\u00fcr k\u00fcrzeren Urlaunsaufenthalte in einem neuen Revier und R\u00fcck\u00fcberstellung\",\"breadcrumb\":{\"@id\":\"http:\\\/\\\/www.yachttransfer.eu\\\/1703\\\/transfer-services\\\/ueberfuehrung\\\/#breadcrumb\"},\"inLanguage\":\"de\",\"potentialAction\":[{\"@type\":\"ReadAction\",\"target\":[\"http:\\\/\\\/www.yachttransfer.eu\\\/1703\\\/transfer-services\\\/ueberfuehrung\\\/\"]}]},{\"@type\":\"ImageObject\",\"inLanguage\":\"de\",\"@id\":\"http:\\\/\\\/www.yachttransfer.eu\\\/1703\\\/transfer-services\\\/ueberfuehrung\\\/#primaryimage\",\"url\":\"http:\\\/\\\/www.yachttransfer.eu\\\/1703\\\/wp-content\\\/uploads\\\/2021\\\/11\\\/IMG_20210512_163238_1-scaled.jpg\",\"contentUrl\":\"http:\\\/\\\/www.yachttransfer.eu\\\/1703\\\/wp-content\\\/uploads\\\/2021\\\/11\\\/IMG_20210512_163238_1-scaled.jpg\",\"width\":1920,\"height\":2560},{\"@type\":\"BreadcrumbList\",\"@id\":\"http:\\\/\\\/www.yachttransfer.eu\\\/1703\\\/transfer-services\\\/ueberfuehrung\\\/#breadcrumb\",\"itemListElement\":[{\"@type\":\"ListItem\",\"position\":1,\"name\":\"Startseite\",\"item\":\"http:\\\/\\\/www.yachttransfer.eu\\\/1703\\\/\"},{\"@type\":\"ListItem\",\"position\":2,\"name\":\"Transfer-Services\",\"item\":\"http:\\\/\\\/www.yachttransfer.eu\\\/1703\\\/transfer-services\\\/\"},{\"@type\":\"ListItem\",\"position\":3,\"name\":\"Ihr Yacht ins neue Revier!\"}]},{\"@type\":\"WebSite\",\"@id\":\"http:\\\/\\\/www.yachttransfer.eu\\\/1703\\\/#website\",\"url\":\"http:\\\/\\\/www.yachttransfer.eu\\\/1703\\\/\",\"name\":\"\",\"description\":\"\",\"potentialAction\":[{\"@type\":\"SearchAction\",\"target\":{\"@type\":\"EntryPoint\",\"urlTemplate\":\"http:\\\/\\\/www.yachttransfer.eu\\\/1703\\\/?s={search_term_string}\"},\"query-input\":{\"@type\":\"PropertyValueSpecification\",\"valueRequired\":true,\"valueName\":\"search_term_string\"}}],\"inLanguage\":\"de\"}]}<\/script>\n<!-- \/ Yoast SEO plugin. -->","yoast_head_json":{"title":"Ihr Yacht ins neue Revier! -","description":"\u00dcberf\u00fchrung ihrer Yacht wenn ihre Zeit knapp ist. Auch f\u00fcr k\u00fcrzeren Urlaunsaufenthalte in einem neuen Revier und R\u00fcck\u00fcberstellung","robots":{"index":"index","follow":"follow","max-snippet":"max-snippet:-1","max-image-preview":"max-image-preview:large","max-video-preview":"max-video-preview:-1"},"canonical":"http:\/\/www.yachttransfer.eu\/1703\/transfer-services\/ueberfuehrung\/","og_locale":"de_DE","og_type":"article","og_title":"Ihr Yacht ins neue Revier! -","og_description":"\u00dcberf\u00fchrung ihrer Yacht wenn ihre Zeit knapp ist. Auch f\u00fcr k\u00fcrzeren Urlaunsaufenthalte in einem neuen Revier und R\u00fcck\u00fcberstellung","og_url":"http:\/\/www.yachttransfer.eu\/1703\/transfer-services\/ueberfuehrung\/","article_modified_time":"2023-05-24T11:06:45+00:00","og_image":[{"url":"http:\/\/www.yachttransfer.eu\/1703\/wp-content\/uploads\/2021\/11\/IMG_20210512_163238_1-225x300.jpg","type":"","width":"","height":""}],"twitter_card":"summary_large_image","twitter_misc":{"Gesch\u00e4tzte Lesezeit":"2\u00a0Minuten"},"schema":{"@context":"https:\/\/schema.org","@graph":[{"@type":"WebPage","@id":"http:\/\/www.yachttransfer.eu\/1703\/transfer-services\/ueberfuehrung\/","url":"http:\/\/www.yachttransfer.eu\/1703\/transfer-services\/ueberfuehrung\/","name":"Ihr Yacht ins neue Revier! -","isPartOf":{"@id":"http:\/\/www.yachttransfer.eu\/1703\/#website"},"primaryImageOfPage":{"@id":"http:\/\/www.yachttransfer.eu\/1703\/transfer-services\/ueberfuehrung\/#primaryimage"},"image":{"@id":"http:\/\/www.yachttransfer.eu\/1703\/transfer-services\/ueberfuehrung\/#primaryimage"},"thumbnailUrl":"http:\/\/www.yachttransfer.eu\/1703\/wp-content\/uploads\/2021\/11\/IMG_20210512_163238_1-225x300.jpg","datePublished":"2021-11-10T09:33:50+00:00","dateModified":"2023-05-24T11:06:45+00:00","description":"\u00dcberf\u00fchrung ihrer Yacht wenn ihre Zeit knapp ist. Auch f\u00fcr k\u00fcrzeren Urlaunsaufenthalte in einem neuen Revier und R\u00fcck\u00fcberstellung","breadcrumb":{"@id":"http:\/\/www.yachttransfer.eu\/1703\/transfer-services\/ueberfuehrung\/#breadcrumb"},"inLanguage":"de","potentialAction":[{"@type":"ReadAction","target":["http:\/\/www.yachttransfer.eu\/1703\/transfer-services\/ueberfuehrung\/"]}]},{"@type":"ImageObject","inLanguage":"de","@id":"http:\/\/www.yachttransfer.eu\/1703\/transfer-services\/ueberfuehrung\/#primaryimage","url":"http:\/\/www.yachttransfer.eu\/1703\/wp-content\/uploads\/2021\/11\/IMG_20210512_163238_1-scaled.jpg","contentUrl":"http:\/\/www.yachttransfer.eu\/1703\/wp-content\/uploads\/2021\/11\/IMG_20210512_163238_1-scaled.jpg","width":1920,"height":2560},{"@type":"BreadcrumbList","@id":"http:\/\/www.yachttransfer.eu\/1703\/transfer-services\/ueberfuehrung\/#breadcrumb","itemListElement":[{"@type":"ListItem","position":1,"name":"Startseite","item":"http:\/\/www.yachttransfer.eu\/1703\/"},{"@type":"ListItem","position":2,"name":"Transfer-Services","item":"http:\/\/www.yachttransfer.eu\/1703\/transfer-services\/"},{"@type":"ListItem","position":3,"name":"Ihr Yacht ins neue Revier!"}]},{"@type":"WebSite","@id":"http:\/\/www.yachttransfer.eu\/1703\/#website","url":"http:\/\/www.yachttransfer.eu\/1703\/","name":"","description":"","potentialAction":[{"@type":"SearchAction","target":{"@type":"EntryPoint","urlTemplate":"http:\/\/www.yachttransfer.eu\/1703\/?s={search_term_string}"},"query-input":{"@type":"PropertyValueSpecification","valueRequired":true,"valueName":"search_term_string"}}],"inLanguage":"de"}]}},"_links":{"self":[{"href":"http:\/\/www.yachttransfer.eu\/1703\/wp-json\/wp\/v2\/pages\/935","targetHints":{"allow":["GET"]}}],"collection":[{"href":"http:\/\/www.yachttransfer.eu\/1703\/wp-json\/wp\/v2\/pages"}],"about":[{"href":"http:\/\/www.yachttransfer.eu\/1703\/wp-json\/wp\/v2\/types\/page"}],"author":[{"embeddable":true,"href":"http:\/\/www.yachttransfer.eu\/1703\/wp-json\/wp\/v2\/users\/1"}],"replies":[{"embeddable":true,"href":"http:\/\/www.yachttransfer.eu\/1703\/wp-json\/wp\/v2\/comments?post=935"}],"version-history":[{"count":7,"href":"http:\/\/www.yachttransfer.eu\/1703\/wp-json\/wp\/v2\/pages\/935\/revisions"}],"predecessor-version":[{"id":993,"href":"http:\/\/www.yachttransfer.eu\/1703\/wp-json\/wp\/v2\/pages\/935\/revisions\/993"}],"up":[{"embeddable":true,"href":"http:\/\/www.yachttransfer.eu\/1703\/wp-json\/wp\/v2\/pages\/20"}],"wp:attachment":[{"href":"http:\/\/www.yachttransfer.eu\/1703\/wp-json\/wp\/v2\/media?parent=935"}],"curies":[{"name":"wp","href":"https:\/\/api.w.org\/{rel}","templated":true}]}}