{"id":753,"date":"2019-12-02T21:56:02","date_gmt":"2019-12-02T20:56:02","guid":{"rendered":"http:\/\/www.yachttransfer.eu\/1703\/?page_id=753"},"modified":"2021-06-29T16:43:37","modified_gmt":"2021-06-29T14:43:37","slug":"paul","status":"publish","type":"page","link":"http:\/\/www.yachttransfer.eu\/1703\/skipperteam\/ueberstellung\/paul\/","title":{"rendered":"Paul"},"content":{"rendered":"<p><img loading=\"lazy\" decoding=\"async\" class=\" wp-image-741 alignright\" src=\"http:\/\/www.yachttransfer.eu\/1703\/wp-content\/uploads\/2019\/12\/AO6Z2069-209x300.jpg\" alt=\"\" width=\"169\" height=\"243\" srcset=\"http:\/\/www.yachttransfer.eu\/1703\/wp-content\/uploads\/2019\/12\/AO6Z2069-209x300.jpg 209w, http:\/\/www.yachttransfer.eu\/1703\/wp-content\/uploads\/2019\/12\/AO6Z2069.jpg 375w\" sizes=\"auto, (max-width: 169px) 100vw, 169px\" \/>Pauls beruflicher Hintergrund liegt in der Musik. Wahrscheinlich ist das der Grund warum seine Man\u00f6ver immer so elegant und gef\u00fchlvoll wie das Streichen des Geigenbogens \u00fcber die Saiten\u00a0 gelingen. Dass er immer gut gelaunt ist, ist bei l\u00e4ngeren \u00dcberfahrten besonders gut f\u00fcr die Stimmung an Bord.<\/p>\n<p><strong>Erfahrung und Berechtigung<br \/>\n&#8211; <\/strong>FB3 f\u00fcr Segel und Motor<br \/>\n&#8211; IC Wasserstrassen\u00a0 Motor\u00a0 20m\u00a0 L\u00dcA<br \/>\n&#8211; SRC<\/p>\n<p>ca. 5.000 Meilen, Atlantik\u00fcberquerung<br \/>\nTransfers:<br \/>\n&#8211; Malta &#8211; Lignano<br \/>\n&#8211; Catania &#8211; Lignano<\/p>\n","protected":false},"excerpt":{"rendered":"<p>Pauls beruflicher Hintergrund liegt in der Musik. Wahrscheinlich ist das der Grund warum seine Man\u00f6ver immer so elegant und gef\u00fchlvoll wie das Streichen des Geigenbogens \u00fcber die Saiten\u00a0 gelingen. Dass er immer gut gelaunt ist, ist bei l\u00e4ngeren \u00dcberfahrten besonders gut f\u00fcr die Stimmung an Bord. Erfahrung und Berechtigung &#8211; FB3 f\u00fcr Segel und Motor &hellip; <\/p>\n<p><a class=\"more-link btn\" href=\"http:\/\/www.yachttransfer.eu\/1703\/skipperteam\/ueberstellung\/paul\/\">Weiterlesen<\/a><\/p>\n","protected":false},"author":1,"featured_media":0,"parent":128,"menu_order":8,"comment_status":"closed","ping_status":"closed","template":"","meta":{"footnotes":""},"class_list":["post-753","page","type-page","status-publish","hentry","nodate","item-wrap"],"yoast_head":"<!-- This site is optimized with the Yoast SEO plugin v27.5 - https:\/\/yoast.com\/product\/yoast-seo-wordpress\/ -->\n<title>Paul -<\/title>\n<meta name=\"robots\" content=\"index, follow, max-snippet:-1, max-image-preview:large, max-video-preview:-1\" \/>\n<link rel=\"canonical\" href=\"http:\/\/www.yachttransfer.eu\/1703\/skipperteam\/ueberstellung\/paul\/\" \/>\n<meta property=\"og:locale\" content=\"de_DE\" \/>\n<meta property=\"og:type\" content=\"article\" \/>\n<meta property=\"og:title\" content=\"Paul -\" \/>\n<meta property=\"og:description\" content=\"Pauls beruflicher Hintergrund liegt in der Musik. Wahrscheinlich ist das der Grund warum seine Man\u00f6ver immer so elegant und gef\u00fchlvoll wie das Streichen des Geigenbogens \u00fcber die Saiten\u00a0 gelingen. Dass er immer gut gelaunt ist, ist bei l\u00e4ngeren \u00dcberfahrten besonders gut f\u00fcr die Stimmung an Bord. Erfahrung und Berechtigung &#8211; FB3 f\u00fcr Segel und Motor &hellip; Weiterlesen\" \/>\n<meta property=\"og:url\" content=\"http:\/\/www.yachttransfer.eu\/1703\/skipperteam\/ueberstellung\/paul\/\" \/>\n<meta property=\"article:modified_time\" content=\"2021-06-29T14:43:37+00:00\" \/>\n<meta property=\"og:image\" content=\"http:\/\/www.yachttransfer.eu\/1703\/wp-content\/uploads\/2019\/12\/AO6Z2069-209x300.jpg\" \/>\n<meta name=\"twitter:card\" content=\"summary_large_image\" \/>\n<meta name=\"twitter:label1\" content=\"Gesch\u00e4tzte Lesezeit\" \/>\n\t<meta name=\"twitter:data1\" content=\"1\u00a0Minute\" \/>\n<script type=\"application\/ld+json\" class=\"yoast-schema-graph\">{\"@context\":\"https:\\\/\\\/schema.org\",\"@graph\":[{\"@type\":\"WebPage\",\"@id\":\"http:\\\/\\\/www.yachttransfer.eu\\\/1703\\\/skipperteam\\\/ueberstellung\\\/paul\\\/\",\"url\":\"http:\\\/\\\/www.yachttransfer.eu\\\/1703\\\/skipperteam\\\/ueberstellung\\\/paul\\\/\",\"name\":\"Paul -\",\"isPartOf\":{\"@id\":\"http:\\\/\\\/www.yachttransfer.eu\\\/1703\\\/#website\"},\"primaryImageOfPage\":{\"@id\":\"http:\\\/\\\/www.yachttransfer.eu\\\/1703\\\/skipperteam\\\/ueberstellung\\\/paul\\\/#primaryimage\"},\"image\":{\"@id\":\"http:\\\/\\\/www.yachttransfer.eu\\\/1703\\\/skipperteam\\\/ueberstellung\\\/paul\\\/#primaryimage\"},\"thumbnailUrl\":\"http:\\\/\\\/www.yachttransfer.eu\\\/1703\\\/wp-content\\\/uploads\\\/2019\\\/12\\\/AO6Z2069-209x300.jpg\",\"datePublished\":\"2019-12-02T20:56:02+00:00\",\"dateModified\":\"2021-06-29T14:43:37+00:00\",\"breadcrumb\":{\"@id\":\"http:\\\/\\\/www.yachttransfer.eu\\\/1703\\\/skipperteam\\\/ueberstellung\\\/paul\\\/#breadcrumb\"},\"inLanguage\":\"de\",\"potentialAction\":[{\"@type\":\"ReadAction\",\"target\":[\"http:\\\/\\\/www.yachttransfer.eu\\\/1703\\\/skipperteam\\\/ueberstellung\\\/paul\\\/\"]}]},{\"@type\":\"ImageObject\",\"inLanguage\":\"de\",\"@id\":\"http:\\\/\\\/www.yachttransfer.eu\\\/1703\\\/skipperteam\\\/ueberstellung\\\/paul\\\/#primaryimage\",\"url\":\"http:\\\/\\\/www.yachttransfer.eu\\\/1703\\\/wp-content\\\/uploads\\\/2019\\\/12\\\/AO6Z2069.jpg\",\"contentUrl\":\"http:\\\/\\\/www.yachttransfer.eu\\\/1703\\\/wp-content\\\/uploads\\\/2019\\\/12\\\/AO6Z2069.jpg\",\"width\":375,\"height\":539},{\"@type\":\"BreadcrumbList\",\"@id\":\"http:\\\/\\\/www.yachttransfer.eu\\\/1703\\\/skipperteam\\\/ueberstellung\\\/paul\\\/#breadcrumb\",\"itemListElement\":[{\"@type\":\"ListItem\",\"position\":1,\"name\":\"Startseite\",\"item\":\"http:\\\/\\\/www.yachttransfer.eu\\\/1703\\\/\"},{\"@type\":\"ListItem\",\"position\":2,\"name\":\"\u00dcber uns\",\"item\":\"http:\\\/\\\/www.yachttransfer.eu\\\/1703\\\/skipperteam\\\/\"},{\"@type\":\"ListItem\",\"position\":3,\"name\":\"Das Team\",\"item\":\"http:\\\/\\\/www.yachttransfer.eu\\\/1703\\\/skipperteam\\\/ueberstellung\\\/\"},{\"@type\":\"ListItem\",\"position\":4,\"name\":\"Paul\"}]},{\"@type\":\"WebSite\",\"@id\":\"http:\\\/\\\/www.yachttransfer.eu\\\/1703\\\/#website\",\"url\":\"http:\\\/\\\/www.yachttransfer.eu\\\/1703\\\/\",\"name\":\"\",\"description\":\"\",\"potentialAction\":[{\"@type\":\"SearchAction\",\"target\":{\"@type\":\"EntryPoint\",\"urlTemplate\":\"http:\\\/\\\/www.yachttransfer.eu\\\/1703\\\/?s={search_term_string}\"},\"query-input\":{\"@type\":\"PropertyValueSpecification\",\"valueRequired\":true,\"valueName\":\"search_term_string\"}}],\"inLanguage\":\"de\"}]}<\/script>\n<!-- \/ Yoast SEO plugin. -->","yoast_head_json":{"title":"Paul -","robots":{"index":"index","follow":"follow","max-snippet":"max-snippet:-1","max-image-preview":"max-image-preview:large","max-video-preview":"max-video-preview:-1"},"canonical":"http:\/\/www.yachttransfer.eu\/1703\/skipperteam\/ueberstellung\/paul\/","og_locale":"de_DE","og_type":"article","og_title":"Paul -","og_description":"Pauls beruflicher Hintergrund liegt in der Musik. Wahrscheinlich ist das der Grund warum seine Man\u00f6ver immer so elegant und gef\u00fchlvoll wie das Streichen des Geigenbogens \u00fcber die Saiten\u00a0 gelingen. Dass er immer gut gelaunt ist, ist bei l\u00e4ngeren \u00dcberfahrten besonders gut f\u00fcr die Stimmung an Bord. Erfahrung und Berechtigung &#8211; FB3 f\u00fcr Segel und Motor &hellip; Weiterlesen","og_url":"http:\/\/www.yachttransfer.eu\/1703\/skipperteam\/ueberstellung\/paul\/","article_modified_time":"2021-06-29T14:43:37+00:00","og_image":[{"url":"http:\/\/www.yachttransfer.eu\/1703\/wp-content\/uploads\/2019\/12\/AO6Z2069-209x300.jpg","type":"","width":"","height":""}],"twitter_card":"summary_large_image","twitter_misc":{"Gesch\u00e4tzte Lesezeit":"1\u00a0Minute"},"schema":{"@context":"https:\/\/schema.org","@graph":[{"@type":"WebPage","@id":"http:\/\/www.yachttransfer.eu\/1703\/skipperteam\/ueberstellung\/paul\/","url":"http:\/\/www.yachttransfer.eu\/1703\/skipperteam\/ueberstellung\/paul\/","name":"Paul -","isPartOf":{"@id":"http:\/\/www.yachttransfer.eu\/1703\/#website"},"primaryImageOfPage":{"@id":"http:\/\/www.yachttransfer.eu\/1703\/skipperteam\/ueberstellung\/paul\/#primaryimage"},"image":{"@id":"http:\/\/www.yachttransfer.eu\/1703\/skipperteam\/ueberstellung\/paul\/#primaryimage"},"thumbnailUrl":"http:\/\/www.yachttransfer.eu\/1703\/wp-content\/uploads\/2019\/12\/AO6Z2069-209x300.jpg","datePublished":"2019-12-02T20:56:02+00:00","dateModified":"2021-06-29T14:43:37+00:00","breadcrumb":{"@id":"http:\/\/www.yachttransfer.eu\/1703\/skipperteam\/ueberstellung\/paul\/#breadcrumb"},"inLanguage":"de","potentialAction":[{"@type":"ReadAction","target":["http:\/\/www.yachttransfer.eu\/1703\/skipperteam\/ueberstellung\/paul\/"]}]},{"@type":"ImageObject","inLanguage":"de","@id":"http:\/\/www.yachttransfer.eu\/1703\/skipperteam\/ueberstellung\/paul\/#primaryimage","url":"http:\/\/www.yachttransfer.eu\/1703\/wp-content\/uploads\/2019\/12\/AO6Z2069.jpg","contentUrl":"http:\/\/www.yachttransfer.eu\/1703\/wp-content\/uploads\/2019\/12\/AO6Z2069.jpg","width":375,"height":539},{"@type":"BreadcrumbList","@id":"http:\/\/www.yachttransfer.eu\/1703\/skipperteam\/ueberstellung\/paul\/#breadcrumb","itemListElement":[{"@type":"ListItem","position":1,"name":"Startseite","item":"http:\/\/www.yachttransfer.eu\/1703\/"},{"@type":"ListItem","position":2,"name":"\u00dcber uns","item":"http:\/\/www.yachttransfer.eu\/1703\/skipperteam\/"},{"@type":"ListItem","position":3,"name":"Das Team","item":"http:\/\/www.yachttransfer.eu\/1703\/skipperteam\/ueberstellung\/"},{"@type":"ListItem","position":4,"name":"Paul"}]},{"@type":"WebSite","@id":"http:\/\/www.yachttransfer.eu\/1703\/#website","url":"http:\/\/www.yachttransfer.eu\/1703\/","name":"","description":"","potentialAction":[{"@type":"SearchAction","target":{"@type":"EntryPoint","urlTemplate":"http:\/\/www.yachttransfer.eu\/1703\/?s={search_term_string}"},"query-input":{"@type":"PropertyValueSpecification","valueRequired":true,"valueName":"search_term_string"}}],"inLanguage":"de"}]}},"_links":{"self":[{"href":"http:\/\/www.yachttransfer.eu\/1703\/wp-json\/wp\/v2\/pages\/753","targetHints":{"allow":["GET"]}}],"collection":[{"href":"http:\/\/www.yachttransfer.eu\/1703\/wp-json\/wp\/v2\/pages"}],"about":[{"href":"http:\/\/www.yachttransfer.eu\/1703\/wp-json\/wp\/v2\/types\/page"}],"author":[{"embeddable":true,"href":"http:\/\/www.yachttransfer.eu\/1703\/wp-json\/wp\/v2\/users\/1"}],"replies":[{"embeddable":true,"href":"http:\/\/www.yachttransfer.eu\/1703\/wp-json\/wp\/v2\/comments?post=753"}],"version-history":[{"count":4,"href":"http:\/\/www.yachttransfer.eu\/1703\/wp-json\/wp\/v2\/pages\/753\/revisions"}],"predecessor-version":[{"id":908,"href":"http:\/\/www.yachttransfer.eu\/1703\/wp-json\/wp\/v2\/pages\/753\/revisions\/908"}],"up":[{"embeddable":true,"href":"http:\/\/www.yachttransfer.eu\/1703\/wp-json\/wp\/v2\/pages\/128"}],"wp:attachment":[{"href":"http:\/\/www.yachttransfer.eu\/1703\/wp-json\/wp\/v2\/media?parent=753"}],"curies":[{"name":"wp","href":"https:\/\/api.w.org\/{rel}","templated":true}]}}