{"id":745,"date":"2019-12-02T21:40:31","date_gmt":"2019-12-02T20:40:31","guid":{"rendered":"http:\/\/www.yachttransfer.eu\/1703\/?page_id=745"},"modified":"2019-12-03T21:58:33","modified_gmt":"2019-12-03T20:58:33","slug":"patrik","status":"publish","type":"page","link":"http:\/\/www.yachttransfer.eu\/1703\/skipperteam\/ueberstellung\/patrik\/","title":{"rendered":"Patrick"},"content":{"rendered":"<p><img loading=\"lazy\" decoding=\"async\" class=\" wp-image-746 alignright\" src=\"http:\/\/www.yachttransfer.eu\/1703\/wp-content\/uploads\/2019\/12\/New-Picture-3.png\" alt=\"\" width=\"245\" height=\"244\" srcset=\"http:\/\/www.yachttransfer.eu\/1703\/wp-content\/uploads\/2019\/12\/New-Picture-3.png 297w, http:\/\/www.yachttransfer.eu\/1703\/wp-content\/uploads\/2019\/12\/New-Picture-3-150x150.png 150w\" sizes=\"auto, (max-width: 245px) 100vw, 245px\" \/>Patrick ist einer unserer Experten f\u00fcr Motoryachten. Als Ausbildungsleiter des YCA f\u00fcr Motoryachten bis 20m ist er mit allen Wassern gewaschen und gibt sein Wissen und K\u00f6nnen gerne an Interessierte weiter.<\/p>\n<p><strong>Erfahrung und Berechtigung<br \/>\n<\/strong>&#8211; YCA Ausbildungsleiter Motoryacht Theorie &amp; Praxis-<br \/>\n&#8211; BFA Binnen<br \/>\n&#8211; FB3 Segel &amp; Motor + IC<br \/>\n&#8211; Schiffsf\u00fchrerpatent Motor 20m Binnen + IC<br \/>\n&#8211; SRC \/ UBI<\/p>\n<p>&#8211; 2 400nm \/ davon ca. 800nm als Skipper<\/p>\n<p>&nbsp;<\/p>\n<p><strong>Professional Background<br \/>\n<\/strong>Research and Development Engineer<\/p>\n","protected":false},"excerpt":{"rendered":"<p>Patrick ist einer unserer Experten f\u00fcr Motoryachten. Als Ausbildungsleiter des YCA f\u00fcr Motoryachten bis 20m ist er mit allen Wassern gewaschen und gibt sein Wissen und K\u00f6nnen gerne an Interessierte weiter. Erfahrung und Berechtigung &#8211; YCA Ausbildungsleiter Motoryacht Theorie &amp; Praxis- &#8211; BFA Binnen &#8211; FB3 Segel &amp; Motor + IC &#8211; Schiffsf\u00fchrerpatent Motor 20m &hellip; <\/p>\n<p><a class=\"more-link btn\" href=\"http:\/\/www.yachttransfer.eu\/1703\/skipperteam\/ueberstellung\/patrik\/\">Weiterlesen<\/a><\/p>\n","protected":false},"author":1,"featured_media":0,"parent":128,"menu_order":6,"comment_status":"closed","ping_status":"closed","template":"","meta":{"footnotes":""},"class_list":["post-745","page","type-page","status-publish","hentry","nodate","item-wrap"],"yoast_head":"<!-- This site is optimized with the Yoast SEO plugin v27.6 - https:\/\/yoast.com\/product\/yoast-seo-wordpress\/ -->\n<title>Patrick -<\/title>\n<meta name=\"robots\" content=\"index, follow, max-snippet:-1, max-image-preview:large, max-video-preview:-1\" \/>\n<link rel=\"canonical\" href=\"http:\/\/www.yachttransfer.eu\/1703\/skipperteam\/ueberstellung\/patrik\/\" \/>\n<meta property=\"og:locale\" content=\"de_DE\" \/>\n<meta property=\"og:type\" content=\"article\" \/>\n<meta property=\"og:title\" content=\"Patrick -\" \/>\n<meta property=\"og:description\" content=\"Patrick ist einer unserer Experten f\u00fcr Motoryachten. Als Ausbildungsleiter des YCA f\u00fcr Motoryachten bis 20m ist er mit allen Wassern gewaschen und gibt sein Wissen und K\u00f6nnen gerne an Interessierte weiter. Erfahrung und Berechtigung &#8211; YCA Ausbildungsleiter Motoryacht Theorie &amp; Praxis- &#8211; BFA Binnen &#8211; FB3 Segel &amp; Motor + IC &#8211; Schiffsf\u00fchrerpatent Motor 20m &hellip; Weiterlesen\" \/>\n<meta property=\"og:url\" content=\"http:\/\/www.yachttransfer.eu\/1703\/skipperteam\/ueberstellung\/patrik\/\" \/>\n<meta property=\"article:modified_time\" content=\"2019-12-03T20:58:33+00:00\" \/>\n<meta property=\"og:image\" content=\"http:\/\/www.yachttransfer.eu\/1703\/wp-content\/uploads\/2019\/12\/New-Picture-3.png\" \/>\n<meta name=\"twitter:card\" content=\"summary_large_image\" \/>\n<script type=\"application\/ld+json\" class=\"yoast-schema-graph\">{\"@context\":\"https:\\\/\\\/schema.org\",\"@graph\":[{\"@type\":\"WebPage\",\"@id\":\"http:\\\/\\\/www.yachttransfer.eu\\\/1703\\\/skipperteam\\\/ueberstellung\\\/patrik\\\/\",\"url\":\"http:\\\/\\\/www.yachttransfer.eu\\\/1703\\\/skipperteam\\\/ueberstellung\\\/patrik\\\/\",\"name\":\"Patrick -\",\"isPartOf\":{\"@id\":\"http:\\\/\\\/www.yachttransfer.eu\\\/1703\\\/#website\"},\"primaryImageOfPage\":{\"@id\":\"http:\\\/\\\/www.yachttransfer.eu\\\/1703\\\/skipperteam\\\/ueberstellung\\\/patrik\\\/#primaryimage\"},\"image\":{\"@id\":\"http:\\\/\\\/www.yachttransfer.eu\\\/1703\\\/skipperteam\\\/ueberstellung\\\/patrik\\\/#primaryimage\"},\"thumbnailUrl\":\"http:\\\/\\\/www.yachttransfer.eu\\\/1703\\\/wp-content\\\/uploads\\\/2019\\\/12\\\/New-Picture-3.png\",\"datePublished\":\"2019-12-02T20:40:31+00:00\",\"dateModified\":\"2019-12-03T20:58:33+00:00\",\"breadcrumb\":{\"@id\":\"http:\\\/\\\/www.yachttransfer.eu\\\/1703\\\/skipperteam\\\/ueberstellung\\\/patrik\\\/#breadcrumb\"},\"inLanguage\":\"de\",\"potentialAction\":[{\"@type\":\"ReadAction\",\"target\":[\"http:\\\/\\\/www.yachttransfer.eu\\\/1703\\\/skipperteam\\\/ueberstellung\\\/patrik\\\/\"]}]},{\"@type\":\"ImageObject\",\"inLanguage\":\"de\",\"@id\":\"http:\\\/\\\/www.yachttransfer.eu\\\/1703\\\/skipperteam\\\/ueberstellung\\\/patrik\\\/#primaryimage\",\"url\":\"http:\\\/\\\/www.yachttransfer.eu\\\/1703\\\/wp-content\\\/uploads\\\/2019\\\/12\\\/New-Picture-3.png\",\"contentUrl\":\"http:\\\/\\\/www.yachttransfer.eu\\\/1703\\\/wp-content\\\/uploads\\\/2019\\\/12\\\/New-Picture-3.png\",\"width\":297,\"height\":296},{\"@type\":\"BreadcrumbList\",\"@id\":\"http:\\\/\\\/www.yachttransfer.eu\\\/1703\\\/skipperteam\\\/ueberstellung\\\/patrik\\\/#breadcrumb\",\"itemListElement\":[{\"@type\":\"ListItem\",\"position\":1,\"name\":\"Startseite\",\"item\":\"http:\\\/\\\/www.yachttransfer.eu\\\/1703\\\/\"},{\"@type\":\"ListItem\",\"position\":2,\"name\":\"\u00dcber uns\",\"item\":\"http:\\\/\\\/www.yachttransfer.eu\\\/1703\\\/skipperteam\\\/\"},{\"@type\":\"ListItem\",\"position\":3,\"name\":\"Das Team\",\"item\":\"https:\\\/\\\/www.yachttransfer.eu\\\/1703\\\/skipperteam\\\/ueberstellung\\\/\"},{\"@type\":\"ListItem\",\"position\":4,\"name\":\"Patrick\"}]},{\"@type\":\"WebSite\",\"@id\":\"http:\\\/\\\/www.yachttransfer.eu\\\/1703\\\/#website\",\"url\":\"http:\\\/\\\/www.yachttransfer.eu\\\/1703\\\/\",\"name\":\"\",\"description\":\"\",\"potentialAction\":[{\"@type\":\"SearchAction\",\"target\":{\"@type\":\"EntryPoint\",\"urlTemplate\":\"http:\\\/\\\/www.yachttransfer.eu\\\/1703\\\/?s={search_term_string}\"},\"query-input\":{\"@type\":\"PropertyValueSpecification\",\"valueRequired\":true,\"valueName\":\"search_term_string\"}}],\"inLanguage\":\"de\"}]}<\/script>\n<!-- \/ Yoast SEO plugin. -->","yoast_head_json":{"title":"Patrick -","robots":{"index":"index","follow":"follow","max-snippet":"max-snippet:-1","max-image-preview":"max-image-preview:large","max-video-preview":"max-video-preview:-1"},"canonical":"http:\/\/www.yachttransfer.eu\/1703\/skipperteam\/ueberstellung\/patrik\/","og_locale":"de_DE","og_type":"article","og_title":"Patrick -","og_description":"Patrick ist einer unserer Experten f\u00fcr Motoryachten. Als Ausbildungsleiter des YCA f\u00fcr Motoryachten bis 20m ist er mit allen Wassern gewaschen und gibt sein Wissen und K\u00f6nnen gerne an Interessierte weiter. Erfahrung und Berechtigung &#8211; YCA Ausbildungsleiter Motoryacht Theorie &amp; Praxis- &#8211; BFA Binnen &#8211; FB3 Segel &amp; Motor + IC &#8211; Schiffsf\u00fchrerpatent Motor 20m &hellip; Weiterlesen","og_url":"http:\/\/www.yachttransfer.eu\/1703\/skipperteam\/ueberstellung\/patrik\/","article_modified_time":"2019-12-03T20:58:33+00:00","og_image":[{"url":"http:\/\/www.yachttransfer.eu\/1703\/wp-content\/uploads\/2019\/12\/New-Picture-3.png","type":"","width":"","height":""}],"twitter_card":"summary_large_image","schema":{"@context":"https:\/\/schema.org","@graph":[{"@type":"WebPage","@id":"http:\/\/www.yachttransfer.eu\/1703\/skipperteam\/ueberstellung\/patrik\/","url":"http:\/\/www.yachttransfer.eu\/1703\/skipperteam\/ueberstellung\/patrik\/","name":"Patrick -","isPartOf":{"@id":"http:\/\/www.yachttransfer.eu\/1703\/#website"},"primaryImageOfPage":{"@id":"http:\/\/www.yachttransfer.eu\/1703\/skipperteam\/ueberstellung\/patrik\/#primaryimage"},"image":{"@id":"http:\/\/www.yachttransfer.eu\/1703\/skipperteam\/ueberstellung\/patrik\/#primaryimage"},"thumbnailUrl":"http:\/\/www.yachttransfer.eu\/1703\/wp-content\/uploads\/2019\/12\/New-Picture-3.png","datePublished":"2019-12-02T20:40:31+00:00","dateModified":"2019-12-03T20:58:33+00:00","breadcrumb":{"@id":"http:\/\/www.yachttransfer.eu\/1703\/skipperteam\/ueberstellung\/patrik\/#breadcrumb"},"inLanguage":"de","potentialAction":[{"@type":"ReadAction","target":["http:\/\/www.yachttransfer.eu\/1703\/skipperteam\/ueberstellung\/patrik\/"]}]},{"@type":"ImageObject","inLanguage":"de","@id":"http:\/\/www.yachttransfer.eu\/1703\/skipperteam\/ueberstellung\/patrik\/#primaryimage","url":"http:\/\/www.yachttransfer.eu\/1703\/wp-content\/uploads\/2019\/12\/New-Picture-3.png","contentUrl":"http:\/\/www.yachttransfer.eu\/1703\/wp-content\/uploads\/2019\/12\/New-Picture-3.png","width":297,"height":296},{"@type":"BreadcrumbList","@id":"http:\/\/www.yachttransfer.eu\/1703\/skipperteam\/ueberstellung\/patrik\/#breadcrumb","itemListElement":[{"@type":"ListItem","position":1,"name":"Startseite","item":"http:\/\/www.yachttransfer.eu\/1703\/"},{"@type":"ListItem","position":2,"name":"\u00dcber uns","item":"http:\/\/www.yachttransfer.eu\/1703\/skipperteam\/"},{"@type":"ListItem","position":3,"name":"Das Team","item":"https:\/\/www.yachttransfer.eu\/1703\/skipperteam\/ueberstellung\/"},{"@type":"ListItem","position":4,"name":"Patrick"}]},{"@type":"WebSite","@id":"http:\/\/www.yachttransfer.eu\/1703\/#website","url":"http:\/\/www.yachttransfer.eu\/1703\/","name":"","description":"","potentialAction":[{"@type":"SearchAction","target":{"@type":"EntryPoint","urlTemplate":"http:\/\/www.yachttransfer.eu\/1703\/?s={search_term_string}"},"query-input":{"@type":"PropertyValueSpecification","valueRequired":true,"valueName":"search_term_string"}}],"inLanguage":"de"}]}},"_links":{"self":[{"href":"http:\/\/www.yachttransfer.eu\/1703\/wp-json\/wp\/v2\/pages\/745","targetHints":{"allow":["GET"]}}],"collection":[{"href":"http:\/\/www.yachttransfer.eu\/1703\/wp-json\/wp\/v2\/pages"}],"about":[{"href":"http:\/\/www.yachttransfer.eu\/1703\/wp-json\/wp\/v2\/types\/page"}],"author":[{"embeddable":true,"href":"http:\/\/www.yachttransfer.eu\/1703\/wp-json\/wp\/v2\/users\/1"}],"replies":[{"embeddable":true,"href":"http:\/\/www.yachttransfer.eu\/1703\/wp-json\/wp\/v2\/comments?post=745"}],"version-history":[{"count":2,"href":"http:\/\/www.yachttransfer.eu\/1703\/wp-json\/wp\/v2\/pages\/745\/revisions"}],"predecessor-version":[{"id":761,"href":"http:\/\/www.yachttransfer.eu\/1703\/wp-json\/wp\/v2\/pages\/745\/revisions\/761"}],"up":[{"embeddable":true,"href":"http:\/\/www.yachttransfer.eu\/1703\/wp-json\/wp\/v2\/pages\/128"}],"wp:attachment":[{"href":"http:\/\/www.yachttransfer.eu\/1703\/wp-json\/wp\/v2\/media?parent=745"}],"curies":[{"name":"wp","href":"https:\/\/api.w.org\/{rel}","templated":true}]}}