{"id":594,"date":"2018-11-06T10:24:45","date_gmt":"2018-11-06T09:24:45","guid":{"rendered":"http:\/\/www.yachttransfer.eu\/1703\/?page_id=594"},"modified":"2018-11-06T10:26:15","modified_gmt":"2018-11-06T09:26:15","slug":"ulrich","status":"publish","type":"page","link":"http:\/\/www.yachttransfer.eu\/1703\/skipperteam\/ueberstellung\/ulrich\/","title":{"rendered":"Ulrich"},"content":{"rendered":"<p><img loading=\"lazy\" decoding=\"async\" class=\"size-medium wp-image-595 alignright\" src=\"http:\/\/www.yachttransfer.eu\/1703\/wp-content\/uploads\/2018\/11\/Ulrich-1-300x225.png\" alt=\"\" width=\"300\" height=\"225\" srcset=\"http:\/\/www.yachttransfer.eu\/1703\/wp-content\/uploads\/2018\/11\/Ulrich-1-300x225.png 300w, http:\/\/www.yachttransfer.eu\/1703\/wp-content\/uploads\/2018\/11\/Ulrich-1.png 421w\" sizes=\"auto, (max-width: 300px) 100vw, 300px\" \/> Ulrich segelt seit Kindesbeinen. Begonnen hat alles als Chiemseejollensegler mit der\u00a0 Chiemseepl\u00e4tte und der Chiemseem\u00f6ve (FD-Nachbau). Er ist Cokommodore eines gro\u00dfen Hochseesegelclubs und erfahrener Skipper bei Yacht\u00fcberstellungen.<\/p>\n<p>&nbsp;<\/p>\n<h4><span style=\"color: #000080;\"><strong>Erfahrung und Berechtigung<\/strong><strong><br \/>\n<\/strong><span style=\"color: #000000;\">(Education and certificates)<\/span><\/span><\/h4>\n<p>F\u00fchrerschein Binnenfahrt A \/ 1994<\/p>\n<p>Bef\u00e4higungsnachweis Hochsee FB3 200nm \/ 2010 sail\u00a0 &amp; power<br \/>\nKroatischer Boatskipper \/ 2015<br \/>\nFunkschein Short Range Certifikate SRC \/ 2018<\/p>\n<p>Reviere:\u00a0\u00a0 Ostsee, Nordsee,\u00a0 \u00c4rmelkanal &amp; Biscaya, Ijsselmeer, Mittelmeer, Spanien Italien, Frankreich, Griechenland und viele Binnengew\u00e4sser<\/p>\n<p>Jedes Jahr zu Ostern mit einer Crew Skippertraining in Kroatien<\/p>\n<p>Gesamtlogge: ungef\u00e4hr 18.000 sm<br \/>\nBordtage: \u00a0\u00a0\u00a0 280<br \/>\nNachtfahrten: 50<\/p>\n","protected":false},"excerpt":{"rendered":"<p>Ulrich segelt seit Kindesbeinen. Begonnen hat alles als Chiemseejollensegler mit der\u00a0 Chiemseepl\u00e4tte und der Chiemseem\u00f6ve (FD-Nachbau). Er ist Cokommodore eines gro\u00dfen Hochseesegelclubs und erfahrener Skipper bei Yacht\u00fcberstellungen. &nbsp; Erfahrung und Berechtigung (Education and certificates) F\u00fchrerschein Binnenfahrt A \/ 1994 Bef\u00e4higungsnachweis Hochsee FB3 200nm \/ 2010 sail\u00a0 &amp; power Kroatischer Boatskipper \/ 2015 Funkschein Short Range &hellip; <\/p>\n<p><a class=\"more-link btn\" href=\"http:\/\/www.yachttransfer.eu\/1703\/skipperteam\/ueberstellung\/ulrich\/\">Weiterlesen<\/a><\/p>\n","protected":false},"author":1,"featured_media":0,"parent":128,"menu_order":5,"comment_status":"closed","ping_status":"closed","template":"","meta":{"footnotes":""},"class_list":["post-594","page","type-page","status-publish","hentry","nodate","item-wrap"],"yoast_head":"<!-- This site is optimized with the Yoast SEO plugin v27.5 - https:\/\/yoast.com\/product\/yoast-seo-wordpress\/ -->\n<title>Ulrich -<\/title>\n<meta name=\"robots\" content=\"index, follow, max-snippet:-1, max-image-preview:large, max-video-preview:-1\" \/>\n<link rel=\"canonical\" href=\"http:\/\/www.yachttransfer.eu\/1703\/skipperteam\/ueberstellung\/ulrich\/\" \/>\n<meta property=\"og:locale\" content=\"de_DE\" \/>\n<meta property=\"og:type\" content=\"article\" \/>\n<meta property=\"og:title\" content=\"Ulrich -\" \/>\n<meta property=\"og:description\" content=\"Ulrich segelt seit Kindesbeinen. Begonnen hat alles als Chiemseejollensegler mit der\u00a0 Chiemseepl\u00e4tte und der Chiemseem\u00f6ve (FD-Nachbau). Er ist Cokommodore eines gro\u00dfen Hochseesegelclubs und erfahrener Skipper bei Yacht\u00fcberstellungen. &nbsp; Erfahrung und Berechtigung (Education and certificates) F\u00fchrerschein Binnenfahrt A \/ 1994 Bef\u00e4higungsnachweis Hochsee FB3 200nm \/ 2010 sail\u00a0 &amp; power Kroatischer Boatskipper \/ 2015 Funkschein Short Range &hellip; Weiterlesen\" \/>\n<meta property=\"og:url\" content=\"http:\/\/www.yachttransfer.eu\/1703\/skipperteam\/ueberstellung\/ulrich\/\" \/>\n<meta property=\"article:modified_time\" content=\"2018-11-06T09:26:15+00:00\" \/>\n<meta property=\"og:image\" content=\"http:\/\/www.yachttransfer.eu\/1703\/wp-content\/uploads\/2018\/11\/Ulrich-1-300x225.png\" \/>\n<meta name=\"twitter:card\" content=\"summary_large_image\" \/>\n<script type=\"application\/ld+json\" class=\"yoast-schema-graph\">{\"@context\":\"https:\\\/\\\/schema.org\",\"@graph\":[{\"@type\":\"WebPage\",\"@id\":\"http:\\\/\\\/www.yachttransfer.eu\\\/1703\\\/skipperteam\\\/ueberstellung\\\/ulrich\\\/\",\"url\":\"http:\\\/\\\/www.yachttransfer.eu\\\/1703\\\/skipperteam\\\/ueberstellung\\\/ulrich\\\/\",\"name\":\"Ulrich -\",\"isPartOf\":{\"@id\":\"http:\\\/\\\/www.yachttransfer.eu\\\/1703\\\/#website\"},\"primaryImageOfPage\":{\"@id\":\"http:\\\/\\\/www.yachttransfer.eu\\\/1703\\\/skipperteam\\\/ueberstellung\\\/ulrich\\\/#primaryimage\"},\"image\":{\"@id\":\"http:\\\/\\\/www.yachttransfer.eu\\\/1703\\\/skipperteam\\\/ueberstellung\\\/ulrich\\\/#primaryimage\"},\"thumbnailUrl\":\"http:\\\/\\\/www.yachttransfer.eu\\\/1703\\\/wp-content\\\/uploads\\\/2018\\\/11\\\/Ulrich-1-300x225.png\",\"datePublished\":\"2018-11-06T09:24:45+00:00\",\"dateModified\":\"2018-11-06T09:26:15+00:00\",\"breadcrumb\":{\"@id\":\"http:\\\/\\\/www.yachttransfer.eu\\\/1703\\\/skipperteam\\\/ueberstellung\\\/ulrich\\\/#breadcrumb\"},\"inLanguage\":\"de\",\"potentialAction\":[{\"@type\":\"ReadAction\",\"target\":[\"http:\\\/\\\/www.yachttransfer.eu\\\/1703\\\/skipperteam\\\/ueberstellung\\\/ulrich\\\/\"]}]},{\"@type\":\"ImageObject\",\"inLanguage\":\"de\",\"@id\":\"http:\\\/\\\/www.yachttransfer.eu\\\/1703\\\/skipperteam\\\/ueberstellung\\\/ulrich\\\/#primaryimage\",\"url\":\"http:\\\/\\\/www.yachttransfer.eu\\\/1703\\\/wp-content\\\/uploads\\\/2018\\\/11\\\/Ulrich-1.png\",\"contentUrl\":\"http:\\\/\\\/www.yachttransfer.eu\\\/1703\\\/wp-content\\\/uploads\\\/2018\\\/11\\\/Ulrich-1.png\",\"width\":421,\"height\":316},{\"@type\":\"BreadcrumbList\",\"@id\":\"http:\\\/\\\/www.yachttransfer.eu\\\/1703\\\/skipperteam\\\/ueberstellung\\\/ulrich\\\/#breadcrumb\",\"itemListElement\":[{\"@type\":\"ListItem\",\"position\":1,\"name\":\"Startseite\",\"item\":\"http:\\\/\\\/www.yachttransfer.eu\\\/1703\\\/\"},{\"@type\":\"ListItem\",\"position\":2,\"name\":\"\u00dcber uns\",\"item\":\"http:\\\/\\\/www.yachttransfer.eu\\\/1703\\\/skipperteam\\\/\"},{\"@type\":\"ListItem\",\"position\":3,\"name\":\"Das Team\",\"item\":\"http:\\\/\\\/www.yachttransfer.eu\\\/1703\\\/skipperteam\\\/ueberstellung\\\/\"},{\"@type\":\"ListItem\",\"position\":4,\"name\":\"Ulrich\"}]},{\"@type\":\"WebSite\",\"@id\":\"http:\\\/\\\/www.yachttransfer.eu\\\/1703\\\/#website\",\"url\":\"http:\\\/\\\/www.yachttransfer.eu\\\/1703\\\/\",\"name\":\"\",\"description\":\"\",\"potentialAction\":[{\"@type\":\"SearchAction\",\"target\":{\"@type\":\"EntryPoint\",\"urlTemplate\":\"http:\\\/\\\/www.yachttransfer.eu\\\/1703\\\/?s={search_term_string}\"},\"query-input\":{\"@type\":\"PropertyValueSpecification\",\"valueRequired\":true,\"valueName\":\"search_term_string\"}}],\"inLanguage\":\"de\"}]}<\/script>\n<!-- \/ Yoast SEO plugin. -->","yoast_head_json":{"title":"Ulrich -","robots":{"index":"index","follow":"follow","max-snippet":"max-snippet:-1","max-image-preview":"max-image-preview:large","max-video-preview":"max-video-preview:-1"},"canonical":"http:\/\/www.yachttransfer.eu\/1703\/skipperteam\/ueberstellung\/ulrich\/","og_locale":"de_DE","og_type":"article","og_title":"Ulrich -","og_description":"Ulrich segelt seit Kindesbeinen. Begonnen hat alles als Chiemseejollensegler mit der\u00a0 Chiemseepl\u00e4tte und der Chiemseem\u00f6ve (FD-Nachbau). Er ist Cokommodore eines gro\u00dfen Hochseesegelclubs und erfahrener Skipper bei Yacht\u00fcberstellungen. &nbsp; Erfahrung und Berechtigung (Education and certificates) F\u00fchrerschein Binnenfahrt A \/ 1994 Bef\u00e4higungsnachweis Hochsee FB3 200nm \/ 2010 sail\u00a0 &amp; power Kroatischer Boatskipper \/ 2015 Funkschein Short Range &hellip; Weiterlesen","og_url":"http:\/\/www.yachttransfer.eu\/1703\/skipperteam\/ueberstellung\/ulrich\/","article_modified_time":"2018-11-06T09:26:15+00:00","og_image":[{"url":"http:\/\/www.yachttransfer.eu\/1703\/wp-content\/uploads\/2018\/11\/Ulrich-1-300x225.png","type":"","width":"","height":""}],"twitter_card":"summary_large_image","schema":{"@context":"https:\/\/schema.org","@graph":[{"@type":"WebPage","@id":"http:\/\/www.yachttransfer.eu\/1703\/skipperteam\/ueberstellung\/ulrich\/","url":"http:\/\/www.yachttransfer.eu\/1703\/skipperteam\/ueberstellung\/ulrich\/","name":"Ulrich -","isPartOf":{"@id":"http:\/\/www.yachttransfer.eu\/1703\/#website"},"primaryImageOfPage":{"@id":"http:\/\/www.yachttransfer.eu\/1703\/skipperteam\/ueberstellung\/ulrich\/#primaryimage"},"image":{"@id":"http:\/\/www.yachttransfer.eu\/1703\/skipperteam\/ueberstellung\/ulrich\/#primaryimage"},"thumbnailUrl":"http:\/\/www.yachttransfer.eu\/1703\/wp-content\/uploads\/2018\/11\/Ulrich-1-300x225.png","datePublished":"2018-11-06T09:24:45+00:00","dateModified":"2018-11-06T09:26:15+00:00","breadcrumb":{"@id":"http:\/\/www.yachttransfer.eu\/1703\/skipperteam\/ueberstellung\/ulrich\/#breadcrumb"},"inLanguage":"de","potentialAction":[{"@type":"ReadAction","target":["http:\/\/www.yachttransfer.eu\/1703\/skipperteam\/ueberstellung\/ulrich\/"]}]},{"@type":"ImageObject","inLanguage":"de","@id":"http:\/\/www.yachttransfer.eu\/1703\/skipperteam\/ueberstellung\/ulrich\/#primaryimage","url":"http:\/\/www.yachttransfer.eu\/1703\/wp-content\/uploads\/2018\/11\/Ulrich-1.png","contentUrl":"http:\/\/www.yachttransfer.eu\/1703\/wp-content\/uploads\/2018\/11\/Ulrich-1.png","width":421,"height":316},{"@type":"BreadcrumbList","@id":"http:\/\/www.yachttransfer.eu\/1703\/skipperteam\/ueberstellung\/ulrich\/#breadcrumb","itemListElement":[{"@type":"ListItem","position":1,"name":"Startseite","item":"http:\/\/www.yachttransfer.eu\/1703\/"},{"@type":"ListItem","position":2,"name":"\u00dcber uns","item":"http:\/\/www.yachttransfer.eu\/1703\/skipperteam\/"},{"@type":"ListItem","position":3,"name":"Das Team","item":"http:\/\/www.yachttransfer.eu\/1703\/skipperteam\/ueberstellung\/"},{"@type":"ListItem","position":4,"name":"Ulrich"}]},{"@type":"WebSite","@id":"http:\/\/www.yachttransfer.eu\/1703\/#website","url":"http:\/\/www.yachttransfer.eu\/1703\/","name":"","description":"","potentialAction":[{"@type":"SearchAction","target":{"@type":"EntryPoint","urlTemplate":"http:\/\/www.yachttransfer.eu\/1703\/?s={search_term_string}"},"query-input":{"@type":"PropertyValueSpecification","valueRequired":true,"valueName":"search_term_string"}}],"inLanguage":"de"}]}},"_links":{"self":[{"href":"http:\/\/www.yachttransfer.eu\/1703\/wp-json\/wp\/v2\/pages\/594","targetHints":{"allow":["GET"]}}],"collection":[{"href":"http:\/\/www.yachttransfer.eu\/1703\/wp-json\/wp\/v2\/pages"}],"about":[{"href":"http:\/\/www.yachttransfer.eu\/1703\/wp-json\/wp\/v2\/types\/page"}],"author":[{"embeddable":true,"href":"http:\/\/www.yachttransfer.eu\/1703\/wp-json\/wp\/v2\/users\/1"}],"replies":[{"embeddable":true,"href":"http:\/\/www.yachttransfer.eu\/1703\/wp-json\/wp\/v2\/comments?post=594"}],"version-history":[{"count":1,"href":"http:\/\/www.yachttransfer.eu\/1703\/wp-json\/wp\/v2\/pages\/594\/revisions"}],"predecessor-version":[{"id":597,"href":"http:\/\/www.yachttransfer.eu\/1703\/wp-json\/wp\/v2\/pages\/594\/revisions\/597"}],"up":[{"embeddable":true,"href":"http:\/\/www.yachttransfer.eu\/1703\/wp-json\/wp\/v2\/pages\/128"}],"wp:attachment":[{"href":"http:\/\/www.yachttransfer.eu\/1703\/wp-json\/wp\/v2\/media?parent=594"}],"curies":[{"name":"wp","href":"https:\/\/api.w.org\/{rel}","templated":true}]}}