{"id":483,"date":"2018-10-16T14:50:42","date_gmt":"2018-10-16T12:50:42","guid":{"rendered":"http:\/\/www.yachttransfer.eu\/1703\/?page_id=483"},"modified":"2022-01-04T11:19:43","modified_gmt":"2022-01-04T10:19:43","slug":"individuelle-trainingstoerns","status":"publish","type":"page","link":"http:\/\/www.yachttransfer.eu\/1703\/meilentoern-praxistoern\/individuelle-trainingstoerns\/","title":{"rendered":"Individuelle Trainingst\u00f6rns"},"content":{"rendered":"<h4><img loading=\"lazy\" decoding=\"async\" class=\"size-medium wp-image-131 alignright\" src=\"http:\/\/www.yachttransfer.eu\/1703\/wp-content\/uploads\/2017\/02\/WP_20170225_12_26_02_Pro-169x300.jpg\" alt=\"\" width=\"169\" height=\"300\" srcset=\"http:\/\/www.yachttransfer.eu\/1703\/wp-content\/uploads\/2017\/02\/WP_20170225_12_26_02_Pro-169x300.jpg 169w, http:\/\/www.yachttransfer.eu\/1703\/wp-content\/uploads\/2017\/02\/WP_20170225_12_26_02_Pro-768x1362.jpg 768w, http:\/\/www.yachttransfer.eu\/1703\/wp-content\/uploads\/2017\/02\/WP_20170225_12_26_02_Pro-577x1024.jpg 577w, http:\/\/www.yachttransfer.eu\/1703\/wp-content\/uploads\/2017\/02\/WP_20170225_12_26_02_Pro.jpg 1840w\" sizes=\"auto, (max-width: 169px) 100vw, 169px\" \/><\/h4>\n<h4><strong><span style=\"color: #000080;\">Ma\u00dfgeschneiderte <a href=\"http:\/\/www.fairwinds.at\/1604\/spezielle-segeltoerns\/massgeschneiderte-trainingstoern\/\" class=\"external\" rel=\"nofollow\">Trainingst\u00f6rns \/ Segeltrainings<\/a>, basierend auf den Vorkenntnissen und Erfahrungen des Trainees &#8211; und auf den Revierplanungen f\u00fcr die n\u00e4chsten Saisonen.<\/span><br \/>\n<\/strong><\/h4>\n<p>Wir sind davon \u00fcberzeugt, dass ein Standardprogramm mit 5 &#8211; 6 Teilnehmern an Bord nicht effizient genug ist. Training bedeutet Praxis, Praxis und nochmals Praxis. Und das ist nur m\u00f6glich wenn die Teilnehmer zahl begrenzt ist. Entsprechend den Entwicklungszielen des Trainees nehmen wir 2 bis max. 3 Trainees mit an Bord.<\/p>\n<p>Ein Nebeneffekt: Jeder hat seine eigene Kaj\u00fcte.<\/p>\n<p>&nbsp;<\/p>\n<h4><\/h4>\n","protected":false},"excerpt":{"rendered":"<p>Ma\u00dfgeschneiderte Trainingst\u00f6rns \/ Segeltrainings, basierend auf den Vorkenntnissen und Erfahrungen des Trainees &#8211; und auf den Revierplanungen f\u00fcr die n\u00e4chsten Saisonen. Wir sind davon \u00fcberzeugt, dass ein Standardprogramm mit 5 &#8211; 6 Teilnehmern an Bord nicht effizient genug ist. Training bedeutet Praxis, Praxis und nochmals Praxis. Und das ist nur m\u00f6glich wenn die Teilnehmer zahl &hellip; <\/p>\n<p><a class=\"more-link btn\" href=\"http:\/\/www.yachttransfer.eu\/1703\/meilentoern-praxistoern\/individuelle-trainingstoerns\/\">Weiterlesen<\/a><\/p>\n","protected":false},"author":1,"featured_media":0,"parent":255,"menu_order":1,"comment_status":"closed","ping_status":"closed","template":"","meta":{"footnotes":""},"class_list":["post-483","page","type-page","status-publish","hentry","nodate","item-wrap"],"yoast_head":"<!-- This site is optimized with the Yoast SEO plugin v27.5 - https:\/\/yoast.com\/product\/yoast-seo-wordpress\/ -->\n<title>Individuelle Trainingst\u00f6rns -<\/title>\n<meta name=\"description\" content=\"Segeltraining, individuelle T\u00f6rns, Skippercoachong, \u00dcberstellung Transfer, Gezeitenrevier, Tiden, Str\u00f6mungen, Meilent\u00f6rn,\" \/>\n<meta name=\"robots\" content=\"index, follow, max-snippet:-1, max-image-preview:large, max-video-preview:-1\" \/>\n<link rel=\"canonical\" href=\"http:\/\/www.yachttransfer.eu\/1703\/meilentoern-praxistoern\/individuelle-trainingstoerns\/\" \/>\n<meta property=\"og:locale\" content=\"de_DE\" \/>\n<meta property=\"og:type\" content=\"article\" \/>\n<meta property=\"og:title\" content=\"Individuelle Trainingst\u00f6rns -\" \/>\n<meta property=\"og:description\" content=\"Segeltraining, individuelle T\u00f6rns, Skippercoachong, \u00dcberstellung Transfer, Gezeitenrevier, Tiden, Str\u00f6mungen, Meilent\u00f6rn,\" \/>\n<meta property=\"og:url\" content=\"http:\/\/www.yachttransfer.eu\/1703\/meilentoern-praxistoern\/individuelle-trainingstoerns\/\" \/>\n<meta property=\"article:modified_time\" content=\"2022-01-04T10:19:43+00:00\" \/>\n<meta property=\"og:image\" content=\"http:\/\/www.yachttransfer.eu\/1703\/wp-content\/uploads\/2017\/02\/WP_20170225_12_26_02_Pro-169x300.jpg\" \/>\n<meta name=\"twitter:card\" content=\"summary_large_image\" \/>\n<script type=\"application\/ld+json\" class=\"yoast-schema-graph\">{\"@context\":\"https:\\\/\\\/schema.org\",\"@graph\":[{\"@type\":\"WebPage\",\"@id\":\"http:\\\/\\\/www.yachttransfer.eu\\\/1703\\\/meilentoern-praxistoern\\\/individuelle-trainingstoerns\\\/\",\"url\":\"http:\\\/\\\/www.yachttransfer.eu\\\/1703\\\/meilentoern-praxistoern\\\/individuelle-trainingstoerns\\\/\",\"name\":\"Individuelle Trainingst\u00f6rns -\",\"isPartOf\":{\"@id\":\"http:\\\/\\\/www.yachttransfer.eu\\\/1703\\\/#website\"},\"primaryImageOfPage\":{\"@id\":\"http:\\\/\\\/www.yachttransfer.eu\\\/1703\\\/meilentoern-praxistoern\\\/individuelle-trainingstoerns\\\/#primaryimage\"},\"image\":{\"@id\":\"http:\\\/\\\/www.yachttransfer.eu\\\/1703\\\/meilentoern-praxistoern\\\/individuelle-trainingstoerns\\\/#primaryimage\"},\"thumbnailUrl\":\"http:\\\/\\\/www.yachttransfer.eu\\\/1703\\\/wp-content\\\/uploads\\\/2017\\\/02\\\/WP_20170225_12_26_02_Pro-169x300.jpg\",\"datePublished\":\"2018-10-16T12:50:42+00:00\",\"dateModified\":\"2022-01-04T10:19:43+00:00\",\"description\":\"Segeltraining, individuelle T\u00f6rns, Skippercoachong, \u00dcberstellung Transfer, Gezeitenrevier, Tiden, Str\u00f6mungen, Meilent\u00f6rn,\",\"breadcrumb\":{\"@id\":\"http:\\\/\\\/www.yachttransfer.eu\\\/1703\\\/meilentoern-praxistoern\\\/individuelle-trainingstoerns\\\/#breadcrumb\"},\"inLanguage\":\"de\",\"potentialAction\":[{\"@type\":\"ReadAction\",\"target\":[\"http:\\\/\\\/www.yachttransfer.eu\\\/1703\\\/meilentoern-praxistoern\\\/individuelle-trainingstoerns\\\/\"]}]},{\"@type\":\"ImageObject\",\"inLanguage\":\"de\",\"@id\":\"http:\\\/\\\/www.yachttransfer.eu\\\/1703\\\/meilentoern-praxistoern\\\/individuelle-trainingstoerns\\\/#primaryimage\",\"url\":\"http:\\\/\\\/www.yachttransfer.eu\\\/1703\\\/wp-content\\\/uploads\\\/2017\\\/02\\\/WP_20170225_12_26_02_Pro.jpg\",\"contentUrl\":\"http:\\\/\\\/www.yachttransfer.eu\\\/1703\\\/wp-content\\\/uploads\\\/2017\\\/02\\\/WP_20170225_12_26_02_Pro.jpg\",\"width\":1840,\"height\":3264},{\"@type\":\"BreadcrumbList\",\"@id\":\"http:\\\/\\\/www.yachttransfer.eu\\\/1703\\\/meilentoern-praxistoern\\\/individuelle-trainingstoerns\\\/#breadcrumb\",\"itemListElement\":[{\"@type\":\"ListItem\",\"position\":1,\"name\":\"Startseite\",\"item\":\"http:\\\/\\\/www.yachttransfer.eu\\\/1703\\\/\"},{\"@type\":\"ListItem\",\"position\":2,\"name\":\"Meilen- \\\/ Praxist\u00f6rns\",\"item\":\"http:\\\/\\\/www.yachttransfer.eu\\\/1703\\\/meilentoern-praxistoern\\\/\"},{\"@type\":\"ListItem\",\"position\":3,\"name\":\"Individuelle Trainingst\u00f6rns\"}]},{\"@type\":\"WebSite\",\"@id\":\"http:\\\/\\\/www.yachttransfer.eu\\\/1703\\\/#website\",\"url\":\"http:\\\/\\\/www.yachttransfer.eu\\\/1703\\\/\",\"name\":\"\",\"description\":\"\",\"potentialAction\":[{\"@type\":\"SearchAction\",\"target\":{\"@type\":\"EntryPoint\",\"urlTemplate\":\"http:\\\/\\\/www.yachttransfer.eu\\\/1703\\\/?s={search_term_string}\"},\"query-input\":{\"@type\":\"PropertyValueSpecification\",\"valueRequired\":true,\"valueName\":\"search_term_string\"}}],\"inLanguage\":\"de\"}]}<\/script>\n<!-- \/ Yoast SEO plugin. -->","yoast_head_json":{"title":"Individuelle Trainingst\u00f6rns -","description":"Segeltraining, individuelle T\u00f6rns, Skippercoachong, \u00dcberstellung Transfer, Gezeitenrevier, Tiden, Str\u00f6mungen, Meilent\u00f6rn,","robots":{"index":"index","follow":"follow","max-snippet":"max-snippet:-1","max-image-preview":"max-image-preview:large","max-video-preview":"max-video-preview:-1"},"canonical":"http:\/\/www.yachttransfer.eu\/1703\/meilentoern-praxistoern\/individuelle-trainingstoerns\/","og_locale":"de_DE","og_type":"article","og_title":"Individuelle Trainingst\u00f6rns -","og_description":"Segeltraining, individuelle T\u00f6rns, Skippercoachong, \u00dcberstellung Transfer, Gezeitenrevier, Tiden, Str\u00f6mungen, Meilent\u00f6rn,","og_url":"http:\/\/www.yachttransfer.eu\/1703\/meilentoern-praxistoern\/individuelle-trainingstoerns\/","article_modified_time":"2022-01-04T10:19:43+00:00","og_image":[{"url":"http:\/\/www.yachttransfer.eu\/1703\/wp-content\/uploads\/2017\/02\/WP_20170225_12_26_02_Pro-169x300.jpg","type":"","width":"","height":""}],"twitter_card":"summary_large_image","schema":{"@context":"https:\/\/schema.org","@graph":[{"@type":"WebPage","@id":"http:\/\/www.yachttransfer.eu\/1703\/meilentoern-praxistoern\/individuelle-trainingstoerns\/","url":"http:\/\/www.yachttransfer.eu\/1703\/meilentoern-praxistoern\/individuelle-trainingstoerns\/","name":"Individuelle Trainingst\u00f6rns -","isPartOf":{"@id":"http:\/\/www.yachttransfer.eu\/1703\/#website"},"primaryImageOfPage":{"@id":"http:\/\/www.yachttransfer.eu\/1703\/meilentoern-praxistoern\/individuelle-trainingstoerns\/#primaryimage"},"image":{"@id":"http:\/\/www.yachttransfer.eu\/1703\/meilentoern-praxistoern\/individuelle-trainingstoerns\/#primaryimage"},"thumbnailUrl":"http:\/\/www.yachttransfer.eu\/1703\/wp-content\/uploads\/2017\/02\/WP_20170225_12_26_02_Pro-169x300.jpg","datePublished":"2018-10-16T12:50:42+00:00","dateModified":"2022-01-04T10:19:43+00:00","description":"Segeltraining, individuelle T\u00f6rns, Skippercoachong, \u00dcberstellung Transfer, Gezeitenrevier, Tiden, Str\u00f6mungen, Meilent\u00f6rn,","breadcrumb":{"@id":"http:\/\/www.yachttransfer.eu\/1703\/meilentoern-praxistoern\/individuelle-trainingstoerns\/#breadcrumb"},"inLanguage":"de","potentialAction":[{"@type":"ReadAction","target":["http:\/\/www.yachttransfer.eu\/1703\/meilentoern-praxistoern\/individuelle-trainingstoerns\/"]}]},{"@type":"ImageObject","inLanguage":"de","@id":"http:\/\/www.yachttransfer.eu\/1703\/meilentoern-praxistoern\/individuelle-trainingstoerns\/#primaryimage","url":"http:\/\/www.yachttransfer.eu\/1703\/wp-content\/uploads\/2017\/02\/WP_20170225_12_26_02_Pro.jpg","contentUrl":"http:\/\/www.yachttransfer.eu\/1703\/wp-content\/uploads\/2017\/02\/WP_20170225_12_26_02_Pro.jpg","width":1840,"height":3264},{"@type":"BreadcrumbList","@id":"http:\/\/www.yachttransfer.eu\/1703\/meilentoern-praxistoern\/individuelle-trainingstoerns\/#breadcrumb","itemListElement":[{"@type":"ListItem","position":1,"name":"Startseite","item":"http:\/\/www.yachttransfer.eu\/1703\/"},{"@type":"ListItem","position":2,"name":"Meilen- \/ Praxist\u00f6rns","item":"http:\/\/www.yachttransfer.eu\/1703\/meilentoern-praxistoern\/"},{"@type":"ListItem","position":3,"name":"Individuelle Trainingst\u00f6rns"}]},{"@type":"WebSite","@id":"http:\/\/www.yachttransfer.eu\/1703\/#website","url":"http:\/\/www.yachttransfer.eu\/1703\/","name":"","description":"","potentialAction":[{"@type":"SearchAction","target":{"@type":"EntryPoint","urlTemplate":"http:\/\/www.yachttransfer.eu\/1703\/?s={search_term_string}"},"query-input":{"@type":"PropertyValueSpecification","valueRequired":true,"valueName":"search_term_string"}}],"inLanguage":"de"}]}},"_links":{"self":[{"href":"http:\/\/www.yachttransfer.eu\/1703\/wp-json\/wp\/v2\/pages\/483","targetHints":{"allow":["GET"]}}],"collection":[{"href":"http:\/\/www.yachttransfer.eu\/1703\/wp-json\/wp\/v2\/pages"}],"about":[{"href":"http:\/\/www.yachttransfer.eu\/1703\/wp-json\/wp\/v2\/types\/page"}],"author":[{"embeddable":true,"href":"http:\/\/www.yachttransfer.eu\/1703\/wp-json\/wp\/v2\/users\/1"}],"replies":[{"embeddable":true,"href":"http:\/\/www.yachttransfer.eu\/1703\/wp-json\/wp\/v2\/comments?post=483"}],"version-history":[{"count":7,"href":"http:\/\/www.yachttransfer.eu\/1703\/wp-json\/wp\/v2\/pages\/483\/revisions"}],"predecessor-version":[{"id":948,"href":"http:\/\/www.yachttransfer.eu\/1703\/wp-json\/wp\/v2\/pages\/483\/revisions\/948"}],"up":[{"embeddable":true,"href":"http:\/\/www.yachttransfer.eu\/1703\/wp-json\/wp\/v2\/pages\/255"}],"wp:attachment":[{"href":"http:\/\/www.yachttransfer.eu\/1703\/wp-json\/wp\/v2\/media?parent=483"}],"curies":[{"name":"wp","href":"https:\/\/api.w.org\/{rel}","templated":true}]}}