{"id":370,"date":"2017-09-25T11:51:50","date_gmt":"2017-09-25T09:51:50","guid":{"rendered":"http:\/\/www.yachttransfer.eu\/1703\/?page_id=370"},"modified":"2018-10-16T14:43:28","modified_gmt":"2018-10-16T12:43:28","slug":"ignaz","status":"publish","type":"page","link":"http:\/\/www.yachttransfer.eu\/1703\/skipperteam\/ueberstellung\/ignaz\/","title":{"rendered":"Ignaz"},"content":{"rendered":"<p><img loading=\"lazy\" decoding=\"async\" class=\" wp-image-371 alignright\" src=\"http:\/\/www.yachttransfer.eu\/1703\/wp-content\/uploads\/2017\/09\/Berhuber_Ignaz-300x279.jpg\" alt=\"\" width=\"224\" height=\"208\" srcset=\"http:\/\/www.yachttransfer.eu\/1703\/wp-content\/uploads\/2017\/09\/Berhuber_Ignaz-300x279.jpg 300w, http:\/\/www.yachttransfer.eu\/1703\/wp-content\/uploads\/2017\/09\/Berhuber_Ignaz.jpg 570w\" sizes=\"auto, (max-width: 224px) 100vw, 224px\" \/>Ignaz ist Arzt und kann als solcher eine wichtige Rolle bei langen \u00dcberstellungst\u00f6rns einnehmen. Solide Ausbildung und st\u00e4ndige Weiterbildung in guter Seemannschaft und maritimer Medizin sind f\u00fcr ihn Grundlage, um m\u00f6glicherweise die letzte gro\u00dfe Freiheit unserer Zeit, die Welt auf eigenem Kiel kennenzulernen, sicher genie\u00dfen zu k\u00f6nnen.<\/p>\n<p>Zu seinen seglerichen Highlights z\u00e4hlen:<br \/>\n&#8211; \u00dcberstellung Martinique- Horta<br \/>\n&#8211; Azoren &#8211; Madeira mit Astronavigation<\/p>\n<p>&nbsp;<\/p>\n<p><strong>Erfahrung und Berechtigung<br \/>\n(<\/strong>Education and certificates)<\/p>\n<p>&#8211; International Certificate Ocean &#8211; no limits sail &amp; power<br \/>\n&#8211; Schiffsf\u00fchrerpatent 20m f\u00fcr Binnengew\u00e4sser und Wasserstrassen<br \/>\n&#8211; Funkzeugnisse SRC, UBI<br \/>\n&#8211; ISAF Training<br \/>\n&#8211; medical skipper advanced<br \/>\n&#8211; offshore sailing instructor (OSI)<br \/>\n&#8211; Pyrotechnik Schein<\/p>\n<p>\u00fcber 7000 sm<\/p>\n<p><strong>\u00a0MOTTO:<\/strong><\/p>\n<p style=\"text-align: center;\"><span style=\"color: #008000;\"><strong>Freiheit bedeutet Verantwortung und diese erfordert Kompetenz.<\/strong><\/span><\/p>\n<p><strong>Brotberuf (Profession)::<\/strong><\/p>\n<p>Arzt<\/p>\n","protected":false},"excerpt":{"rendered":"<p>Ignaz ist Arzt und kann als solcher eine wichtige Rolle bei langen \u00dcberstellungst\u00f6rns einnehmen. Solide Ausbildung und st\u00e4ndige Weiterbildung in guter Seemannschaft und maritimer Medizin sind f\u00fcr ihn Grundlage, um m\u00f6glicherweise die letzte gro\u00dfe Freiheit unserer Zeit, die Welt auf eigenem Kiel kennenzulernen, sicher genie\u00dfen zu k\u00f6nnen. Zu seinen seglerichen Highlights z\u00e4hlen: &#8211; \u00dcberstellung Martinique- &hellip; <\/p>\n<p><a class=\"more-link btn\" href=\"http:\/\/www.yachttransfer.eu\/1703\/skipperteam\/ueberstellung\/ignaz\/\">Weiterlesen<\/a><\/p>\n","protected":false},"author":1,"featured_media":0,"parent":128,"menu_order":3,"comment_status":"closed","ping_status":"closed","template":"","meta":{"footnotes":""},"class_list":["post-370","page","type-page","status-publish","hentry","nodate","item-wrap"],"yoast_head":"<!-- This site is optimized with the Yoast SEO plugin v27.4 - https:\/\/yoast.com\/product\/yoast-seo-wordpress\/ -->\n<title>Ignaz -<\/title>\n<meta name=\"robots\" content=\"index, follow, max-snippet:-1, max-image-preview:large, max-video-preview:-1\" \/>\n<link rel=\"canonical\" href=\"http:\/\/www.yachttransfer.eu\/1703\/skipperteam\/ueberstellung\/ignaz\/\" \/>\n<meta property=\"og:locale\" content=\"de_DE\" \/>\n<meta property=\"og:type\" content=\"article\" \/>\n<meta property=\"og:title\" content=\"Ignaz -\" \/>\n<meta property=\"og:description\" content=\"Ignaz ist Arzt und kann als solcher eine wichtige Rolle bei langen \u00dcberstellungst\u00f6rns einnehmen. Solide Ausbildung und st\u00e4ndige Weiterbildung in guter Seemannschaft und maritimer Medizin sind f\u00fcr ihn Grundlage, um m\u00f6glicherweise die letzte gro\u00dfe Freiheit unserer Zeit, die Welt auf eigenem Kiel kennenzulernen, sicher genie\u00dfen zu k\u00f6nnen. Zu seinen seglerichen Highlights z\u00e4hlen: &#8211; \u00dcberstellung Martinique- &hellip; Weiterlesen\" \/>\n<meta property=\"og:url\" content=\"http:\/\/www.yachttransfer.eu\/1703\/skipperteam\/ueberstellung\/ignaz\/\" \/>\n<meta property=\"article:modified_time\" content=\"2018-10-16T12:43:28+00:00\" \/>\n<meta property=\"og:image\" content=\"http:\/\/www.yachttransfer.eu\/1703\/wp-content\/uploads\/2017\/09\/Berhuber_Ignaz-300x279.jpg\" \/>\n<meta name=\"twitter:card\" content=\"summary_large_image\" \/>\n<meta name=\"twitter:label1\" content=\"Gesch\u00e4tzte Lesezeit\" \/>\n\t<meta name=\"twitter:data1\" content=\"1\u00a0Minute\" \/>\n<script type=\"application\/ld+json\" class=\"yoast-schema-graph\">{\"@context\":\"https:\\\/\\\/schema.org\",\"@graph\":[{\"@type\":\"WebPage\",\"@id\":\"http:\\\/\\\/www.yachttransfer.eu\\\/1703\\\/skipperteam\\\/ueberstellung\\\/ignaz\\\/\",\"url\":\"http:\\\/\\\/www.yachttransfer.eu\\\/1703\\\/skipperteam\\\/ueberstellung\\\/ignaz\\\/\",\"name\":\"Ignaz -\",\"isPartOf\":{\"@id\":\"http:\\\/\\\/www.yachttransfer.eu\\\/1703\\\/#website\"},\"primaryImageOfPage\":{\"@id\":\"http:\\\/\\\/www.yachttransfer.eu\\\/1703\\\/skipperteam\\\/ueberstellung\\\/ignaz\\\/#primaryimage\"},\"image\":{\"@id\":\"http:\\\/\\\/www.yachttransfer.eu\\\/1703\\\/skipperteam\\\/ueberstellung\\\/ignaz\\\/#primaryimage\"},\"thumbnailUrl\":\"http:\\\/\\\/www.yachttransfer.eu\\\/1703\\\/wp-content\\\/uploads\\\/2017\\\/09\\\/Berhuber_Ignaz-300x279.jpg\",\"datePublished\":\"2017-09-25T09:51:50+00:00\",\"dateModified\":\"2018-10-16T12:43:28+00:00\",\"breadcrumb\":{\"@id\":\"http:\\\/\\\/www.yachttransfer.eu\\\/1703\\\/skipperteam\\\/ueberstellung\\\/ignaz\\\/#breadcrumb\"},\"inLanguage\":\"de\",\"potentialAction\":[{\"@type\":\"ReadAction\",\"target\":[\"http:\\\/\\\/www.yachttransfer.eu\\\/1703\\\/skipperteam\\\/ueberstellung\\\/ignaz\\\/\"]}]},{\"@type\":\"ImageObject\",\"inLanguage\":\"de\",\"@id\":\"http:\\\/\\\/www.yachttransfer.eu\\\/1703\\\/skipperteam\\\/ueberstellung\\\/ignaz\\\/#primaryimage\",\"url\":\"http:\\\/\\\/www.yachttransfer.eu\\\/1703\\\/wp-content\\\/uploads\\\/2017\\\/09\\\/Berhuber_Ignaz.jpg\",\"contentUrl\":\"http:\\\/\\\/www.yachttransfer.eu\\\/1703\\\/wp-content\\\/uploads\\\/2017\\\/09\\\/Berhuber_Ignaz.jpg\",\"width\":570,\"height\":530},{\"@type\":\"BreadcrumbList\",\"@id\":\"http:\\\/\\\/www.yachttransfer.eu\\\/1703\\\/skipperteam\\\/ueberstellung\\\/ignaz\\\/#breadcrumb\",\"itemListElement\":[{\"@type\":\"ListItem\",\"position\":1,\"name\":\"Startseite\",\"item\":\"http:\\\/\\\/www.yachttransfer.eu\\\/1703\\\/\"},{\"@type\":\"ListItem\",\"position\":2,\"name\":\"\u00dcber uns\",\"item\":\"http:\\\/\\\/www.yachttransfer.eu\\\/1703\\\/skipperteam\\\/\"},{\"@type\":\"ListItem\",\"position\":3,\"name\":\"Das Team\",\"item\":\"http:\\\/\\\/www.yachttransfer.eu\\\/1703\\\/skipperteam\\\/ueberstellung\\\/\"},{\"@type\":\"ListItem\",\"position\":4,\"name\":\"Ignaz\"}]},{\"@type\":\"WebSite\",\"@id\":\"http:\\\/\\\/www.yachttransfer.eu\\\/1703\\\/#website\",\"url\":\"http:\\\/\\\/www.yachttransfer.eu\\\/1703\\\/\",\"name\":\"\",\"description\":\"\",\"potentialAction\":[{\"@type\":\"SearchAction\",\"target\":{\"@type\":\"EntryPoint\",\"urlTemplate\":\"http:\\\/\\\/www.yachttransfer.eu\\\/1703\\\/?s={search_term_string}\"},\"query-input\":{\"@type\":\"PropertyValueSpecification\",\"valueRequired\":true,\"valueName\":\"search_term_string\"}}],\"inLanguage\":\"de\"}]}<\/script>\n<!-- \/ Yoast SEO plugin. -->","yoast_head_json":{"title":"Ignaz -","robots":{"index":"index","follow":"follow","max-snippet":"max-snippet:-1","max-image-preview":"max-image-preview:large","max-video-preview":"max-video-preview:-1"},"canonical":"http:\/\/www.yachttransfer.eu\/1703\/skipperteam\/ueberstellung\/ignaz\/","og_locale":"de_DE","og_type":"article","og_title":"Ignaz -","og_description":"Ignaz ist Arzt und kann als solcher eine wichtige Rolle bei langen \u00dcberstellungst\u00f6rns einnehmen. Solide Ausbildung und st\u00e4ndige Weiterbildung in guter Seemannschaft und maritimer Medizin sind f\u00fcr ihn Grundlage, um m\u00f6glicherweise die letzte gro\u00dfe Freiheit unserer Zeit, die Welt auf eigenem Kiel kennenzulernen, sicher genie\u00dfen zu k\u00f6nnen. Zu seinen seglerichen Highlights z\u00e4hlen: &#8211; \u00dcberstellung Martinique- &hellip; Weiterlesen","og_url":"http:\/\/www.yachttransfer.eu\/1703\/skipperteam\/ueberstellung\/ignaz\/","article_modified_time":"2018-10-16T12:43:28+00:00","og_image":[{"url":"http:\/\/www.yachttransfer.eu\/1703\/wp-content\/uploads\/2017\/09\/Berhuber_Ignaz-300x279.jpg","type":"","width":"","height":""}],"twitter_card":"summary_large_image","twitter_misc":{"Gesch\u00e4tzte Lesezeit":"1\u00a0Minute"},"schema":{"@context":"https:\/\/schema.org","@graph":[{"@type":"WebPage","@id":"http:\/\/www.yachttransfer.eu\/1703\/skipperteam\/ueberstellung\/ignaz\/","url":"http:\/\/www.yachttransfer.eu\/1703\/skipperteam\/ueberstellung\/ignaz\/","name":"Ignaz -","isPartOf":{"@id":"http:\/\/www.yachttransfer.eu\/1703\/#website"},"primaryImageOfPage":{"@id":"http:\/\/www.yachttransfer.eu\/1703\/skipperteam\/ueberstellung\/ignaz\/#primaryimage"},"image":{"@id":"http:\/\/www.yachttransfer.eu\/1703\/skipperteam\/ueberstellung\/ignaz\/#primaryimage"},"thumbnailUrl":"http:\/\/www.yachttransfer.eu\/1703\/wp-content\/uploads\/2017\/09\/Berhuber_Ignaz-300x279.jpg","datePublished":"2017-09-25T09:51:50+00:00","dateModified":"2018-10-16T12:43:28+00:00","breadcrumb":{"@id":"http:\/\/www.yachttransfer.eu\/1703\/skipperteam\/ueberstellung\/ignaz\/#breadcrumb"},"inLanguage":"de","potentialAction":[{"@type":"ReadAction","target":["http:\/\/www.yachttransfer.eu\/1703\/skipperteam\/ueberstellung\/ignaz\/"]}]},{"@type":"ImageObject","inLanguage":"de","@id":"http:\/\/www.yachttransfer.eu\/1703\/skipperteam\/ueberstellung\/ignaz\/#primaryimage","url":"http:\/\/www.yachttransfer.eu\/1703\/wp-content\/uploads\/2017\/09\/Berhuber_Ignaz.jpg","contentUrl":"http:\/\/www.yachttransfer.eu\/1703\/wp-content\/uploads\/2017\/09\/Berhuber_Ignaz.jpg","width":570,"height":530},{"@type":"BreadcrumbList","@id":"http:\/\/www.yachttransfer.eu\/1703\/skipperteam\/ueberstellung\/ignaz\/#breadcrumb","itemListElement":[{"@type":"ListItem","position":1,"name":"Startseite","item":"http:\/\/www.yachttransfer.eu\/1703\/"},{"@type":"ListItem","position":2,"name":"\u00dcber uns","item":"http:\/\/www.yachttransfer.eu\/1703\/skipperteam\/"},{"@type":"ListItem","position":3,"name":"Das Team","item":"http:\/\/www.yachttransfer.eu\/1703\/skipperteam\/ueberstellung\/"},{"@type":"ListItem","position":4,"name":"Ignaz"}]},{"@type":"WebSite","@id":"http:\/\/www.yachttransfer.eu\/1703\/#website","url":"http:\/\/www.yachttransfer.eu\/1703\/","name":"","description":"","potentialAction":[{"@type":"SearchAction","target":{"@type":"EntryPoint","urlTemplate":"http:\/\/www.yachttransfer.eu\/1703\/?s={search_term_string}"},"query-input":{"@type":"PropertyValueSpecification","valueRequired":true,"valueName":"search_term_string"}}],"inLanguage":"de"}]}},"_links":{"self":[{"href":"http:\/\/www.yachttransfer.eu\/1703\/wp-json\/wp\/v2\/pages\/370","targetHints":{"allow":["GET"]}}],"collection":[{"href":"http:\/\/www.yachttransfer.eu\/1703\/wp-json\/wp\/v2\/pages"}],"about":[{"href":"http:\/\/www.yachttransfer.eu\/1703\/wp-json\/wp\/v2\/types\/page"}],"author":[{"embeddable":true,"href":"http:\/\/www.yachttransfer.eu\/1703\/wp-json\/wp\/v2\/users\/1"}],"replies":[{"embeddable":true,"href":"http:\/\/www.yachttransfer.eu\/1703\/wp-json\/wp\/v2\/comments?post=370"}],"version-history":[{"count":6,"href":"http:\/\/www.yachttransfer.eu\/1703\/wp-json\/wp\/v2\/pages\/370\/revisions"}],"predecessor-version":[{"id":534,"href":"http:\/\/www.yachttransfer.eu\/1703\/wp-json\/wp\/v2\/pages\/370\/revisions\/534"}],"up":[{"embeddable":true,"href":"http:\/\/www.yachttransfer.eu\/1703\/wp-json\/wp\/v2\/pages\/128"}],"wp:attachment":[{"href":"http:\/\/www.yachttransfer.eu\/1703\/wp-json\/wp\/v2\/media?parent=370"}],"curies":[{"name":"wp","href":"https:\/\/api.w.org\/{rel}","templated":true}]}}