{"id":30,"date":"2017-02-21T14:51:53","date_gmt":"2017-02-21T13:51:53","guid":{"rendered":"http:\/\/www.yachttransfer.eu\/1703\/?page_id=30"},"modified":"2021-07-07T18:26:09","modified_gmt":"2021-07-07T16:26:09","slug":"ueberstellung","status":"publish","type":"page","link":"http:\/\/www.yachttransfer.eu\/1703\/ueberstellung\/","title":{"rendered":"Kontakt &#038; Impressum"},"content":{"rendered":"<h3><strong><span style=\"color: #003366;\"><img loading=\"lazy\" decoding=\"async\" class=\" wp-image-16 alignright\" src=\"http:\/\/www.yachttransfer.eu\/1703\/wp-content\/uploads\/2017\/02\/CIMG4864-225x300.jpg\" alt=\"\" width=\"176\" height=\"235\" srcset=\"http:\/\/www.yachttransfer.eu\/1703\/wp-content\/uploads\/2017\/02\/CIMG4864-225x300.jpg 225w, http:\/\/www.yachttransfer.eu\/1703\/wp-content\/uploads\/2017\/02\/CIMG4864-768x1024.jpg 768w\" sizes=\"auto, (max-width: 176px) 100vw, 176px\" \/><\/span><\/strong><\/h3>\n<h1>\u00dcberstellung von Yachten<\/h1>\n<p><strong><span style=\"color: #003366;\">Projektmanager<\/span> <\/strong>und<span style=\"color: #003366;\"><strong> Ansprechpartner<\/strong> <\/span>f\u00fcr Ihre Fragen zu einer \u00dcberstellung ist\u00a0<a class=\"external\" href=\"http:\/\/www.fairwinds.at\/1604\/fairwinds-inside\/christian-sperner\/\" rel=\"nofollow\">Christian Sperner<\/a>.<\/p>\n<p>Tel:\u00a0\u00a0\u00a0\u00a0\u00a0\u00a0\u00a0\u00a0 +43 664 234 13 15<br \/>\nE-Mail:\u00a0\u00a0 office@yachttransfer.eu<\/p>\n<h3><\/h3>\n<h2><\/h2>\n<h2><strong>Ihr direkter Kontakt zu uns:<\/strong><\/h2>\n\t\r\n\t\r\n\t\t\t\t\t\t<form  name= \"wpdevart_frontend_form_1\" id='wpdevart-forms-1' class=\"wpdevart-forms default-skin forms-general-styling\" method='post'  action='' enctype='multipart\/form-data'>\r\n\t\r\n\t\t\t\t\t\t                                            <!--bfh-number -->\r\n                                            <div class=\"wpdevart-input-field \">\r\n                                                 \r\n                                                        <label>Name<\/label>\r\n                                                        \r\n                                                <div class=\"input-text input-field-inner\">\r\n                                                    \r\n                                                    <input  type=\"text\"  \r\n                                                            id =\"input-field-1\"\r\n                                                            name=\"label_1\"   required                                                            value=\"\" class=\"form-control  \" \r\n                                                            placeholder=\"\" \r\n                                                             \r\n                                                           \/>\r\n                                                <\/div>\r\n                                            <\/div>\r\n\t\t\t\t\t\t\t\t\t\t                                            <!--bfh-number -->\r\n                                            <div class=\"wpdevart-input-field \">\r\n                                                 \r\n                                                        <label>Telefonnummer<\/label>\r\n                                                        \r\n                                                <div class=\"input-text input-field-inner\">\r\n                                                    \r\n                                                    <input  type=\"text\"  \r\n                                                            id =\"input-field-2\"\r\n                                                            name=\"label_2\"                                                               value=\"\" class=\"form-control  \" \r\n                                                            placeholder=\"\" \r\n                                                             \r\n                                                           \/>\r\n                                                <\/div>\r\n                                            <\/div>\r\n\t\t\t\t\t\t\t\t\t\t                                            <!--bfh-number -->\r\n                                            <div class=\"wpdevart-input-field \">\r\n                                                 \r\n                                                        <label>email:<\/label>\r\n                                                        \r\n                                                <div class=\"input-text input-field-inner\">\r\n                                                    \r\n                                                    <input  type=\"text\"  \r\n                                                            id =\"input-field-3\"\r\n                                                            name=\"label_3\"   required                                                            value=\"\" class=\"form-control  \" \r\n                                                            placeholder=\"\" \r\n                                                             \r\n                                                           \/>\r\n                                                <\/div>\r\n                                            <\/div>\r\n\t\t\t\t\t\t\t\t\t\t                                            <!--bfh-number -->\r\n                                            <div class=\"wpdevart-input-field \">\r\n                                                 \r\n                                                        <label>Ihre Yacht (Typ \/ L\u00e4nge ft)<\/label>\r\n                                                        \r\n                                                <div class=\"input-text input-field-inner\">\r\n                                                    \r\n                                                    <input  type=\"text\"  \r\n                                                            id =\"input-field-4\"\r\n                                                            name=\"label_4\"   required                                                            value=\"\" class=\"form-control  \" \r\n                                                            placeholder=\"\" \r\n                                                             \r\n                                                           \/>\r\n                                                <\/div>\r\n                                            <\/div>\r\n\t\t\t\t\t\t\t\t\t\t                                            <!--bfh-number -->\r\n                                            <div class=\"wpdevart-input-field \">\r\n                                                 \r\n                                                        <label>Ausgangs- \/ Zielhafen<\/label>\r\n                                                        \r\n                                                <div class=\"input-text input-field-inner\">\r\n                                                    \r\n                                                    <input  type=\"text\"  \r\n                                                            id =\"input-field-5\"\r\n                                                            name=\"label_5\"   required                                                            value=\"\" class=\"form-control  \" \r\n                                                            placeholder=\"\" \r\n                                                             \r\n                                                           \/>\r\n                                                <\/div>\r\n                                            <\/div>\r\n\t\t\t\t\t\t\t\t\t\t                                            <!--bfh-number -->\r\n                                            <div class=\"wpdevart-input-field \">\r\n                                                 \r\n                                                        <label>Wann soll die Yacht \u00fcberstellt werden<\/label>\r\n                                                        \r\n                                                <div class=\"input-text input-field-inner\">\r\n                                                    \r\n                                                    <input  type=\"text\"  \r\n                                                            id =\"input-field-6\"\r\n                                                            name=\"label_6\"   required                                                            value=\"\" class=\"form-control  \" \r\n                                                            placeholder=\"\" \r\n                                                             \r\n                                                           \/>\r\n                                                <\/div>\r\n                                            <\/div>\r\n\t\t\t\t\t\t\t\t\t\t                                            <!--bfh-number -->\r\n                                            <div class=\"wpdevart-input-field \">\r\n                                                 \r\n                                                        <label>Ben\u00f6tigte Besatzung<\/label>\r\n                                                        \r\n                                                <div class=\"input-text input-field-inner\">\r\n                                                    \r\n                                                    <input  type=\"text\"  \r\n                                                            id =\"input-field-21\"\r\n                                                            name=\"label_21\"   required                                                            value=\"\" class=\"form-control  \" \r\n                                                            placeholder=\"\" \r\n                                                             \r\n                                                           \/>\r\n                                                <\/div>\r\n                                            <\/div>\r\n\t\t\t\t\t\t\t\t\t\t                                            <!--bfh-number -->\r\n                                            <div class=\"wpdevart-input-field \">\r\n                                                 \r\n                                                        <label>Zus\u00e4tzliche Informationen:<\/label>\r\n                                                        \r\n                                                <div class=\"input-text input-field-inner\">\r\n                                                    \r\n                                                    <input  type=\"text\"  \r\n                                                            id =\"input-field-22\"\r\n                                                            name=\"label_22\"                                                               value=\"\" class=\"form-control  \" \r\n                                                            placeholder=\"\" \r\n                                                             \r\n                                                           \/>\r\n                                                <\/div>\r\n                                            <\/div>\r\n\t\t\t\t\t\t\t\t\t\t\t\r\n   \r\n                   \r\n\t\t\t\t\t   \t\t\t\t\t\t<input type=\"hidden\" name=\"form_id\" value=\"1\" \/>  \r\n\t\t\t\t\t\t<!--<input type=\"submit\" value='Absenden' id=\"btn_send_form_email_1\" name=\"btn_send_form_email\" \/>-->\r\n\t\t\t\t\t\t<button type=\"submit\" name=\"btn_send_form_email\" id=\"btn_send_form_email_1\" >Absenden<\/button>\r\n\t\t\t\t\t\t\t\r\n\t\t\t\t\t  <span id=\"loader-icon-1\" style=\"display:none;\" class=\"form-loader\">\r\n\t\t\t\t\t\t<img decoding=\"async\" src=\"http:\/\/www.yachttransfer.eu\/1703\/wp-content\/plugins\/contact-forms-builder\/\/assets\/images\/loader.gif\" \/>\r\n\t\t\t\t\t  <\/span>\r\n\t\r\n\t\t\t\t   <\/form>\r\n\t\r\n\t\t\t\t\t\t<div id=\"frontend_form_messages_1\" style=\"margin-top:10px; margin-bottom:10px;\"><\/div>\r\n\t\r\n\t\t\t\t   <script>\r\n\t\r\n\t\t\t\t\t\/\/ Document\r\n\t\t\t\t\tjQuery( document ).ready(function() {\r\n\t\t\t\t\t\t\/\/\tDon't submit form on enter, allow enter button only for texts\r\n\t\t\t\t\t\tjQuery(document).on(\"keypress\", \":input:not(textarea)\", function(event) {\r\n\t\t\t\t\t\t\treturn event.keyCode != 13;\r\n\t\t\t\t\t\t});\r\n\t\r\n\t\t\t\t\t\t\/\/ Do not use previous password saved in browser for password field\r\n\t\t\t\t\t\tjQuery(\"input[type='password']\").attr(\"autocomplete\", \"new-password\");\r\n\t\r\n\t\t\t\t\t\t\/\/handle form submission\r\n\t\t\t\t\t\t\/\/jQuery(\"form[name='wpdevart_frontend_form_1']\").submit(function(e){\r\n\t\t\t\t\t\tjQuery(document).on(\"submit\", \"form[name='wpdevart_frontend_form_1']\", function(e) {\r\n\t\t\t\t\t\t\t\/\/shortcode attributes e.g\r\n\t\t\t\t\t\t\tvar atts = {\"id\":\"1\"};\r\n\t\t\t\t\t\t\tvar options = { \r\n\t\t\t\t\t\t\t\t\/\/target:'#frontend_form_messages_1',   \/\/ target element(s) to be updated with server response \r\n\t\t\t\t\t\t\t\t\/\/ other available options: \r\n\t\t\t\t\t\t\t\t url:\"http:\/\/www.yachttransfer.eu\/1703\/wp-admin\/admin-ajax.php\",        \/\/ override for form's 'action' attribute \r\n\t\t\t\t\t\t\t\t\/\/url:\"http:\/\/www.yachttransfer.eu\/1703\/wp-content\/plugins\/contact-forms-builder\/check-ajax.php\",\r\n\t\t\t\t\t\t\t\tdata:{'btn_send_form_email':'1','process_ajax':'1','atts':JSON.stringify(atts),'action':'get_post_information'},\r\n\t\t\t\t\t\t\t\t\/\/type:      type        \/\/ 'get' or 'post', override for form's 'method' attribute \r\n\t\t\t\t\t\t\t\t\/\/dataType:  null        \/\/ 'xml', 'script', or 'json' (expected server response type) \r\n\t\t\t\t\t\t\t\t\/\/clearForm: true ,       \/\/ clear all form fields after successful submit \r\n\t\t\t\t\t\t\t\t\/\/resetForm: true  ,      \/\/ reset the form after successful submit \r\n\t\r\n\t\t\t\t\t\t\t\t\/\/ $.ajax options can be used here too, for example: \r\n\t\t\t\t\t\t\t\t\/\/timeout:   3000 \r\n\t\r\n\t\t\t\t\t\t\t\tbeforeSubmit: function() {\r\n\t\t\t\t\t\t\t\t\tjQuery(\"#loader-icon-1\").show();\r\n\t\t\t\t\t\t\t\t},\r\n\t\t\t\t\t\t\t\tsuccess:showResponse, \/\/ post-submit callback \r\n\t\t\t\t\t\t\t }; \r\n\t\r\n\t\t\t\t\t\t\t\/\/ inside event callbacks 'this' is the DOM element so we first \r\n\t\t\t\t\t\t\t\/\/ wrap it in a jQuery object and then invoke ajaxSubmit \r\n\t\t\t\t\t\t\tjQuery(this).ajaxSubmit(options); \r\n\t\r\n\t\t\t\t\t\t\t\/\/ !!! Important !!! \r\n\t\t\t\t\t\t\t\/\/ always return false to prevent standard browser submit and page navigation \r\n\t\t\t\t\t\t\treturn false; \r\n\t\t\t\t\t\t}); \r\n\t\r\n\t\r\n\t\t\t\t\t\tfunction showResponse(responseText, statusText, xhr, $form) {\r\n\t\t\t\t\t\t\tstr = responseText;\r\n\t\t\t\t\t\t\t\/\/replace first occurence \r\n\t\t\t\t\t\t\tstr = str.replace(\"successmsg_\", \" \"); \r\n\t\t\t\t\t\t\t\/\/ append response\r\n\t\r\n\t\t\t\t\t\t\tjQuery(\"#frontend_form_messages_1\").text(\" \");\r\n\t\t\t\t\t\t\tjQuery(\"#frontend_form_messages_1\").append(str);\r\n\t\t\t\t\t\t\tsetTimeout(function(){ \r\n\t\t\t\t\t\t\t\t\/\/jQuery(\"#frontend_form_messages_1 .success_message1\").fadeout(); \r\n\t\t\t\t\t\t\t\tjQuery(\"#frontend_form_messages_1 .success_message\").fadeOut();\r\n\t\t\t\t\t\t\t}, 5000);\r\n\t\r\n\t\t\t\t\t\t\t\/\/\tresponseText  , updates the div in target specified in options\r\n\t\t\t\t\t\t\tjQuery(\"#loader-icon-1\").hide();\r\n\t\r\n\t\t\t\t\t\t\tvar matched = responseText.search('successmsg_');\r\n\t\t\t\t\t\t\tif(matched != -1) {\r\n\t\r\n\t\t\t\t\t\t\t\tvar formId = \"1\";\r\n\t\t\t\t\t\t\t\t\r\n\t\r\n\t\t\t\t\t\t\t\tsetTimeout(function(){\r\n\t\t\t\t\t\t\t\t\t\t jQuery('#wpdevart-forms-1')[0].reset(); \r\n\t\t\t\t\t\t\t\t\t\t jQuery(\"#wpdevart-forms-\"+formId).each(function() {\r\n\t\t\t\t\t\t\t\t\t\t\t\r\n\t\t\t\t\t\t\t\t\t\t\t\r\n\t\t\t\t\t\t\t\t\t\t});\r\n\t\t\t\t\t\t\t\t },100);\r\n\t\t\t\t\t\t\t }\r\n\t\r\n\t\t\t\t\t\treturn false;\r\n\t\r\n\t\t\t\t\t\t}\r\n\t\t\t\t\t\tfunction showRequest() {\r\n\t\t\t\t\t\t\treturn false;\r\n\t\t\t\t\t\t}\r\n\t\r\n\t\t\t\t\t\tjQuery(document).on(\"click\",\"[type=reset].ws-reset-form\",function(e){\r\n\t\t\t\t\t\t\tformId= jQuery(this).attr('data-attr');\r\n\t\t\t\t\t\t\t\/\/reset\r\n\t\t\t\t\t\t\tjQuery(\"#wpdevart-forms-\"+formId).each(function(){\r\n\t\t\t\t\t\t\t\t\r\n\t\t\t\t\t\t\t\t\t\r\n\t\t\t\t\t\t\t\t\tjQuery(\"#wpdevart-forms-\"+formId)[0].reset();\r\n\t\t\t\t\t\t\t\t});\r\n\t\r\n\t\t\t\t\t\t\treturn false;\r\n\t\r\n\t\t\t\t\t\t});\r\n\t\t\t\t\t});\r\n\t\r\n\t\t\t\t\t<\/script>\r\n\t\t\t\t\n<h4><strong>Daten gem. \u00a75 ECG:<\/strong><\/h4>\n<p>YACHTtransfer c\/o<br \/>\nChristian Sperner<br \/>\nOttensheimer Str. 47b<br \/>\nA &#8211; 4040 Linz<strong><br \/>\n<\/strong><\/p>\n<p>Tel:\u00a0\u00a0\u00a0\u00a0\u00a0\u00a0\u00a0\u00a0 +43 664 234 13 15<br \/>\nE-Mail:\u00a0\u00a0 office@yachttransfer.eu<br \/>\nweb:\u00a0\u00a0\u00a0\u00a0\u00a0\u00a0 www.yachttransfer.eu<\/p>\n<p>ATU 56607103<\/p>\n<p>&nbsp;<\/p>\n<h4>Genderformulierung:<\/h4>\n<p>Alle im vorliegenden Dokument verwendeten Begriffe, Personen- und Funktionsbezeichnungen beziehen sich ungeachtet ihrer grammatikalischen Form selbstverst\u00e4ndlich in gleicher Weise auf Frauen und M\u00e4nner.<\/p>\n<p>&nbsp;<\/p>\n","protected":false},"excerpt":{"rendered":"<p>\u00dcberstellung von Yachten Projektmanager und Ansprechpartner f\u00fcr Ihre Fragen zu einer \u00dcberstellung ist\u00a0Christian Sperner. Tel:\u00a0\u00a0\u00a0\u00a0\u00a0\u00a0\u00a0\u00a0 +43 664 234 13 15 E-Mail:\u00a0\u00a0 office@yachttransfer.eu Ihr direkter Kontakt zu uns: Daten gem. \u00a75 ECG: YACHTtransfer c\/o Christian Sperner Ottensheimer Str. 47b A &#8211; 4040 Linz Tel:\u00a0\u00a0\u00a0\u00a0\u00a0\u00a0\u00a0\u00a0 +43 664 234 13 15 E-Mail:\u00a0\u00a0 office@yachttransfer.eu web:\u00a0\u00a0\u00a0\u00a0\u00a0\u00a0 www.yachttransfer.eu ATU 56607103 &nbsp; &hellip; <\/p>\n<p><a class=\"more-link btn\" href=\"http:\/\/www.yachttransfer.eu\/1703\/ueberstellung\/\">Weiterlesen<\/a><\/p>\n","protected":false},"author":1,"featured_media":0,"parent":0,"menu_order":5,"comment_status":"closed","ping_status":"closed","template":"","meta":{"footnotes":""},"class_list":["post-30","page","type-page","status-publish","hentry","nodate","item-wrap"],"yoast_head":"<!-- This site is optimized with the Yoast SEO plugin v27.5 - https:\/\/yoast.com\/product\/yoast-seo-wordpress\/ -->\n<title>Kontakt &amp; Impressum - \u00dcberstellung \/ Transfer von Yachten<\/title>\n<meta name=\"description\" content=\"Yachttransfer, \u00dcberstellung, Meilent\u00f6rn, Praxist\u00f6rn, \u00dcberf\u00fchrung von Yachten, Vermittlung von Skippern, Skipper auf Zeit, RYA Yachtmaster,\" \/>\n<meta name=\"robots\" content=\"index, follow, max-snippet:-1, max-image-preview:large, max-video-preview:-1\" \/>\n<link rel=\"canonical\" href=\"http:\/\/www.yachttransfer.eu\/1703\/ueberstellung\/\" \/>\n<meta property=\"og:locale\" content=\"de_DE\" \/>\n<meta property=\"og:type\" content=\"article\" \/>\n<meta property=\"og:title\" content=\"Kontakt &amp; Impressum - \u00dcberstellung \/ Transfer von Yachten\" \/>\n<meta property=\"og:description\" content=\"Yachttransfer, \u00dcberstellung, Meilent\u00f6rn, Praxist\u00f6rn, \u00dcberf\u00fchrung von Yachten, Vermittlung von Skippern, Skipper auf Zeit, RYA Yachtmaster,\" \/>\n<meta property=\"og:url\" content=\"http:\/\/www.yachttransfer.eu\/1703\/ueberstellung\/\" \/>\n<meta property=\"article:modified_time\" content=\"2021-07-07T16:26:09+00:00\" \/>\n<meta property=\"og:image\" content=\"http:\/\/www.yachttransfer.eu\/1703\/wp-content\/uploads\/2017\/02\/CIMG4864-225x300.jpg\" \/>\n<meta name=\"twitter:card\" content=\"summary_large_image\" \/>\n<meta name=\"twitter:label1\" content=\"Gesch\u00e4tzte Lesezeit\" \/>\n\t<meta name=\"twitter:data1\" content=\"1\u00a0Minute\" \/>\n<script type=\"application\/ld+json\" class=\"yoast-schema-graph\">{\"@context\":\"https:\\\/\\\/schema.org\",\"@graph\":[{\"@type\":\"WebPage\",\"@id\":\"http:\\\/\\\/www.yachttransfer.eu\\\/1703\\\/ueberstellung\\\/\",\"url\":\"http:\\\/\\\/www.yachttransfer.eu\\\/1703\\\/ueberstellung\\\/\",\"name\":\"Kontakt & Impressum - \u00dcberstellung \\\/ Transfer von Yachten\",\"isPartOf\":{\"@id\":\"http:\\\/\\\/www.yachttransfer.eu\\\/1703\\\/#website\"},\"primaryImageOfPage\":{\"@id\":\"http:\\\/\\\/www.yachttransfer.eu\\\/1703\\\/ueberstellung\\\/#primaryimage\"},\"image\":{\"@id\":\"http:\\\/\\\/www.yachttransfer.eu\\\/1703\\\/ueberstellung\\\/#primaryimage\"},\"thumbnailUrl\":\"http:\\\/\\\/www.yachttransfer.eu\\\/1703\\\/wp-content\\\/uploads\\\/2017\\\/02\\\/CIMG4864-225x300.jpg\",\"datePublished\":\"2017-02-21T13:51:53+00:00\",\"dateModified\":\"2021-07-07T16:26:09+00:00\",\"description\":\"Yachttransfer, \u00dcberstellung, Meilent\u00f6rn, Praxist\u00f6rn, \u00dcberf\u00fchrung von Yachten, Vermittlung von Skippern, Skipper auf Zeit, RYA Yachtmaster,\",\"breadcrumb\":{\"@id\":\"http:\\\/\\\/www.yachttransfer.eu\\\/1703\\\/ueberstellung\\\/#breadcrumb\"},\"inLanguage\":\"de\",\"potentialAction\":[{\"@type\":\"ReadAction\",\"target\":[\"http:\\\/\\\/www.yachttransfer.eu\\\/1703\\\/ueberstellung\\\/\"]}]},{\"@type\":\"ImageObject\",\"inLanguage\":\"de\",\"@id\":\"http:\\\/\\\/www.yachttransfer.eu\\\/1703\\\/ueberstellung\\\/#primaryimage\",\"url\":\"http:\\\/\\\/www.yachttransfer.eu\\\/1703\\\/wp-content\\\/uploads\\\/2017\\\/02\\\/CIMG4864.jpg\",\"contentUrl\":\"http:\\\/\\\/www.yachttransfer.eu\\\/1703\\\/wp-content\\\/uploads\\\/2017\\\/02\\\/CIMG4864.jpg\",\"width\":2448,\"height\":3264},{\"@type\":\"BreadcrumbList\",\"@id\":\"http:\\\/\\\/www.yachttransfer.eu\\\/1703\\\/ueberstellung\\\/#breadcrumb\",\"itemListElement\":[{\"@type\":\"ListItem\",\"position\":1,\"name\":\"Startseite\",\"item\":\"http:\\\/\\\/www.yachttransfer.eu\\\/1703\\\/\"},{\"@type\":\"ListItem\",\"position\":2,\"name\":\"Kontakt &#038; Impressum\"}]},{\"@type\":\"WebSite\",\"@id\":\"http:\\\/\\\/www.yachttransfer.eu\\\/1703\\\/#website\",\"url\":\"http:\\\/\\\/www.yachttransfer.eu\\\/1703\\\/\",\"name\":\"\",\"description\":\"\",\"potentialAction\":[{\"@type\":\"SearchAction\",\"target\":{\"@type\":\"EntryPoint\",\"urlTemplate\":\"http:\\\/\\\/www.yachttransfer.eu\\\/1703\\\/?s={search_term_string}\"},\"query-input\":{\"@type\":\"PropertyValueSpecification\",\"valueRequired\":true,\"valueName\":\"search_term_string\"}}],\"inLanguage\":\"de\"}]}<\/script>\n<!-- \/ Yoast SEO plugin. -->","yoast_head_json":{"title":"Kontakt & Impressum - \u00dcberstellung \/ Transfer von Yachten","description":"Yachttransfer, \u00dcberstellung, Meilent\u00f6rn, Praxist\u00f6rn, \u00dcberf\u00fchrung von Yachten, Vermittlung von Skippern, Skipper auf Zeit, RYA Yachtmaster,","robots":{"index":"index","follow":"follow","max-snippet":"max-snippet:-1","max-image-preview":"max-image-preview:large","max-video-preview":"max-video-preview:-1"},"canonical":"http:\/\/www.yachttransfer.eu\/1703\/ueberstellung\/","og_locale":"de_DE","og_type":"article","og_title":"Kontakt & Impressum - \u00dcberstellung \/ Transfer von Yachten","og_description":"Yachttransfer, \u00dcberstellung, Meilent\u00f6rn, Praxist\u00f6rn, \u00dcberf\u00fchrung von Yachten, Vermittlung von Skippern, Skipper auf Zeit, RYA Yachtmaster,","og_url":"http:\/\/www.yachttransfer.eu\/1703\/ueberstellung\/","article_modified_time":"2021-07-07T16:26:09+00:00","og_image":[{"url":"http:\/\/www.yachttransfer.eu\/1703\/wp-content\/uploads\/2017\/02\/CIMG4864-225x300.jpg","type":"","width":"","height":""}],"twitter_card":"summary_large_image","twitter_misc":{"Gesch\u00e4tzte Lesezeit":"1\u00a0Minute"},"schema":{"@context":"https:\/\/schema.org","@graph":[{"@type":"WebPage","@id":"http:\/\/www.yachttransfer.eu\/1703\/ueberstellung\/","url":"http:\/\/www.yachttransfer.eu\/1703\/ueberstellung\/","name":"Kontakt & Impressum - \u00dcberstellung \/ Transfer von Yachten","isPartOf":{"@id":"http:\/\/www.yachttransfer.eu\/1703\/#website"},"primaryImageOfPage":{"@id":"http:\/\/www.yachttransfer.eu\/1703\/ueberstellung\/#primaryimage"},"image":{"@id":"http:\/\/www.yachttransfer.eu\/1703\/ueberstellung\/#primaryimage"},"thumbnailUrl":"http:\/\/www.yachttransfer.eu\/1703\/wp-content\/uploads\/2017\/02\/CIMG4864-225x300.jpg","datePublished":"2017-02-21T13:51:53+00:00","dateModified":"2021-07-07T16:26:09+00:00","description":"Yachttransfer, \u00dcberstellung, Meilent\u00f6rn, Praxist\u00f6rn, \u00dcberf\u00fchrung von Yachten, Vermittlung von Skippern, Skipper auf Zeit, RYA Yachtmaster,","breadcrumb":{"@id":"http:\/\/www.yachttransfer.eu\/1703\/ueberstellung\/#breadcrumb"},"inLanguage":"de","potentialAction":[{"@type":"ReadAction","target":["http:\/\/www.yachttransfer.eu\/1703\/ueberstellung\/"]}]},{"@type":"ImageObject","inLanguage":"de","@id":"http:\/\/www.yachttransfer.eu\/1703\/ueberstellung\/#primaryimage","url":"http:\/\/www.yachttransfer.eu\/1703\/wp-content\/uploads\/2017\/02\/CIMG4864.jpg","contentUrl":"http:\/\/www.yachttransfer.eu\/1703\/wp-content\/uploads\/2017\/02\/CIMG4864.jpg","width":2448,"height":3264},{"@type":"BreadcrumbList","@id":"http:\/\/www.yachttransfer.eu\/1703\/ueberstellung\/#breadcrumb","itemListElement":[{"@type":"ListItem","position":1,"name":"Startseite","item":"http:\/\/www.yachttransfer.eu\/1703\/"},{"@type":"ListItem","position":2,"name":"Kontakt &#038; Impressum"}]},{"@type":"WebSite","@id":"http:\/\/www.yachttransfer.eu\/1703\/#website","url":"http:\/\/www.yachttransfer.eu\/1703\/","name":"","description":"","potentialAction":[{"@type":"SearchAction","target":{"@type":"EntryPoint","urlTemplate":"http:\/\/www.yachttransfer.eu\/1703\/?s={search_term_string}"},"query-input":{"@type":"PropertyValueSpecification","valueRequired":true,"valueName":"search_term_string"}}],"inLanguage":"de"}]}},"_links":{"self":[{"href":"http:\/\/www.yachttransfer.eu\/1703\/wp-json\/wp\/v2\/pages\/30","targetHints":{"allow":["GET"]}}],"collection":[{"href":"http:\/\/www.yachttransfer.eu\/1703\/wp-json\/wp\/v2\/pages"}],"about":[{"href":"http:\/\/www.yachttransfer.eu\/1703\/wp-json\/wp\/v2\/types\/page"}],"author":[{"embeddable":true,"href":"http:\/\/www.yachttransfer.eu\/1703\/wp-json\/wp\/v2\/users\/1"}],"replies":[{"embeddable":true,"href":"http:\/\/www.yachttransfer.eu\/1703\/wp-json\/wp\/v2\/comments?post=30"}],"version-history":[{"count":21,"href":"http:\/\/www.yachttransfer.eu\/1703\/wp-json\/wp\/v2\/pages\/30\/revisions"}],"predecessor-version":[{"id":920,"href":"http:\/\/www.yachttransfer.eu\/1703\/wp-json\/wp\/v2\/pages\/30\/revisions\/920"}],"wp:attachment":[{"href":"http:\/\/www.yachttransfer.eu\/1703\/wp-json\/wp\/v2\/media?parent=30"}],"curies":[{"name":"wp","href":"https:\/\/api.w.org\/{rel}","templated":true}]}}