{"id":28,"date":"2017-02-21T14:49:03","date_gmt":"2017-02-21T13:49:03","guid":{"rendered":"http:\/\/www.yachttransfer.eu\/1703\/?page_id=28"},"modified":"2018-10-16T14:49:15","modified_gmt":"2018-10-16T12:49:15","slug":"angebote","status":"publish","type":"page","link":"http:\/\/www.yachttransfer.eu\/1703\/transfer-services\/angebote\/","title":{"rendered":"Anfragen"},"content":{"rendered":"<p>Wir planen mit Ihnen gemeinsam. So k\u00f6nnen wir auf spezifische W\u00fcnsche und Rahmenbedingungen bestm\u00f6glich eingehen.<\/p>\n<p>Anschlie\u00dfend vermitteln wir Ihnen gerne den f\u00fcr Ihr Anliegen bestens passenden Skipper.<\/p>\n<p>Wir m\u00f6chten ausdr\u00fccklich darauf hinweisen, dass eine Vereinbarung immer direkt zwischen dem Skipper\/der Crew und Ihnen als Eigner geschlossen wird.<\/p>\n<h5><strong><span style=\"color: #003366;\">Ein Anruf, ein Mail gen\u00fcgt!\u00a0\u00a0\u00a0 Wir beantworten gerne Ihre Fragen!<\/span><\/strong><\/h5>\n<p>Fragen kostet nichts und ein Gespr\u00e4ch oder ein Mail ist Voraussetzung, dass Ihre pers\u00f6nlichen Erwartungen erf\u00fcllt werden k\u00f6nnen.<\/p>\n<h5><span style=\"color: #003366;\"><strong>Ihr direkter Kontakt zu uns:<\/strong><\/span><\/h5>\n\t\r\n\t\r\n\t\t\t\t\t\t<form  name= \"wpdevart_frontend_form_1\" id='wpdevart-forms-1' class=\"wpdevart-forms default-skin forms-general-styling\" method='post'  action='' enctype='multipart\/form-data'>\r\n\t\r\n\t\t\t\t\t\t                                            <!--bfh-number -->\r\n                                            <div class=\"wpdevart-input-field \">\r\n                                                 \r\n                                                        <label>Name<\/label>\r\n                                                        \r\n                                                <div class=\"input-text input-field-inner\">\r\n                                                    \r\n                                                    <input  type=\"text\"  \r\n                                                            id =\"input-field-1\"\r\n                                                            name=\"label_1\"   required                                                            value=\"\" class=\"form-control  \" \r\n                                                            placeholder=\"\" \r\n                                                             \r\n                                                           \/>\r\n                                                <\/div>\r\n                                            <\/div>\r\n\t\t\t\t\t\t\t\t\t\t                                            <!--bfh-number -->\r\n                                            <div class=\"wpdevart-input-field \">\r\n                                                 \r\n                                                        <label>Telefonnummer<\/label>\r\n                                                        \r\n                                                <div class=\"input-text input-field-inner\">\r\n                                                    \r\n                                                    <input  type=\"text\"  \r\n                                                            id =\"input-field-2\"\r\n                                                            name=\"label_2\"                                                               value=\"\" class=\"form-control  \" \r\n                                                            placeholder=\"\" \r\n                                                             \r\n                                                           \/>\r\n                                                <\/div>\r\n                                            <\/div>\r\n\t\t\t\t\t\t\t\t\t\t                                            <!--bfh-number -->\r\n                                            <div class=\"wpdevart-input-field \">\r\n                                                 \r\n                                                        <label>email:<\/label>\r\n                                                        \r\n                                                <div class=\"input-text input-field-inner\">\r\n                                                    \r\n                                                    <input  type=\"text\"  \r\n                                                            id =\"input-field-3\"\r\n                                                            name=\"label_3\"   required                                                            value=\"\" class=\"form-control  \" \r\n                                                            placeholder=\"\" \r\n                                                             \r\n                                                           \/>\r\n                                                <\/div>\r\n                                            <\/div>\r\n\t\t\t\t\t\t\t\t\t\t                                            <!--bfh-number -->\r\n                                            <div class=\"wpdevart-input-field \">\r\n                                                 \r\n                                                        <label>Ihre Yacht (Typ \/ L\u00e4nge ft)<\/label>\r\n                                                        \r\n                                                <div class=\"input-text input-field-inner\">\r\n                                                    \r\n                                                    <input  type=\"text\"  \r\n                                                            id =\"input-field-4\"\r\n                                                            name=\"label_4\"   required                                                            value=\"\" class=\"form-control  \" \r\n                                                            placeholder=\"\" \r\n                                                             \r\n                                                           \/>\r\n                                                <\/div>\r\n                                            <\/div>\r\n\t\t\t\t\t\t\t\t\t\t                                            <!--bfh-number -->\r\n                                            <div class=\"wpdevart-input-field \">\r\n                                                 \r\n                                                        <label>Ausgangs- \/ Zielhafen<\/label>\r\n                                                        \r\n                                                <div class=\"input-text input-field-inner\">\r\n                                                    \r\n                                                    <input  type=\"text\"  \r\n                                                            id =\"input-field-5\"\r\n                                                            name=\"label_5\"   required                                                            value=\"\" class=\"form-control  \" \r\n                                                            placeholder=\"\" \r\n                                                             \r\n                                                           \/>\r\n                                                <\/div>\r\n                                            <\/div>\r\n\t\t\t\t\t\t\t\t\t\t                                            <!--bfh-number -->\r\n                                            <div class=\"wpdevart-input-field \">\r\n                                                 \r\n                                                        <label>Wann soll die Yacht \u00fcberstellt werden<\/label>\r\n                                                        \r\n                                                <div class=\"input-text input-field-inner\">\r\n                                                    \r\n                                                    <input  type=\"text\"  \r\n                                                            id =\"input-field-6\"\r\n                                                            name=\"label_6\"   required                                                            value=\"\" class=\"form-control  \" \r\n                                                            placeholder=\"\" \r\n                                                             \r\n                                                           \/>\r\n                                                <\/div>\r\n                                            <\/div>\r\n\t\t\t\t\t\t\t\t\t\t                                            <!--bfh-number -->\r\n                                            <div class=\"wpdevart-input-field \">\r\n                                                 \r\n                                                        <label>Ben\u00f6tigte Besatzung<\/label>\r\n                                                        \r\n                                                <div class=\"input-text input-field-inner\">\r\n                                                    \r\n                                                    <input  type=\"text\"  \r\n                                                            id =\"input-field-21\"\r\n                                                            name=\"label_21\"   required                                                            value=\"\" class=\"form-control  \" \r\n                                                            placeholder=\"\" \r\n                                                             \r\n                                                           \/>\r\n                                                <\/div>\r\n                                            <\/div>\r\n\t\t\t\t\t\t\t\t\t\t                                            <!--bfh-number -->\r\n                                            <div class=\"wpdevart-input-field \">\r\n                                                 \r\n                                                        <label>Zus\u00e4tzliche Informationen:<\/label>\r\n                                                        \r\n                                                <div class=\"input-text input-field-inner\">\r\n                                                    \r\n                                                    <input  type=\"text\"  \r\n                                                            id =\"input-field-22\"\r\n                                                            name=\"label_22\"                                                               value=\"\" class=\"form-control  \" \r\n                                                            placeholder=\"\" \r\n                                                             \r\n                                                           \/>\r\n                                                <\/div>\r\n                                            <\/div>\r\n\t\t\t\t\t\t\t\t\t\t\t\r\n   \r\n                   \r\n\t\t\t\t\t   \t\t\t\t\t\t<input type=\"hidden\" name=\"form_id\" value=\"1\" \/>  \r\n\t\t\t\t\t\t<!--<input type=\"submit\" value='Absenden' id=\"btn_send_form_email_1\" name=\"btn_send_form_email\" \/>-->\r\n\t\t\t\t\t\t<button type=\"submit\" name=\"btn_send_form_email\" id=\"btn_send_form_email_1\" >Absenden<\/button>\r\n\t\t\t\t\t\t\t\r\n\t\t\t\t\t  <span id=\"loader-icon-1\" style=\"display:none;\" class=\"form-loader\">\r\n\t\t\t\t\t\t<img decoding=\"async\" src=\"http:\/\/www.yachttransfer.eu\/1703\/wp-content\/plugins\/contact-forms-builder\/\/assets\/images\/loader.gif\" \/>\r\n\t\t\t\t\t  <\/span>\r\n\t\r\n\t\t\t\t   <\/form>\r\n\t\r\n\t\t\t\t\t\t<div id=\"frontend_form_messages_1\" style=\"margin-top:10px; margin-bottom:10px;\"><\/div>\r\n\t\r\n\t\t\t\t   <script>\r\n\t\r\n\t\t\t\t\t\/\/ Document\r\n\t\t\t\t\tjQuery( document ).ready(function() {\r\n\t\t\t\t\t\t\/\/\tDon't submit form on enter, allow enter button only for texts\r\n\t\t\t\t\t\tjQuery(document).on(\"keypress\", \":input:not(textarea)\", function(event) {\r\n\t\t\t\t\t\t\treturn event.keyCode != 13;\r\n\t\t\t\t\t\t});\r\n\t\r\n\t\t\t\t\t\t\/\/ Do not use previous password saved in browser for password field\r\n\t\t\t\t\t\tjQuery(\"input[type='password']\").attr(\"autocomplete\", \"new-password\");\r\n\t\r\n\t\t\t\t\t\t\/\/handle form submission\r\n\t\t\t\t\t\t\/\/jQuery(\"form[name='wpdevart_frontend_form_1']\").submit(function(e){\r\n\t\t\t\t\t\tjQuery(document).on(\"submit\", \"form[name='wpdevart_frontend_form_1']\", function(e) {\r\n\t\t\t\t\t\t\t\/\/shortcode attributes e.g\r\n\t\t\t\t\t\t\tvar atts = {\"id\":\"1\"};\r\n\t\t\t\t\t\t\tvar options = { \r\n\t\t\t\t\t\t\t\t\/\/target:'#frontend_form_messages_1',   \/\/ target element(s) to be updated with server response \r\n\t\t\t\t\t\t\t\t\/\/ other available options: \r\n\t\t\t\t\t\t\t\t url:\"http:\/\/www.yachttransfer.eu\/1703\/wp-admin\/admin-ajax.php\",        \/\/ override for form's 'action' attribute \r\n\t\t\t\t\t\t\t\t\/\/url:\"http:\/\/www.yachttransfer.eu\/1703\/wp-content\/plugins\/contact-forms-builder\/check-ajax.php\",\r\n\t\t\t\t\t\t\t\tdata:{'btn_send_form_email':'1','process_ajax':'1','atts':JSON.stringify(atts),'action':'get_post_information'},\r\n\t\t\t\t\t\t\t\t\/\/type:      type        \/\/ 'get' or 'post', override for form's 'method' attribute \r\n\t\t\t\t\t\t\t\t\/\/dataType:  null        \/\/ 'xml', 'script', or 'json' (expected server response type) \r\n\t\t\t\t\t\t\t\t\/\/clearForm: true ,       \/\/ clear all form fields after successful submit \r\n\t\t\t\t\t\t\t\t\/\/resetForm: true  ,      \/\/ reset the form after successful submit \r\n\t\r\n\t\t\t\t\t\t\t\t\/\/ $.ajax options can be used here too, for example: \r\n\t\t\t\t\t\t\t\t\/\/timeout:   3000 \r\n\t\r\n\t\t\t\t\t\t\t\tbeforeSubmit: function() {\r\n\t\t\t\t\t\t\t\t\tjQuery(\"#loader-icon-1\").show();\r\n\t\t\t\t\t\t\t\t},\r\n\t\t\t\t\t\t\t\tsuccess:showResponse, \/\/ post-submit callback \r\n\t\t\t\t\t\t\t }; \r\n\t\r\n\t\t\t\t\t\t\t\/\/ inside event callbacks 'this' is the DOM element so we first \r\n\t\t\t\t\t\t\t\/\/ wrap it in a jQuery object and then invoke ajaxSubmit \r\n\t\t\t\t\t\t\tjQuery(this).ajaxSubmit(options); \r\n\t\r\n\t\t\t\t\t\t\t\/\/ !!! Important !!! \r\n\t\t\t\t\t\t\t\/\/ always return false to prevent standard browser submit and page navigation \r\n\t\t\t\t\t\t\treturn false; \r\n\t\t\t\t\t\t}); \r\n\t\r\n\t\r\n\t\t\t\t\t\tfunction showResponse(responseText, statusText, xhr, $form) {\r\n\t\t\t\t\t\t\tstr = responseText;\r\n\t\t\t\t\t\t\t\/\/replace first occurence \r\n\t\t\t\t\t\t\tstr = str.replace(\"successmsg_\", \" \"); \r\n\t\t\t\t\t\t\t\/\/ append response\r\n\t\r\n\t\t\t\t\t\t\tjQuery(\"#frontend_form_messages_1\").text(\" \");\r\n\t\t\t\t\t\t\tjQuery(\"#frontend_form_messages_1\").append(str);\r\n\t\t\t\t\t\t\tsetTimeout(function(){ \r\n\t\t\t\t\t\t\t\t\/\/jQuery(\"#frontend_form_messages_1 .success_message1\").fadeout(); \r\n\t\t\t\t\t\t\t\tjQuery(\"#frontend_form_messages_1 .success_message\").fadeOut();\r\n\t\t\t\t\t\t\t}, 5000);\r\n\t\r\n\t\t\t\t\t\t\t\/\/\tresponseText  , updates the div in target specified in options\r\n\t\t\t\t\t\t\tjQuery(\"#loader-icon-1\").hide();\r\n\t\r\n\t\t\t\t\t\t\tvar matched = responseText.search('successmsg_');\r\n\t\t\t\t\t\t\tif(matched != -1) {\r\n\t\r\n\t\t\t\t\t\t\t\tvar formId = \"1\";\r\n\t\t\t\t\t\t\t\t\r\n\t\r\n\t\t\t\t\t\t\t\tsetTimeout(function(){\r\n\t\t\t\t\t\t\t\t\t\t jQuery('#wpdevart-forms-1')[0].reset(); \r\n\t\t\t\t\t\t\t\t\t\t jQuery(\"#wpdevart-forms-\"+formId).each(function() {\r\n\t\t\t\t\t\t\t\t\t\t\t\r\n\t\t\t\t\t\t\t\t\t\t\t\r\n\t\t\t\t\t\t\t\t\t\t});\r\n\t\t\t\t\t\t\t\t },100);\r\n\t\t\t\t\t\t\t }\r\n\t\r\n\t\t\t\t\t\treturn false;\r\n\t\r\n\t\t\t\t\t\t}\r\n\t\t\t\t\t\tfunction showRequest() {\r\n\t\t\t\t\t\t\treturn false;\r\n\t\t\t\t\t\t}\r\n\t\r\n\t\t\t\t\t\tjQuery(document).on(\"click\",\"[type=reset].ws-reset-form\",function(e){\r\n\t\t\t\t\t\t\tformId= jQuery(this).attr('data-attr');\r\n\t\t\t\t\t\t\t\/\/reset\r\n\t\t\t\t\t\t\tjQuery(\"#wpdevart-forms-\"+formId).each(function(){\r\n\t\t\t\t\t\t\t\t\r\n\t\t\t\t\t\t\t\t\t\r\n\t\t\t\t\t\t\t\t\tjQuery(\"#wpdevart-forms-\"+formId)[0].reset();\r\n\t\t\t\t\t\t\t\t});\r\n\t\r\n\t\t\t\t\t\t\treturn false;\r\n\t\r\n\t\t\t\t\t\t});\r\n\t\t\t\t\t});\r\n\t\r\n\t\t\t\t\t<\/script>\r\n\t\t\t\t\n","protected":false},"excerpt":{"rendered":"<p>Wir planen mit Ihnen gemeinsam. So k\u00f6nnen wir auf spezifische W\u00fcnsche und Rahmenbedingungen bestm\u00f6glich eingehen. Anschlie\u00dfend vermitteln wir Ihnen gerne den f\u00fcr Ihr Anliegen bestens passenden Skipper. Wir m\u00f6chten ausdr\u00fccklich darauf hinweisen, dass eine Vereinbarung immer direkt zwischen dem Skipper\/der Crew und Ihnen als Eigner geschlossen wird. Ein Anruf, ein Mail gen\u00fcgt!\u00a0\u00a0\u00a0 Wir beantworten gerne &hellip; <\/p>\n<p><a class=\"more-link btn\" href=\"http:\/\/www.yachttransfer.eu\/1703\/transfer-services\/angebote\/\">Weiterlesen<\/a><\/p>\n","protected":false},"author":1,"featured_media":0,"parent":20,"menu_order":4,"comment_status":"closed","ping_status":"closed","template":"","meta":{"footnotes":""},"class_list":["post-28","page","type-page","status-publish","hentry","nodate","item-wrap"],"yoast_head":"<!-- This site is optimized with the Yoast SEO plugin v27.5 - https:\/\/yoast.com\/product\/yoast-seo-wordpress\/ -->\n<title>Anfragen -<\/title>\n<meta name=\"robots\" content=\"index, follow, max-snippet:-1, max-image-preview:large, max-video-preview:-1\" \/>\n<link rel=\"canonical\" href=\"http:\/\/www.yachttransfer.eu\/1703\/transfer-services\/angebote\/\" \/>\n<meta property=\"og:locale\" content=\"de_DE\" \/>\n<meta property=\"og:type\" content=\"article\" \/>\n<meta property=\"og:title\" content=\"Anfragen -\" \/>\n<meta property=\"og:description\" content=\"Wir planen mit Ihnen gemeinsam. So k\u00f6nnen wir auf spezifische W\u00fcnsche und Rahmenbedingungen bestm\u00f6glich eingehen. Anschlie\u00dfend vermitteln wir Ihnen gerne den f\u00fcr Ihr Anliegen bestens passenden Skipper. Wir m\u00f6chten ausdr\u00fccklich darauf hinweisen, dass eine Vereinbarung immer direkt zwischen dem Skipper\/der Crew und Ihnen als Eigner geschlossen wird. Ein Anruf, ein Mail gen\u00fcgt!\u00a0\u00a0\u00a0 Wir beantworten gerne &hellip; Weiterlesen\" \/>\n<meta property=\"og:url\" content=\"http:\/\/www.yachttransfer.eu\/1703\/transfer-services\/angebote\/\" \/>\n<meta property=\"article:modified_time\" content=\"2018-10-16T12:49:15+00:00\" \/>\n<meta name=\"twitter:card\" content=\"summary_large_image\" \/>\n<script type=\"application\/ld+json\" class=\"yoast-schema-graph\">{\"@context\":\"https:\\\/\\\/schema.org\",\"@graph\":[{\"@type\":\"WebPage\",\"@id\":\"http:\\\/\\\/www.yachttransfer.eu\\\/1703\\\/transfer-services\\\/angebote\\\/\",\"url\":\"http:\\\/\\\/www.yachttransfer.eu\\\/1703\\\/transfer-services\\\/angebote\\\/\",\"name\":\"Anfragen -\",\"isPartOf\":{\"@id\":\"http:\\\/\\\/www.yachttransfer.eu\\\/1703\\\/#website\"},\"datePublished\":\"2017-02-21T13:49:03+00:00\",\"dateModified\":\"2018-10-16T12:49:15+00:00\",\"breadcrumb\":{\"@id\":\"http:\\\/\\\/www.yachttransfer.eu\\\/1703\\\/transfer-services\\\/angebote\\\/#breadcrumb\"},\"inLanguage\":\"de\",\"potentialAction\":[{\"@type\":\"ReadAction\",\"target\":[\"http:\\\/\\\/www.yachttransfer.eu\\\/1703\\\/transfer-services\\\/angebote\\\/\"]}]},{\"@type\":\"BreadcrumbList\",\"@id\":\"http:\\\/\\\/www.yachttransfer.eu\\\/1703\\\/transfer-services\\\/angebote\\\/#breadcrumb\",\"itemListElement\":[{\"@type\":\"ListItem\",\"position\":1,\"name\":\"Startseite\",\"item\":\"http:\\\/\\\/www.yachttransfer.eu\\\/1703\\\/\"},{\"@type\":\"ListItem\",\"position\":2,\"name\":\"Transfer-Services\",\"item\":\"http:\\\/\\\/www.yachttransfer.eu\\\/1703\\\/transfer-services\\\/\"},{\"@type\":\"ListItem\",\"position\":3,\"name\":\"Anfragen\"}]},{\"@type\":\"WebSite\",\"@id\":\"http:\\\/\\\/www.yachttransfer.eu\\\/1703\\\/#website\",\"url\":\"http:\\\/\\\/www.yachttransfer.eu\\\/1703\\\/\",\"name\":\"\",\"description\":\"\",\"potentialAction\":[{\"@type\":\"SearchAction\",\"target\":{\"@type\":\"EntryPoint\",\"urlTemplate\":\"http:\\\/\\\/www.yachttransfer.eu\\\/1703\\\/?s={search_term_string}\"},\"query-input\":{\"@type\":\"PropertyValueSpecification\",\"valueRequired\":true,\"valueName\":\"search_term_string\"}}],\"inLanguage\":\"de\"}]}<\/script>\n<!-- \/ Yoast SEO plugin. -->","yoast_head_json":{"title":"Anfragen -","robots":{"index":"index","follow":"follow","max-snippet":"max-snippet:-1","max-image-preview":"max-image-preview:large","max-video-preview":"max-video-preview:-1"},"canonical":"http:\/\/www.yachttransfer.eu\/1703\/transfer-services\/angebote\/","og_locale":"de_DE","og_type":"article","og_title":"Anfragen -","og_description":"Wir planen mit Ihnen gemeinsam. So k\u00f6nnen wir auf spezifische W\u00fcnsche und Rahmenbedingungen bestm\u00f6glich eingehen. Anschlie\u00dfend vermitteln wir Ihnen gerne den f\u00fcr Ihr Anliegen bestens passenden Skipper. Wir m\u00f6chten ausdr\u00fccklich darauf hinweisen, dass eine Vereinbarung immer direkt zwischen dem Skipper\/der Crew und Ihnen als Eigner geschlossen wird. Ein Anruf, ein Mail gen\u00fcgt!\u00a0\u00a0\u00a0 Wir beantworten gerne &hellip; Weiterlesen","og_url":"http:\/\/www.yachttransfer.eu\/1703\/transfer-services\/angebote\/","article_modified_time":"2018-10-16T12:49:15+00:00","twitter_card":"summary_large_image","schema":{"@context":"https:\/\/schema.org","@graph":[{"@type":"WebPage","@id":"http:\/\/www.yachttransfer.eu\/1703\/transfer-services\/angebote\/","url":"http:\/\/www.yachttransfer.eu\/1703\/transfer-services\/angebote\/","name":"Anfragen -","isPartOf":{"@id":"http:\/\/www.yachttransfer.eu\/1703\/#website"},"datePublished":"2017-02-21T13:49:03+00:00","dateModified":"2018-10-16T12:49:15+00:00","breadcrumb":{"@id":"http:\/\/www.yachttransfer.eu\/1703\/transfer-services\/angebote\/#breadcrumb"},"inLanguage":"de","potentialAction":[{"@type":"ReadAction","target":["http:\/\/www.yachttransfer.eu\/1703\/transfer-services\/angebote\/"]}]},{"@type":"BreadcrumbList","@id":"http:\/\/www.yachttransfer.eu\/1703\/transfer-services\/angebote\/#breadcrumb","itemListElement":[{"@type":"ListItem","position":1,"name":"Startseite","item":"http:\/\/www.yachttransfer.eu\/1703\/"},{"@type":"ListItem","position":2,"name":"Transfer-Services","item":"http:\/\/www.yachttransfer.eu\/1703\/transfer-services\/"},{"@type":"ListItem","position":3,"name":"Anfragen"}]},{"@type":"WebSite","@id":"http:\/\/www.yachttransfer.eu\/1703\/#website","url":"http:\/\/www.yachttransfer.eu\/1703\/","name":"","description":"","potentialAction":[{"@type":"SearchAction","target":{"@type":"EntryPoint","urlTemplate":"http:\/\/www.yachttransfer.eu\/1703\/?s={search_term_string}"},"query-input":{"@type":"PropertyValueSpecification","valueRequired":true,"valueName":"search_term_string"}}],"inLanguage":"de"}]}},"_links":{"self":[{"href":"http:\/\/www.yachttransfer.eu\/1703\/wp-json\/wp\/v2\/pages\/28","targetHints":{"allow":["GET"]}}],"collection":[{"href":"http:\/\/www.yachttransfer.eu\/1703\/wp-json\/wp\/v2\/pages"}],"about":[{"href":"http:\/\/www.yachttransfer.eu\/1703\/wp-json\/wp\/v2\/types\/page"}],"author":[{"embeddable":true,"href":"http:\/\/www.yachttransfer.eu\/1703\/wp-json\/wp\/v2\/users\/1"}],"replies":[{"embeddable":true,"href":"http:\/\/www.yachttransfer.eu\/1703\/wp-json\/wp\/v2\/comments?post=28"}],"version-history":[{"count":6,"href":"http:\/\/www.yachttransfer.eu\/1703\/wp-json\/wp\/v2\/pages\/28\/revisions"}],"predecessor-version":[{"id":546,"href":"http:\/\/www.yachttransfer.eu\/1703\/wp-json\/wp\/v2\/pages\/28\/revisions\/546"}],"up":[{"embeddable":true,"href":"http:\/\/www.yachttransfer.eu\/1703\/wp-json\/wp\/v2\/pages\/20"}],"wp:attachment":[{"href":"http:\/\/www.yachttransfer.eu\/1703\/wp-json\/wp\/v2\/media?parent=28"}],"curies":[{"name":"wp","href":"https:\/\/api.w.org\/{rel}","templated":true}]}}