{"id":26,"date":"2017-02-21T14:49:33","date_gmt":"2017-02-21T13:49:33","guid":{"rendered":"http:\/\/www.yachttransfer.eu\/1703\/?page_id=26"},"modified":"2018-10-16T14:48:44","modified_gmt":"2018-10-16T12:48:44","slug":"projektmanagement","status":"publish","type":"page","link":"http:\/\/www.yachttransfer.eu\/1703\/transfer-services\/projektmanagement\/","title":{"rendered":"Projektmanagement"},"content":{"rendered":"<h5><strong><span style=\"color: #003366;\">Planung \u2013 Organisation \u2013 Durchf\u00fchrung<\/span><\/strong><\/h5>\n<p>Die \u00dcberstellung einer Yacht bedarf umfangreicher Planungs- und Vorbereitungsma\u00dfnahmen.<\/p>\n<p>Bei neuen Yachten (ab Werft) beginnt dies bereits mit der technischen Abnahme,\u00a0 den ersten Tests und die Komplettierung der Yacht passend zum geplanten Fahrgebiet. Weitere Schritte sind die Pr\u00fcfung der Schiffspapiere und Abschlu\u00df einer entsprechenden Versicherung. Wir beraten Sie gerne bzw. vermitteln Ihnen verl\u00e4\u00dfliche Partner.<\/p>\n<p>Wir planen und dokumentieren jeden Schritt: von der Vorbereitung bis zur Routenplanung und Durchf\u00fchrung der Passage.<\/p>\n<p>Passt alles, kann die \u00dcberf\u00fchrung beginnen. Abschlu\u00df ist die \u00dcbergabe an den Eigner.<\/p>\n","protected":false},"excerpt":{"rendered":"<p>Planung \u2013 Organisation \u2013 Durchf\u00fchrung Die \u00dcberstellung einer Yacht bedarf umfangreicher Planungs- und Vorbereitungsma\u00dfnahmen. Bei neuen Yachten (ab Werft) beginnt dies bereits mit der technischen Abnahme,\u00a0 den ersten Tests und die Komplettierung der Yacht passend zum geplanten Fahrgebiet. Weitere Schritte sind die Pr\u00fcfung der Schiffspapiere und Abschlu\u00df einer entsprechenden Versicherung. Wir beraten Sie gerne bzw. &hellip; <\/p>\n<p><a class=\"more-link btn\" href=\"http:\/\/www.yachttransfer.eu\/1703\/transfer-services\/projektmanagement\/\">Weiterlesen<\/a><\/p>\n","protected":false},"author":1,"featured_media":0,"parent":20,"menu_order":3,"comment_status":"closed","ping_status":"closed","template":"","meta":{"footnotes":""},"class_list":["post-26","page","type-page","status-publish","hentry","nodate","item-wrap"],"yoast_head":"<!-- This site is optimized with the Yoast SEO plugin v27.5 - https:\/\/yoast.com\/product\/yoast-seo-wordpress\/ -->\n<title>Projektmanagement -<\/title>\n<meta name=\"robots\" content=\"index, follow, max-snippet:-1, max-image-preview:large, max-video-preview:-1\" \/>\n<link rel=\"canonical\" href=\"http:\/\/www.yachttransfer.eu\/1703\/transfer-services\/projektmanagement\/\" \/>\n<meta property=\"og:locale\" content=\"de_DE\" \/>\n<meta property=\"og:type\" content=\"article\" \/>\n<meta property=\"og:title\" content=\"Projektmanagement -\" \/>\n<meta property=\"og:description\" content=\"Planung \u2013 Organisation \u2013 Durchf\u00fchrung Die \u00dcberstellung einer Yacht bedarf umfangreicher Planungs- und Vorbereitungsma\u00dfnahmen. Bei neuen Yachten (ab Werft) beginnt dies bereits mit der technischen Abnahme,\u00a0 den ersten Tests und die Komplettierung der Yacht passend zum geplanten Fahrgebiet. Weitere Schritte sind die Pr\u00fcfung der Schiffspapiere und Abschlu\u00df einer entsprechenden Versicherung. Wir beraten Sie gerne bzw. &hellip; Weiterlesen\" \/>\n<meta property=\"og:url\" content=\"http:\/\/www.yachttransfer.eu\/1703\/transfer-services\/projektmanagement\/\" \/>\n<meta property=\"article:modified_time\" content=\"2018-10-16T12:48:44+00:00\" \/>\n<meta name=\"twitter:card\" content=\"summary_large_image\" \/>\n<script type=\"application\/ld+json\" class=\"yoast-schema-graph\">{\"@context\":\"https:\\\/\\\/schema.org\",\"@graph\":[{\"@type\":\"WebPage\",\"@id\":\"http:\\\/\\\/www.yachttransfer.eu\\\/1703\\\/transfer-services\\\/projektmanagement\\\/\",\"url\":\"http:\\\/\\\/www.yachttransfer.eu\\\/1703\\\/transfer-services\\\/projektmanagement\\\/\",\"name\":\"Projektmanagement -\",\"isPartOf\":{\"@id\":\"http:\\\/\\\/www.yachttransfer.eu\\\/1703\\\/#website\"},\"datePublished\":\"2017-02-21T13:49:33+00:00\",\"dateModified\":\"2018-10-16T12:48:44+00:00\",\"breadcrumb\":{\"@id\":\"http:\\\/\\\/www.yachttransfer.eu\\\/1703\\\/transfer-services\\\/projektmanagement\\\/#breadcrumb\"},\"inLanguage\":\"de\",\"potentialAction\":[{\"@type\":\"ReadAction\",\"target\":[\"http:\\\/\\\/www.yachttransfer.eu\\\/1703\\\/transfer-services\\\/projektmanagement\\\/\"]}]},{\"@type\":\"BreadcrumbList\",\"@id\":\"http:\\\/\\\/www.yachttransfer.eu\\\/1703\\\/transfer-services\\\/projektmanagement\\\/#breadcrumb\",\"itemListElement\":[{\"@type\":\"ListItem\",\"position\":1,\"name\":\"Startseite\",\"item\":\"http:\\\/\\\/www.yachttransfer.eu\\\/1703\\\/\"},{\"@type\":\"ListItem\",\"position\":2,\"name\":\"Transfer-Services\",\"item\":\"http:\\\/\\\/www.yachttransfer.eu\\\/1703\\\/transfer-services\\\/\"},{\"@type\":\"ListItem\",\"position\":3,\"name\":\"Projektmanagement\"}]},{\"@type\":\"WebSite\",\"@id\":\"http:\\\/\\\/www.yachttransfer.eu\\\/1703\\\/#website\",\"url\":\"http:\\\/\\\/www.yachttransfer.eu\\\/1703\\\/\",\"name\":\"\",\"description\":\"\",\"potentialAction\":[{\"@type\":\"SearchAction\",\"target\":{\"@type\":\"EntryPoint\",\"urlTemplate\":\"http:\\\/\\\/www.yachttransfer.eu\\\/1703\\\/?s={search_term_string}\"},\"query-input\":{\"@type\":\"PropertyValueSpecification\",\"valueRequired\":true,\"valueName\":\"search_term_string\"}}],\"inLanguage\":\"de\"}]}<\/script>\n<!-- \/ Yoast SEO plugin. -->","yoast_head_json":{"title":"Projektmanagement -","robots":{"index":"index","follow":"follow","max-snippet":"max-snippet:-1","max-image-preview":"max-image-preview:large","max-video-preview":"max-video-preview:-1"},"canonical":"http:\/\/www.yachttransfer.eu\/1703\/transfer-services\/projektmanagement\/","og_locale":"de_DE","og_type":"article","og_title":"Projektmanagement -","og_description":"Planung \u2013 Organisation \u2013 Durchf\u00fchrung Die \u00dcberstellung einer Yacht bedarf umfangreicher Planungs- und Vorbereitungsma\u00dfnahmen. Bei neuen Yachten (ab Werft) beginnt dies bereits mit der technischen Abnahme,\u00a0 den ersten Tests und die Komplettierung der Yacht passend zum geplanten Fahrgebiet. Weitere Schritte sind die Pr\u00fcfung der Schiffspapiere und Abschlu\u00df einer entsprechenden Versicherung. Wir beraten Sie gerne bzw. &hellip; Weiterlesen","og_url":"http:\/\/www.yachttransfer.eu\/1703\/transfer-services\/projektmanagement\/","article_modified_time":"2018-10-16T12:48:44+00:00","twitter_card":"summary_large_image","schema":{"@context":"https:\/\/schema.org","@graph":[{"@type":"WebPage","@id":"http:\/\/www.yachttransfer.eu\/1703\/transfer-services\/projektmanagement\/","url":"http:\/\/www.yachttransfer.eu\/1703\/transfer-services\/projektmanagement\/","name":"Projektmanagement -","isPartOf":{"@id":"http:\/\/www.yachttransfer.eu\/1703\/#website"},"datePublished":"2017-02-21T13:49:33+00:00","dateModified":"2018-10-16T12:48:44+00:00","breadcrumb":{"@id":"http:\/\/www.yachttransfer.eu\/1703\/transfer-services\/projektmanagement\/#breadcrumb"},"inLanguage":"de","potentialAction":[{"@type":"ReadAction","target":["http:\/\/www.yachttransfer.eu\/1703\/transfer-services\/projektmanagement\/"]}]},{"@type":"BreadcrumbList","@id":"http:\/\/www.yachttransfer.eu\/1703\/transfer-services\/projektmanagement\/#breadcrumb","itemListElement":[{"@type":"ListItem","position":1,"name":"Startseite","item":"http:\/\/www.yachttransfer.eu\/1703\/"},{"@type":"ListItem","position":2,"name":"Transfer-Services","item":"http:\/\/www.yachttransfer.eu\/1703\/transfer-services\/"},{"@type":"ListItem","position":3,"name":"Projektmanagement"}]},{"@type":"WebSite","@id":"http:\/\/www.yachttransfer.eu\/1703\/#website","url":"http:\/\/www.yachttransfer.eu\/1703\/","name":"","description":"","potentialAction":[{"@type":"SearchAction","target":{"@type":"EntryPoint","urlTemplate":"http:\/\/www.yachttransfer.eu\/1703\/?s={search_term_string}"},"query-input":{"@type":"PropertyValueSpecification","valueRequired":true,"valueName":"search_term_string"}}],"inLanguage":"de"}]}},"_links":{"self":[{"href":"http:\/\/www.yachttransfer.eu\/1703\/wp-json\/wp\/v2\/pages\/26","targetHints":{"allow":["GET"]}}],"collection":[{"href":"http:\/\/www.yachttransfer.eu\/1703\/wp-json\/wp\/v2\/pages"}],"about":[{"href":"http:\/\/www.yachttransfer.eu\/1703\/wp-json\/wp\/v2\/types\/page"}],"author":[{"embeddable":true,"href":"http:\/\/www.yachttransfer.eu\/1703\/wp-json\/wp\/v2\/users\/1"}],"replies":[{"embeddable":true,"href":"http:\/\/www.yachttransfer.eu\/1703\/wp-json\/wp\/v2\/comments?post=26"}],"version-history":[{"count":4,"href":"http:\/\/www.yachttransfer.eu\/1703\/wp-json\/wp\/v2\/pages\/26\/revisions"}],"predecessor-version":[{"id":545,"href":"http:\/\/www.yachttransfer.eu\/1703\/wp-json\/wp\/v2\/pages\/26\/revisions\/545"}],"up":[{"embeddable":true,"href":"http:\/\/www.yachttransfer.eu\/1703\/wp-json\/wp\/v2\/pages\/20"}],"wp:attachment":[{"href":"http:\/\/www.yachttransfer.eu\/1703\/wp-json\/wp\/v2\/media?parent=26"}],"curies":[{"name":"wp","href":"https:\/\/api.w.org\/{rel}","templated":true}]}}