{"id":255,"date":"2017-05-08T12:15:45","date_gmt":"2017-05-08T10:15:45","guid":{"rendered":"http:\/\/www.yachttransfer.eu\/1703\/?page_id=255"},"modified":"2018-12-21T16:01:32","modified_gmt":"2018-12-21T15:01:32","slug":"meilentoern-praxistoern","status":"publish","type":"page","link":"http:\/\/www.yachttransfer.eu\/1703\/meilentoern-praxistoern\/","title":{"rendered":"Meilen- \/ Praxist\u00f6rns"},"content":{"rendered":"<h1><span style=\"color: #003366;\">Praxist\u00f6rn \/ Meilent\u00f6rn<\/span><\/h1>\n<h4><span style=\"color: #003366;\"><strong>Ihr wollt euch im Segeln weiterentwickeln, sucht Praxis mit einem erfahrenen Skipper ?<\/strong><\/span><br \/><span style=\"color: #003366;\"><strong> Fehlen euch Meilen und wollt voneinander lernen?<\/strong><\/span><\/h4>\n<p>Und es soll zu einem speziellen Termin stattfinden &#8211; dann seid ihr hier f\u00fcr euren Meilent\u00f6rn \/ Praxist\u00f6rn richtig.<\/p>\n<ul>\n<li>Wir stimmen mit euch ab in welchem Revier wir segeln,<\/li>\n<li>mit welchem Schiff (Katamaran oder Monohull),<\/li>\n<li>auf welchem Level und mit welchen Spezialthemen.\n<ul>\n<li>Man\u00f6vertraining, Tidengew\u00e4sser, Schwerwetter, blind navigation, &#8230;<\/li>\n<\/ul>\n<\/li>\n<\/ul>\n<p><span style=\"color: #003366;\">Erfahrung sammeln kombiniert mit\u00a0 Spass und Erholung<\/span><\/p>\n\n\n<div class=\"wp-block-image\"><figure class=\"alignright\"><img decoding=\"async\" src=\"http:\/\/www.fairwinds.at\/1604\/wp-content\/uploads\/2016\/04\/20140908_170016-Kopie-300x169.jpg\" alt=\"20140908_170016 - Kopie\" class=\"wp-image-24\"\/><\/figure><\/div>\n\n\n\n<div class=\"wp-block-image\"><figure class=\"alignleft\"><img decoding=\"async\" src=\"http:\/\/www.fairwinds.at\/1604\/wp-content\/uploads\/2016\/04\/WP_20161203_11_33_23_Pro-300x169.jpg\" alt=\"\" class=\"wp-image-376\"\/><\/figure><\/div>\n\n\n\n<div class=\"wp-block-image\"><figure class=\"alignright\"><img decoding=\"async\" src=\"http:\/\/www.fairwinds.at\/1604\/wp-content\/uploads\/2016\/04\/WP_20161203_14_51_24_Pro-300x169.jpg\" alt=\"\" class=\"wp-image-378\"\/><\/figure><\/div>\n\n\n\n<div class=\"wp-block-image\"><figure class=\"alignleft\"><img decoding=\"async\" src=\"http:\/\/www.fairwinds.at\/1604\/wp-content\/uploads\/2016\/04\/WP_20161203_12_02_10_Pro-300x169.jpg\" alt=\"\" class=\"wp-image-377\"\/><\/figure><\/div>\n\n\n\n<div class=\"wp-block-image\"><figure class=\"alignright\"><img decoding=\"async\" src=\"http:\/\/www.fairwinds.at\/1604\/wp-content\/uploads\/2016\/04\/Korinth-1-300x211.jpg\" alt=\"Korinth 1\" class=\"wp-image-280\"\/><\/figure><\/div>\n\n\n\n<div class=\"wp-block-image\"><figure class=\"alignleft\"><img decoding=\"async\" src=\"http:\/\/www.fairwinds.at\/1604\/wp-content\/uploads\/2016\/04\/WP_20161203_11_47_34_Pro-300x169.jpg\" alt=\"\" class=\"wp-image-402\"\/><\/figure><\/div>\n\n\n\n<div class=\"wp-block-image\"><figure class=\"alignleft\"><img decoding=\"async\" src=\"http:\/\/www.fairwinds.at\/1604\/wp-content\/uploads\/2017\/03\/WP_20161201_08_49_41_Pro-300x169.jpg\" alt=\"\" class=\"wp-image-486\"\/><\/figure><\/div>\n\n\n\n<h3 class=\"wp-block-heading\"><figure><br><\/figure><\/h3>\n\n\n\n<div class=\"wp-block-image\"><figure class=\"alignright\"><img decoding=\"async\" src=\"http:\/\/www.fairwinds.at\/1604\/wp-content\/uploads\/2016\/04\/RdGaVIJ69JiBRY4QhnTq00VFq6-n9nYv4dm9n8AWSsc-225x300.jpg\" alt=\"RdGaVIJ69JiBRY4QhnTq00VFq6-n9nYv4dm9n8AWSsc\" class=\"wp-image-191\"\/><\/figure><\/div>\n\n\n\n<div class=\"wp-block-image\"><figure class=\"alignleft\"><img decoding=\"async\" src=\"http:\/\/www.fairwinds.at\/1604\/wp-content\/uploads\/2017\/03\/S-8-2-300x209.jpg\" alt=\"\" class=\"wp-image-441\"\/><\/figure><\/div>\n","protected":false},"excerpt":{"rendered":"<p>Praxist\u00f6rn \/ Meilent\u00f6rn Ihr wollt euch im Segeln weiterentwickeln, sucht Praxis mit einem erfahrenen Skipper ? Fehlen euch Meilen und wollt voneinander lernen? Und es soll zu einem speziellen Termin stattfinden &#8211; dann seid ihr hier f\u00fcr euren Meilent\u00f6rn \/ Praxist\u00f6rn richtig. Wir stimmen mit euch ab in welchem Revier wir segeln, mit welchem Schiff &hellip; <\/p>\n<p><a class=\"more-link btn\" href=\"http:\/\/www.yachttransfer.eu\/1703\/meilentoern-praxistoern\/\">Weiterlesen<\/a><\/p>\n","protected":false},"author":1,"featured_media":0,"parent":0,"menu_order":4,"comment_status":"closed","ping_status":"closed","template":"","meta":{"footnotes":""},"class_list":["post-255","page","type-page","status-publish","hentry","nodate","item-wrap"],"yoast_head":"<!-- This site is optimized with the Yoast SEO plugin v27.5 - https:\/\/yoast.com\/product\/yoast-seo-wordpress\/ -->\n<title>Meilent\u00f6rn \/ Praxist\u00f6rn - Erfahrung sammeln, Sicherheit gewinnen<\/title>\n<meta name=\"description\" content=\"Meilent\u00f6rn, Praxist\u00f6rn, Yacht, Skipper, RYA Yachtmaster, Crew, Vermittlung von Skippern, Segelyacht, Motoryacht, Skipper auf Zeit, professionell,\" \/>\n<meta name=\"robots\" content=\"index, follow, max-snippet:-1, max-image-preview:large, max-video-preview:-1\" \/>\n<link rel=\"canonical\" href=\"http:\/\/www.yachttransfer.eu\/1703\/meilentoern-praxistoern\/\" \/>\n<meta property=\"og:locale\" content=\"de_DE\" \/>\n<meta property=\"og:type\" content=\"article\" \/>\n<meta property=\"og:title\" content=\"Meilent\u00f6rn \/ Praxist\u00f6rn - Erfahrung sammeln, Sicherheit gewinnen\" \/>\n<meta property=\"og:description\" content=\"Meilent\u00f6rn, Praxist\u00f6rn, Yacht, Skipper, RYA Yachtmaster, Crew, Vermittlung von Skippern, Segelyacht, Motoryacht, Skipper auf Zeit, professionell,\" \/>\n<meta property=\"og:url\" content=\"http:\/\/www.yachttransfer.eu\/1703\/meilentoern-praxistoern\/\" \/>\n<meta property=\"article:modified_time\" content=\"2018-12-21T15:01:32+00:00\" \/>\n<meta property=\"og:image\" content=\"http:\/\/www.fairwinds.at\/1604\/wp-content\/uploads\/2016\/04\/20140908_170016-Kopie-300x169.jpg\" \/>\n<meta name=\"twitter:card\" content=\"summary_large_image\" \/>\n<script type=\"application\/ld+json\" class=\"yoast-schema-graph\">{\"@context\":\"https:\\\/\\\/schema.org\",\"@graph\":[{\"@type\":\"WebPage\",\"@id\":\"http:\\\/\\\/www.yachttransfer.eu\\\/1703\\\/meilentoern-praxistoern\\\/\",\"url\":\"http:\\\/\\\/www.yachttransfer.eu\\\/1703\\\/meilentoern-praxistoern\\\/\",\"name\":\"Meilent\u00f6rn \\\/ Praxist\u00f6rn - Erfahrung sammeln, Sicherheit gewinnen\",\"isPartOf\":{\"@id\":\"http:\\\/\\\/www.yachttransfer.eu\\\/1703\\\/#website\"},\"primaryImageOfPage\":{\"@id\":\"http:\\\/\\\/www.yachttransfer.eu\\\/1703\\\/meilentoern-praxistoern\\\/#primaryimage\"},\"image\":{\"@id\":\"http:\\\/\\\/www.yachttransfer.eu\\\/1703\\\/meilentoern-praxistoern\\\/#primaryimage\"},\"thumbnailUrl\":\"http:\\\/\\\/www.fairwinds.at\\\/1604\\\/wp-content\\\/uploads\\\/2016\\\/04\\\/20140908_170016-Kopie-300x169.jpg\",\"datePublished\":\"2017-05-08T10:15:45+00:00\",\"dateModified\":\"2018-12-21T15:01:32+00:00\",\"description\":\"Meilent\u00f6rn, Praxist\u00f6rn, Yacht, Skipper, RYA Yachtmaster, Crew, Vermittlung von Skippern, Segelyacht, Motoryacht, Skipper auf Zeit, professionell,\",\"breadcrumb\":{\"@id\":\"http:\\\/\\\/www.yachttransfer.eu\\\/1703\\\/meilentoern-praxistoern\\\/#breadcrumb\"},\"inLanguage\":\"de\",\"potentialAction\":[{\"@type\":\"ReadAction\",\"target\":[\"http:\\\/\\\/www.yachttransfer.eu\\\/1703\\\/meilentoern-praxistoern\\\/\"]}]},{\"@type\":\"ImageObject\",\"inLanguage\":\"de\",\"@id\":\"http:\\\/\\\/www.yachttransfer.eu\\\/1703\\\/meilentoern-praxistoern\\\/#primaryimage\",\"url\":\"http:\\\/\\\/www.fairwinds.at\\\/1604\\\/wp-content\\\/uploads\\\/2016\\\/04\\\/20140908_170016-Kopie-300x169.jpg\",\"contentUrl\":\"http:\\\/\\\/www.fairwinds.at\\\/1604\\\/wp-content\\\/uploads\\\/2016\\\/04\\\/20140908_170016-Kopie-300x169.jpg\"},{\"@type\":\"BreadcrumbList\",\"@id\":\"http:\\\/\\\/www.yachttransfer.eu\\\/1703\\\/meilentoern-praxistoern\\\/#breadcrumb\",\"itemListElement\":[{\"@type\":\"ListItem\",\"position\":1,\"name\":\"Startseite\",\"item\":\"http:\\\/\\\/www.yachttransfer.eu\\\/1703\\\/\"},{\"@type\":\"ListItem\",\"position\":2,\"name\":\"Meilen- \\\/ Praxist\u00f6rns\"}]},{\"@type\":\"WebSite\",\"@id\":\"http:\\\/\\\/www.yachttransfer.eu\\\/1703\\\/#website\",\"url\":\"http:\\\/\\\/www.yachttransfer.eu\\\/1703\\\/\",\"name\":\"\",\"description\":\"\",\"potentialAction\":[{\"@type\":\"SearchAction\",\"target\":{\"@type\":\"EntryPoint\",\"urlTemplate\":\"http:\\\/\\\/www.yachttransfer.eu\\\/1703\\\/?s={search_term_string}\"},\"query-input\":{\"@type\":\"PropertyValueSpecification\",\"valueRequired\":true,\"valueName\":\"search_term_string\"}}],\"inLanguage\":\"de\"}]}<\/script>\n<!-- \/ Yoast SEO plugin. -->","yoast_head_json":{"title":"Meilent\u00f6rn \/ Praxist\u00f6rn - Erfahrung sammeln, Sicherheit gewinnen","description":"Meilent\u00f6rn, Praxist\u00f6rn, Yacht, Skipper, RYA Yachtmaster, Crew, Vermittlung von Skippern, Segelyacht, Motoryacht, Skipper auf Zeit, professionell,","robots":{"index":"index","follow":"follow","max-snippet":"max-snippet:-1","max-image-preview":"max-image-preview:large","max-video-preview":"max-video-preview:-1"},"canonical":"http:\/\/www.yachttransfer.eu\/1703\/meilentoern-praxistoern\/","og_locale":"de_DE","og_type":"article","og_title":"Meilent\u00f6rn \/ Praxist\u00f6rn - Erfahrung sammeln, Sicherheit gewinnen","og_description":"Meilent\u00f6rn, Praxist\u00f6rn, Yacht, Skipper, RYA Yachtmaster, Crew, Vermittlung von Skippern, Segelyacht, Motoryacht, Skipper auf Zeit, professionell,","og_url":"http:\/\/www.yachttransfer.eu\/1703\/meilentoern-praxistoern\/","article_modified_time":"2018-12-21T15:01:32+00:00","og_image":[{"url":"http:\/\/www.fairwinds.at\/1604\/wp-content\/uploads\/2016\/04\/20140908_170016-Kopie-300x169.jpg","type":"","width":"","height":""}],"twitter_card":"summary_large_image","schema":{"@context":"https:\/\/schema.org","@graph":[{"@type":"WebPage","@id":"http:\/\/www.yachttransfer.eu\/1703\/meilentoern-praxistoern\/","url":"http:\/\/www.yachttransfer.eu\/1703\/meilentoern-praxistoern\/","name":"Meilent\u00f6rn \/ Praxist\u00f6rn - Erfahrung sammeln, Sicherheit gewinnen","isPartOf":{"@id":"http:\/\/www.yachttransfer.eu\/1703\/#website"},"primaryImageOfPage":{"@id":"http:\/\/www.yachttransfer.eu\/1703\/meilentoern-praxistoern\/#primaryimage"},"image":{"@id":"http:\/\/www.yachttransfer.eu\/1703\/meilentoern-praxistoern\/#primaryimage"},"thumbnailUrl":"http:\/\/www.fairwinds.at\/1604\/wp-content\/uploads\/2016\/04\/20140908_170016-Kopie-300x169.jpg","datePublished":"2017-05-08T10:15:45+00:00","dateModified":"2018-12-21T15:01:32+00:00","description":"Meilent\u00f6rn, Praxist\u00f6rn, Yacht, Skipper, RYA Yachtmaster, Crew, Vermittlung von Skippern, Segelyacht, Motoryacht, Skipper auf Zeit, professionell,","breadcrumb":{"@id":"http:\/\/www.yachttransfer.eu\/1703\/meilentoern-praxistoern\/#breadcrumb"},"inLanguage":"de","potentialAction":[{"@type":"ReadAction","target":["http:\/\/www.yachttransfer.eu\/1703\/meilentoern-praxistoern\/"]}]},{"@type":"ImageObject","inLanguage":"de","@id":"http:\/\/www.yachttransfer.eu\/1703\/meilentoern-praxistoern\/#primaryimage","url":"http:\/\/www.fairwinds.at\/1604\/wp-content\/uploads\/2016\/04\/20140908_170016-Kopie-300x169.jpg","contentUrl":"http:\/\/www.fairwinds.at\/1604\/wp-content\/uploads\/2016\/04\/20140908_170016-Kopie-300x169.jpg"},{"@type":"BreadcrumbList","@id":"http:\/\/www.yachttransfer.eu\/1703\/meilentoern-praxistoern\/#breadcrumb","itemListElement":[{"@type":"ListItem","position":1,"name":"Startseite","item":"http:\/\/www.yachttransfer.eu\/1703\/"},{"@type":"ListItem","position":2,"name":"Meilen- \/ Praxist\u00f6rns"}]},{"@type":"WebSite","@id":"http:\/\/www.yachttransfer.eu\/1703\/#website","url":"http:\/\/www.yachttransfer.eu\/1703\/","name":"","description":"","potentialAction":[{"@type":"SearchAction","target":{"@type":"EntryPoint","urlTemplate":"http:\/\/www.yachttransfer.eu\/1703\/?s={search_term_string}"},"query-input":{"@type":"PropertyValueSpecification","valueRequired":true,"valueName":"search_term_string"}}],"inLanguage":"de"}]}},"_links":{"self":[{"href":"http:\/\/www.yachttransfer.eu\/1703\/wp-json\/wp\/v2\/pages\/255","targetHints":{"allow":["GET"]}}],"collection":[{"href":"http:\/\/www.yachttransfer.eu\/1703\/wp-json\/wp\/v2\/pages"}],"about":[{"href":"http:\/\/www.yachttransfer.eu\/1703\/wp-json\/wp\/v2\/types\/page"}],"author":[{"embeddable":true,"href":"http:\/\/www.yachttransfer.eu\/1703\/wp-json\/wp\/v2\/users\/1"}],"replies":[{"embeddable":true,"href":"http:\/\/www.yachttransfer.eu\/1703\/wp-json\/wp\/v2\/comments?post=255"}],"version-history":[{"count":9,"href":"http:\/\/www.yachttransfer.eu\/1703\/wp-json\/wp\/v2\/pages\/255\/revisions"}],"predecessor-version":[{"id":633,"href":"http:\/\/www.yachttransfer.eu\/1703\/wp-json\/wp\/v2\/pages\/255\/revisions\/633"}],"wp:attachment":[{"href":"http:\/\/www.yachttransfer.eu\/1703\/wp-json\/wp\/v2\/media?parent=255"}],"curies":[{"name":"wp","href":"https:\/\/api.w.org\/{rel}","templated":true}]}}