{"id":24,"date":"2017-02-21T14:47:37","date_gmt":"2017-02-21T13:47:37","guid":{"rendered":"http:\/\/www.yachttransfer.eu\/1703\/?page_id=24"},"modified":"2018-10-16T14:48:16","modified_gmt":"2018-10-16T12:48:16","slug":"skipper-crew-auf-zeit","status":"publish","type":"page","link":"http:\/\/www.yachttransfer.eu\/1703\/transfer-services\/skipper-crew-auf-zeit\/","title":{"rendered":"Skipper &#038; Crew auf Zeit"},"content":{"rendered":"<h5><strong><span style=\"color: #003366;\">Sie k\u00f6nnen nicht an Bord sein \u2013 das Boot muss zum Ausgangshafen des Urlaubs oder der Regatta \u00fcberstellt werden.<\/span><\/strong><\/h5>\n<p>Ihnen fehlt ein erfahrener Skipper f\u00fcr das Revier?<\/p>\n<p>Sie brauchen noch eine man\u00f6vererfahrene Crew?<\/p>\n<p>Wir sind Ihr Partner und vermitteln Ihnen nach Vorabstimmung genau die richtigen Leute.<\/p>\n","protected":false},"excerpt":{"rendered":"<p>Sie k\u00f6nnen nicht an Bord sein \u2013 das Boot muss zum Ausgangshafen des Urlaubs oder der Regatta \u00fcberstellt werden. Ihnen fehlt ein erfahrener Skipper f\u00fcr das Revier? Sie brauchen noch eine man\u00f6vererfahrene Crew? Wir sind Ihr Partner und vermitteln Ihnen nach Vorabstimmung genau die richtigen Leute.<\/p>\n","protected":false},"author":1,"featured_media":0,"parent":20,"menu_order":2,"comment_status":"closed","ping_status":"closed","template":"","meta":{"footnotes":""},"class_list":["post-24","page","type-page","status-publish","hentry","nodate","item-wrap"],"yoast_head":"<!-- This site is optimized with the Yoast SEO plugin v27.5 - https:\/\/yoast.com\/product\/yoast-seo-wordpress\/ -->\n<title>Skipper &amp; Crew auf Zeit -<\/title>\n<meta name=\"robots\" content=\"index, follow, max-snippet:-1, max-image-preview:large, max-video-preview:-1\" \/>\n<link rel=\"canonical\" href=\"http:\/\/www.yachttransfer.eu\/1703\/transfer-services\/skipper-crew-auf-zeit\/\" \/>\n<meta property=\"og:locale\" content=\"de_DE\" \/>\n<meta property=\"og:type\" content=\"article\" \/>\n<meta property=\"og:title\" content=\"Skipper &amp; Crew auf Zeit -\" \/>\n<meta property=\"og:description\" content=\"Sie k\u00f6nnen nicht an Bord sein \u2013 das Boot muss zum Ausgangshafen des Urlaubs oder der Regatta \u00fcberstellt werden. Ihnen fehlt ein erfahrener Skipper f\u00fcr das Revier? Sie brauchen noch eine man\u00f6vererfahrene Crew? Wir sind Ihr Partner und vermitteln Ihnen nach Vorabstimmung genau die richtigen Leute.\" \/>\n<meta property=\"og:url\" content=\"http:\/\/www.yachttransfer.eu\/1703\/transfer-services\/skipper-crew-auf-zeit\/\" \/>\n<meta property=\"article:modified_time\" content=\"2018-10-16T12:48:16+00:00\" \/>\n<meta name=\"twitter:card\" content=\"summary_large_image\" \/>\n<script type=\"application\/ld+json\" class=\"yoast-schema-graph\">{\"@context\":\"https:\\\/\\\/schema.org\",\"@graph\":[{\"@type\":\"WebPage\",\"@id\":\"http:\\\/\\\/www.yachttransfer.eu\\\/1703\\\/transfer-services\\\/skipper-crew-auf-zeit\\\/\",\"url\":\"http:\\\/\\\/www.yachttransfer.eu\\\/1703\\\/transfer-services\\\/skipper-crew-auf-zeit\\\/\",\"name\":\"Skipper & Crew auf Zeit -\",\"isPartOf\":{\"@id\":\"http:\\\/\\\/www.yachttransfer.eu\\\/1703\\\/#website\"},\"datePublished\":\"2017-02-21T13:47:37+00:00\",\"dateModified\":\"2018-10-16T12:48:16+00:00\",\"breadcrumb\":{\"@id\":\"http:\\\/\\\/www.yachttransfer.eu\\\/1703\\\/transfer-services\\\/skipper-crew-auf-zeit\\\/#breadcrumb\"},\"inLanguage\":\"de\",\"potentialAction\":[{\"@type\":\"ReadAction\",\"target\":[\"http:\\\/\\\/www.yachttransfer.eu\\\/1703\\\/transfer-services\\\/skipper-crew-auf-zeit\\\/\"]}]},{\"@type\":\"BreadcrumbList\",\"@id\":\"http:\\\/\\\/www.yachttransfer.eu\\\/1703\\\/transfer-services\\\/skipper-crew-auf-zeit\\\/#breadcrumb\",\"itemListElement\":[{\"@type\":\"ListItem\",\"position\":1,\"name\":\"Startseite\",\"item\":\"http:\\\/\\\/www.yachttransfer.eu\\\/1703\\\/\"},{\"@type\":\"ListItem\",\"position\":2,\"name\":\"Transfer-Services\",\"item\":\"http:\\\/\\\/www.yachttransfer.eu\\\/1703\\\/transfer-services\\\/\"},{\"@type\":\"ListItem\",\"position\":3,\"name\":\"Skipper &#038; Crew auf Zeit\"}]},{\"@type\":\"WebSite\",\"@id\":\"http:\\\/\\\/www.yachttransfer.eu\\\/1703\\\/#website\",\"url\":\"http:\\\/\\\/www.yachttransfer.eu\\\/1703\\\/\",\"name\":\"\",\"description\":\"\",\"potentialAction\":[{\"@type\":\"SearchAction\",\"target\":{\"@type\":\"EntryPoint\",\"urlTemplate\":\"http:\\\/\\\/www.yachttransfer.eu\\\/1703\\\/?s={search_term_string}\"},\"query-input\":{\"@type\":\"PropertyValueSpecification\",\"valueRequired\":true,\"valueName\":\"search_term_string\"}}],\"inLanguage\":\"de\"}]}<\/script>\n<!-- \/ Yoast SEO plugin. -->","yoast_head_json":{"title":"Skipper & Crew auf Zeit -","robots":{"index":"index","follow":"follow","max-snippet":"max-snippet:-1","max-image-preview":"max-image-preview:large","max-video-preview":"max-video-preview:-1"},"canonical":"http:\/\/www.yachttransfer.eu\/1703\/transfer-services\/skipper-crew-auf-zeit\/","og_locale":"de_DE","og_type":"article","og_title":"Skipper & Crew auf Zeit -","og_description":"Sie k\u00f6nnen nicht an Bord sein \u2013 das Boot muss zum Ausgangshafen des Urlaubs oder der Regatta \u00fcberstellt werden. Ihnen fehlt ein erfahrener Skipper f\u00fcr das Revier? Sie brauchen noch eine man\u00f6vererfahrene Crew? Wir sind Ihr Partner und vermitteln Ihnen nach Vorabstimmung genau die richtigen Leute.","og_url":"http:\/\/www.yachttransfer.eu\/1703\/transfer-services\/skipper-crew-auf-zeit\/","article_modified_time":"2018-10-16T12:48:16+00:00","twitter_card":"summary_large_image","schema":{"@context":"https:\/\/schema.org","@graph":[{"@type":"WebPage","@id":"http:\/\/www.yachttransfer.eu\/1703\/transfer-services\/skipper-crew-auf-zeit\/","url":"http:\/\/www.yachttransfer.eu\/1703\/transfer-services\/skipper-crew-auf-zeit\/","name":"Skipper & Crew auf Zeit -","isPartOf":{"@id":"http:\/\/www.yachttransfer.eu\/1703\/#website"},"datePublished":"2017-02-21T13:47:37+00:00","dateModified":"2018-10-16T12:48:16+00:00","breadcrumb":{"@id":"http:\/\/www.yachttransfer.eu\/1703\/transfer-services\/skipper-crew-auf-zeit\/#breadcrumb"},"inLanguage":"de","potentialAction":[{"@type":"ReadAction","target":["http:\/\/www.yachttransfer.eu\/1703\/transfer-services\/skipper-crew-auf-zeit\/"]}]},{"@type":"BreadcrumbList","@id":"http:\/\/www.yachttransfer.eu\/1703\/transfer-services\/skipper-crew-auf-zeit\/#breadcrumb","itemListElement":[{"@type":"ListItem","position":1,"name":"Startseite","item":"http:\/\/www.yachttransfer.eu\/1703\/"},{"@type":"ListItem","position":2,"name":"Transfer-Services","item":"http:\/\/www.yachttransfer.eu\/1703\/transfer-services\/"},{"@type":"ListItem","position":3,"name":"Skipper &#038; Crew auf Zeit"}]},{"@type":"WebSite","@id":"http:\/\/www.yachttransfer.eu\/1703\/#website","url":"http:\/\/www.yachttransfer.eu\/1703\/","name":"","description":"","potentialAction":[{"@type":"SearchAction","target":{"@type":"EntryPoint","urlTemplate":"http:\/\/www.yachttransfer.eu\/1703\/?s={search_term_string}"},"query-input":{"@type":"PropertyValueSpecification","valueRequired":true,"valueName":"search_term_string"}}],"inLanguage":"de"}]}},"_links":{"self":[{"href":"http:\/\/www.yachttransfer.eu\/1703\/wp-json\/wp\/v2\/pages\/24","targetHints":{"allow":["GET"]}}],"collection":[{"href":"http:\/\/www.yachttransfer.eu\/1703\/wp-json\/wp\/v2\/pages"}],"about":[{"href":"http:\/\/www.yachttransfer.eu\/1703\/wp-json\/wp\/v2\/types\/page"}],"author":[{"embeddable":true,"href":"http:\/\/www.yachttransfer.eu\/1703\/wp-json\/wp\/v2\/users\/1"}],"replies":[{"embeddable":true,"href":"http:\/\/www.yachttransfer.eu\/1703\/wp-json\/wp\/v2\/comments?post=24"}],"version-history":[{"count":4,"href":"http:\/\/www.yachttransfer.eu\/1703\/wp-json\/wp\/v2\/pages\/24\/revisions"}],"predecessor-version":[{"id":544,"href":"http:\/\/www.yachttransfer.eu\/1703\/wp-json\/wp\/v2\/pages\/24\/revisions\/544"}],"up":[{"embeddable":true,"href":"http:\/\/www.yachttransfer.eu\/1703\/wp-json\/wp\/v2\/pages\/20"}],"wp:attachment":[{"href":"http:\/\/www.yachttransfer.eu\/1703\/wp-json\/wp\/v2\/media?parent=24"}],"curies":[{"name":"wp","href":"https:\/\/api.w.org\/{rel}","templated":true}]}}