{"id":221,"date":"2017-04-08T11:01:19","date_gmt":"2017-04-08T09:01:19","guid":{"rendered":"http:\/\/www.yachttransfer.eu\/1703\/?page_id=221"},"modified":"2018-11-14T10:22:39","modified_gmt":"2018-11-14T09:22:39","slug":"heinz-klinglmueller","status":"publish","type":"page","link":"http:\/\/www.yachttransfer.eu\/1703\/skipperteam\/ueberstellung\/heinz-klinglmueller\/","title":{"rendered":"Heinz"},"content":{"rendered":"<p><img loading=\"lazy\" decoding=\"async\" class=\"size-medium wp-image-222 alignright\" src=\"http:\/\/www.yachttransfer.eu\/1703\/wp-content\/uploads\/2017\/04\/Heinz-1-239x300.jpg\" alt=\"\" width=\"239\" height=\"300\" srcset=\"http:\/\/www.yachttransfer.eu\/1703\/wp-content\/uploads\/2017\/04\/Heinz-1-239x300.jpg 239w, http:\/\/www.yachttransfer.eu\/1703\/wp-content\/uploads\/2017\/04\/Heinz-1-768x964.jpg 768w, http:\/\/www.yachttransfer.eu\/1703\/wp-content\/uploads\/2017\/04\/Heinz-1-816x1024.jpg 816w, http:\/\/www.yachttransfer.eu\/1703\/wp-content\/uploads\/2017\/04\/Heinz-1.jpg 1178w\" sizes=\"auto, (max-width: 239px) 100vw, 239px\" \/><\/p>\n<p>Heinz ist Architekt. Kreativit\u00e4t, Liebe zum Detail, Teamwork, sorf\u00e4lltige Planung und Ausf\u00fchrung sind die Basis f\u00fcr seine beruflichen Erfolge &#8211; und zeichen auch sein Verhalten an Bord aus.<\/p>\n<p>Ihm kann man sein Boot guten Gewissens anvertrauen.<\/p>\n<p><span style=\"color: #003366;\"><strong>Erfahrung und Berechtigung<\/strong><\/span><\/p>\n<p>FB3, SRC, \u00fcber 2000 sm als Skipper<\/p>\n<p>&nbsp;<\/p>\n<p><span style=\"color: #003366;\"><strong>\u00a0MOTTO:<\/strong><\/span><\/p>\n<p style=\"text-align: center;\"><span style=\"color: #008000;\"><strong>Gute Planung ist die halbe Miete.<br \/>\n<\/strong><\/span><\/p>\n<p><span style=\"color: #003366;\"><strong>BROTBERUF:<\/strong><\/span><\/p>\n<p><span style=\"color: #003366;\">Architekt<\/span><\/p>\n<p>&nbsp;<\/p>\n<p>&nbsp;<\/p>\n<p>&nbsp;<\/p>\n<p>&nbsp;<\/p>\n","protected":false},"excerpt":{"rendered":"<p>Heinz ist Architekt. Kreativit\u00e4t, Liebe zum Detail, Teamwork, sorf\u00e4lltige Planung und Ausf\u00fchrung sind die Basis f\u00fcr seine beruflichen Erfolge &#8211; und zeichen auch sein Verhalten an Bord aus. Ihm kann man sein Boot guten Gewissens anvertrauen. Erfahrung und Berechtigung FB3, SRC, \u00fcber 2000 sm als Skipper &nbsp; \u00a0MOTTO: Gute Planung ist die halbe Miete. BROTBERUF: &hellip; <\/p>\n<p><a class=\"more-link btn\" href=\"http:\/\/www.yachttransfer.eu\/1703\/skipperteam\/ueberstellung\/heinz-klinglmueller\/\">Weiterlesen<\/a><\/p>\n","protected":false},"author":1,"featured_media":0,"parent":128,"menu_order":2,"comment_status":"closed","ping_status":"closed","template":"","meta":{"footnotes":""},"class_list":["post-221","page","type-page","status-publish","hentry","nodate","item-wrap"],"yoast_head":"<!-- This site is optimized with the Yoast SEO plugin v27.4 - https:\/\/yoast.com\/product\/yoast-seo-wordpress\/ -->\n<title>Heinz -<\/title>\n<meta name=\"robots\" content=\"index, follow, max-snippet:-1, max-image-preview:large, max-video-preview:-1\" \/>\n<link rel=\"canonical\" href=\"https:\/\/www.yachttransfer.eu\/1703\/skipperteam\/ueberstellung\/heinz-klinglmueller\/\" \/>\n<meta property=\"og:locale\" content=\"de_DE\" \/>\n<meta property=\"og:type\" content=\"article\" \/>\n<meta property=\"og:title\" content=\"Heinz -\" \/>\n<meta property=\"og:description\" content=\"Heinz ist Architekt. Kreativit\u00e4t, Liebe zum Detail, Teamwork, sorf\u00e4lltige Planung und Ausf\u00fchrung sind die Basis f\u00fcr seine beruflichen Erfolge &#8211; und zeichen auch sein Verhalten an Bord aus. Ihm kann man sein Boot guten Gewissens anvertrauen. Erfahrung und Berechtigung FB3, SRC, \u00fcber 2000 sm als Skipper &nbsp; \u00a0MOTTO: Gute Planung ist die halbe Miete. BROTBERUF: &hellip; Weiterlesen\" \/>\n<meta property=\"og:url\" content=\"https:\/\/www.yachttransfer.eu\/1703\/skipperteam\/ueberstellung\/heinz-klinglmueller\/\" \/>\n<meta property=\"article:modified_time\" content=\"2018-11-14T09:22:39+00:00\" \/>\n<meta property=\"og:image\" content=\"http:\/\/www.yachttransfer.eu\/1703\/wp-content\/uploads\/2017\/04\/Heinz-1-239x300.jpg\" \/>\n<meta name=\"twitter:card\" content=\"summary_large_image\" \/>\n<script type=\"application\/ld+json\" class=\"yoast-schema-graph\">{\"@context\":\"https:\\\/\\\/schema.org\",\"@graph\":[{\"@type\":\"WebPage\",\"@id\":\"https:\\\/\\\/www.yachttransfer.eu\\\/1703\\\/skipperteam\\\/ueberstellung\\\/heinz-klinglmueller\\\/\",\"url\":\"https:\\\/\\\/www.yachttransfer.eu\\\/1703\\\/skipperteam\\\/ueberstellung\\\/heinz-klinglmueller\\\/\",\"name\":\"Heinz -\",\"isPartOf\":{\"@id\":\"http:\\\/\\\/www.yachttransfer.eu\\\/1703\\\/#website\"},\"primaryImageOfPage\":{\"@id\":\"https:\\\/\\\/www.yachttransfer.eu\\\/1703\\\/skipperteam\\\/ueberstellung\\\/heinz-klinglmueller\\\/#primaryimage\"},\"image\":{\"@id\":\"https:\\\/\\\/www.yachttransfer.eu\\\/1703\\\/skipperteam\\\/ueberstellung\\\/heinz-klinglmueller\\\/#primaryimage\"},\"thumbnailUrl\":\"http:\\\/\\\/www.yachttransfer.eu\\\/1703\\\/wp-content\\\/uploads\\\/2017\\\/04\\\/Heinz-1-239x300.jpg\",\"datePublished\":\"2017-04-08T09:01:19+00:00\",\"dateModified\":\"2018-11-14T09:22:39+00:00\",\"breadcrumb\":{\"@id\":\"https:\\\/\\\/www.yachttransfer.eu\\\/1703\\\/skipperteam\\\/ueberstellung\\\/heinz-klinglmueller\\\/#breadcrumb\"},\"inLanguage\":\"de\",\"potentialAction\":[{\"@type\":\"ReadAction\",\"target\":[\"https:\\\/\\\/www.yachttransfer.eu\\\/1703\\\/skipperteam\\\/ueberstellung\\\/heinz-klinglmueller\\\/\"]}]},{\"@type\":\"ImageObject\",\"inLanguage\":\"de\",\"@id\":\"https:\\\/\\\/www.yachttransfer.eu\\\/1703\\\/skipperteam\\\/ueberstellung\\\/heinz-klinglmueller\\\/#primaryimage\",\"url\":\"http:\\\/\\\/www.yachttransfer.eu\\\/1703\\\/wp-content\\\/uploads\\\/2017\\\/04\\\/Heinz-1.jpg\",\"contentUrl\":\"http:\\\/\\\/www.yachttransfer.eu\\\/1703\\\/wp-content\\\/uploads\\\/2017\\\/04\\\/Heinz-1.jpg\",\"width\":1178,\"height\":1479},{\"@type\":\"BreadcrumbList\",\"@id\":\"https:\\\/\\\/www.yachttransfer.eu\\\/1703\\\/skipperteam\\\/ueberstellung\\\/heinz-klinglmueller\\\/#breadcrumb\",\"itemListElement\":[{\"@type\":\"ListItem\",\"position\":1,\"name\":\"Startseite\",\"item\":\"http:\\\/\\\/www.yachttransfer.eu\\\/1703\\\/\"},{\"@type\":\"ListItem\",\"position\":2,\"name\":\"\u00dcber uns\",\"item\":\"https:\\\/\\\/www.yachttransfer.eu\\\/1703\\\/skipperteam\\\/\"},{\"@type\":\"ListItem\",\"position\":3,\"name\":\"Das Team\",\"item\":\"http:\\\/\\\/www.yachttransfer.eu\\\/1703\\\/skipperteam\\\/ueberstellung\\\/\"},{\"@type\":\"ListItem\",\"position\":4,\"name\":\"Heinz\"}]},{\"@type\":\"WebSite\",\"@id\":\"http:\\\/\\\/www.yachttransfer.eu\\\/1703\\\/#website\",\"url\":\"http:\\\/\\\/www.yachttransfer.eu\\\/1703\\\/\",\"name\":\"\",\"description\":\"\",\"potentialAction\":[{\"@type\":\"SearchAction\",\"target\":{\"@type\":\"EntryPoint\",\"urlTemplate\":\"http:\\\/\\\/www.yachttransfer.eu\\\/1703\\\/?s={search_term_string}\"},\"query-input\":{\"@type\":\"PropertyValueSpecification\",\"valueRequired\":true,\"valueName\":\"search_term_string\"}}],\"inLanguage\":\"de\"}]}<\/script>\n<!-- \/ Yoast SEO plugin. -->","yoast_head_json":{"title":"Heinz -","robots":{"index":"index","follow":"follow","max-snippet":"max-snippet:-1","max-image-preview":"max-image-preview:large","max-video-preview":"max-video-preview:-1"},"canonical":"https:\/\/www.yachttransfer.eu\/1703\/skipperteam\/ueberstellung\/heinz-klinglmueller\/","og_locale":"de_DE","og_type":"article","og_title":"Heinz -","og_description":"Heinz ist Architekt. Kreativit\u00e4t, Liebe zum Detail, Teamwork, sorf\u00e4lltige Planung und Ausf\u00fchrung sind die Basis f\u00fcr seine beruflichen Erfolge &#8211; und zeichen auch sein Verhalten an Bord aus. Ihm kann man sein Boot guten Gewissens anvertrauen. Erfahrung und Berechtigung FB3, SRC, \u00fcber 2000 sm als Skipper &nbsp; \u00a0MOTTO: Gute Planung ist die halbe Miete. BROTBERUF: &hellip; Weiterlesen","og_url":"https:\/\/www.yachttransfer.eu\/1703\/skipperteam\/ueberstellung\/heinz-klinglmueller\/","article_modified_time":"2018-11-14T09:22:39+00:00","og_image":[{"url":"http:\/\/www.yachttransfer.eu\/1703\/wp-content\/uploads\/2017\/04\/Heinz-1-239x300.jpg","type":"","width":"","height":""}],"twitter_card":"summary_large_image","schema":{"@context":"https:\/\/schema.org","@graph":[{"@type":"WebPage","@id":"https:\/\/www.yachttransfer.eu\/1703\/skipperteam\/ueberstellung\/heinz-klinglmueller\/","url":"https:\/\/www.yachttransfer.eu\/1703\/skipperteam\/ueberstellung\/heinz-klinglmueller\/","name":"Heinz -","isPartOf":{"@id":"http:\/\/www.yachttransfer.eu\/1703\/#website"},"primaryImageOfPage":{"@id":"https:\/\/www.yachttransfer.eu\/1703\/skipperteam\/ueberstellung\/heinz-klinglmueller\/#primaryimage"},"image":{"@id":"https:\/\/www.yachttransfer.eu\/1703\/skipperteam\/ueberstellung\/heinz-klinglmueller\/#primaryimage"},"thumbnailUrl":"http:\/\/www.yachttransfer.eu\/1703\/wp-content\/uploads\/2017\/04\/Heinz-1-239x300.jpg","datePublished":"2017-04-08T09:01:19+00:00","dateModified":"2018-11-14T09:22:39+00:00","breadcrumb":{"@id":"https:\/\/www.yachttransfer.eu\/1703\/skipperteam\/ueberstellung\/heinz-klinglmueller\/#breadcrumb"},"inLanguage":"de","potentialAction":[{"@type":"ReadAction","target":["https:\/\/www.yachttransfer.eu\/1703\/skipperteam\/ueberstellung\/heinz-klinglmueller\/"]}]},{"@type":"ImageObject","inLanguage":"de","@id":"https:\/\/www.yachttransfer.eu\/1703\/skipperteam\/ueberstellung\/heinz-klinglmueller\/#primaryimage","url":"http:\/\/www.yachttransfer.eu\/1703\/wp-content\/uploads\/2017\/04\/Heinz-1.jpg","contentUrl":"http:\/\/www.yachttransfer.eu\/1703\/wp-content\/uploads\/2017\/04\/Heinz-1.jpg","width":1178,"height":1479},{"@type":"BreadcrumbList","@id":"https:\/\/www.yachttransfer.eu\/1703\/skipperteam\/ueberstellung\/heinz-klinglmueller\/#breadcrumb","itemListElement":[{"@type":"ListItem","position":1,"name":"Startseite","item":"http:\/\/www.yachttransfer.eu\/1703\/"},{"@type":"ListItem","position":2,"name":"\u00dcber uns","item":"https:\/\/www.yachttransfer.eu\/1703\/skipperteam\/"},{"@type":"ListItem","position":3,"name":"Das Team","item":"http:\/\/www.yachttransfer.eu\/1703\/skipperteam\/ueberstellung\/"},{"@type":"ListItem","position":4,"name":"Heinz"}]},{"@type":"WebSite","@id":"http:\/\/www.yachttransfer.eu\/1703\/#website","url":"http:\/\/www.yachttransfer.eu\/1703\/","name":"","description":"","potentialAction":[{"@type":"SearchAction","target":{"@type":"EntryPoint","urlTemplate":"http:\/\/www.yachttransfer.eu\/1703\/?s={search_term_string}"},"query-input":{"@type":"PropertyValueSpecification","valueRequired":true,"valueName":"search_term_string"}}],"inLanguage":"de"}]}},"_links":{"self":[{"href":"http:\/\/www.yachttransfer.eu\/1703\/wp-json\/wp\/v2\/pages\/221","targetHints":{"allow":["GET"]}}],"collection":[{"href":"http:\/\/www.yachttransfer.eu\/1703\/wp-json\/wp\/v2\/pages"}],"about":[{"href":"http:\/\/www.yachttransfer.eu\/1703\/wp-json\/wp\/v2\/types\/page"}],"author":[{"embeddable":true,"href":"http:\/\/www.yachttransfer.eu\/1703\/wp-json\/wp\/v2\/users\/1"}],"replies":[{"embeddable":true,"href":"http:\/\/www.yachttransfer.eu\/1703\/wp-json\/wp\/v2\/comments?post=221"}],"version-history":[{"count":7,"href":"http:\/\/www.yachttransfer.eu\/1703\/wp-json\/wp\/v2\/pages\/221\/revisions"}],"predecessor-version":[{"id":539,"href":"http:\/\/www.yachttransfer.eu\/1703\/wp-json\/wp\/v2\/pages\/221\/revisions\/539"}],"up":[{"embeddable":true,"href":"http:\/\/www.yachttransfer.eu\/1703\/wp-json\/wp\/v2\/pages\/128"}],"wp:attachment":[{"href":"http:\/\/www.yachttransfer.eu\/1703\/wp-json\/wp\/v2\/media?parent=221"}],"curies":[{"name":"wp","href":"https:\/\/api.w.org\/{rel}","templated":true}]}}