{"id":22,"date":"2017-02-21T14:46:47","date_gmt":"2017-02-21T13:46:47","guid":{"rendered":"http:\/\/www.yachttransfer.eu\/1703\/?page_id=22"},"modified":"2022-01-12T15:33:10","modified_gmt":"2022-01-12T14:33:10","slug":"ueberstellung-yachttransfer-ob-monohull-katamaran-oder-motoryacht-wir-sind-ihr-partner","status":"publish","type":"page","link":"http:\/\/www.yachttransfer.eu\/1703\/transfer-services\/ueberstellung-yachttransfer-ob-monohull-katamaran-oder-motoryacht-wir-sind-ihr-partner\/","title":{"rendered":"Yacht\u00fcberstellung"},"content":{"rendered":"<h5><span style=\"color: #003366;\"><strong>Point to Point<\/strong><\/span><\/h5>\n<h5><img loading=\"lazy\" decoding=\"async\" class=\"size-medium wp-image-132 alignright\" src=\"http:\/\/www.yachttransfer.eu\/1703\/wp-content\/uploads\/2017\/02\/WP_20170226_11_16_38_Pro-169x300.jpg\" alt=\"\" width=\"169\" height=\"300\" srcset=\"http:\/\/www.yachttransfer.eu\/1703\/wp-content\/uploads\/2017\/02\/WP_20170226_11_16_38_Pro-169x300.jpg 169w, http:\/\/www.yachttransfer.eu\/1703\/wp-content\/uploads\/2017\/02\/WP_20170226_11_16_38_Pro-768x1362.jpg 768w, http:\/\/www.yachttransfer.eu\/1703\/wp-content\/uploads\/2017\/02\/WP_20170226_11_16_38_Pro-577x1024.jpg 577w, http:\/\/www.yachttransfer.eu\/1703\/wp-content\/uploads\/2017\/02\/WP_20170226_11_16_38_Pro.jpg 1840w\" sizes=\"auto, (max-width: 169px) 100vw, 169px\" \/><\/h5>\n<h5><\/h5>\n<p>Wir vermitteln ihnen Skipper und Crew.<\/p>\n<p>Von Beginn an planen wir gemeinsam mit ihnen. <strong>Priorit\u00e4t ist Sicherheit und eine rechtzeitige Ankunft<\/strong> am Zielhafen, so dass Sie zum vereinbarten Zeitpunkt Ihre Yacht \u00fcbernehmen k\u00f6nnen: segelbereit<\/p>\n<p>Monohull, Katamaran oder Motoryacht, wir haben Erfahrung und Leidenschaft!<\/p>\n<p>&nbsp;<\/p>\n<p><a href=\"http:\/\/www.yachttransfer.eu\/1703\/wp-content\/uploads\/2017\/02\/Area-2.jpg\"><img loading=\"lazy\" decoding=\"async\" class=\"alignnone wp-image-244\" src=\"http:\/\/www.yachttransfer.eu\/1703\/wp-content\/uploads\/2017\/02\/Area-2-300x158.jpg\" alt=\"\" width=\"519\" height=\"274\" srcset=\"http:\/\/www.yachttransfer.eu\/1703\/wp-content\/uploads\/2017\/02\/Area-2-300x158.jpg 300w, http:\/\/www.yachttransfer.eu\/1703\/wp-content\/uploads\/2017\/02\/Area-2-768x405.jpg 768w, http:\/\/www.yachttransfer.eu\/1703\/wp-content\/uploads\/2017\/02\/Area-2-1024x540.jpg 1024w, http:\/\/www.yachttransfer.eu\/1703\/wp-content\/uploads\/2017\/02\/Area-2.jpg 1365w\" sizes=\"auto, (max-width: 519px) 100vw, 519px\" \/><\/a><\/p>\n<p>&nbsp;<\/p>\n<p>&nbsp;<\/p>\n<p>&nbsp;<\/p>\n<p>&nbsp;<\/p>\n","protected":false},"excerpt":{"rendered":"<p>Point to Point Wir vermitteln ihnen Skipper und Crew. Von Beginn an planen wir gemeinsam mit ihnen. Priorit\u00e4t ist Sicherheit und eine rechtzeitige Ankunft am Zielhafen, so dass Sie zum vereinbarten Zeitpunkt Ihre Yacht \u00fcbernehmen k\u00f6nnen: segelbereit Monohull, Katamaran oder Motoryacht, wir haben Erfahrung und Leidenschaft! &nbsp; &nbsp; &nbsp; &nbsp; &nbsp;<\/p>\n","protected":false},"author":1,"featured_media":0,"parent":20,"menu_order":1,"comment_status":"closed","ping_status":"closed","template":"","meta":{"footnotes":""},"class_list":["post-22","page","type-page","status-publish","hentry","nodate","item-wrap"],"yoast_head":"<!-- This site is optimized with the Yoast SEO plugin v27.5 - https:\/\/yoast.com\/product\/yoast-seo-wordpress\/ -->\n<title>Yacht\u00fcberstellung -<\/title>\n<meta name=\"description\" content=\"Yacht\u00fcberstellung \/ Yachttransfer - ob Monohull, Katamaran oder Motoryacht, wir sind germe ihr Partner mit Erfahrunf und Leidenschaft\" \/>\n<meta name=\"robots\" content=\"index, follow, max-snippet:-1, max-image-preview:large, max-video-preview:-1\" \/>\n<link rel=\"canonical\" href=\"http:\/\/www.yachttransfer.eu\/1703\/transfer-services\/ueberstellung-yachttransfer-ob-monohull-katamaran-oder-motoryacht-wir-sind-ihr-partner\/\" \/>\n<meta property=\"og:locale\" content=\"de_DE\" \/>\n<meta property=\"og:type\" content=\"article\" \/>\n<meta property=\"og:title\" content=\"Yacht\u00fcberstellung -\" \/>\n<meta property=\"og:description\" content=\"Yacht\u00fcberstellung \/ Yachttransfer - ob Monohull, Katamaran oder Motoryacht, wir sind germe ihr Partner mit Erfahrunf und Leidenschaft\" \/>\n<meta property=\"og:url\" content=\"http:\/\/www.yachttransfer.eu\/1703\/transfer-services\/ueberstellung-yachttransfer-ob-monohull-katamaran-oder-motoryacht-wir-sind-ihr-partner\/\" \/>\n<meta property=\"article:modified_time\" content=\"2022-01-12T14:33:10+00:00\" \/>\n<meta property=\"og:image\" content=\"http:\/\/www.yachttransfer.eu\/1703\/wp-content\/uploads\/2017\/02\/WP_20170226_11_16_38_Pro-169x300.jpg\" \/>\n<meta name=\"twitter:card\" content=\"summary_large_image\" \/>\n<script type=\"application\/ld+json\" class=\"yoast-schema-graph\">{\"@context\":\"https:\\\/\\\/schema.org\",\"@graph\":[{\"@type\":\"WebPage\",\"@id\":\"http:\\\/\\\/www.yachttransfer.eu\\\/1703\\\/transfer-services\\\/ueberstellung-yachttransfer-ob-monohull-katamaran-oder-motoryacht-wir-sind-ihr-partner\\\/\",\"url\":\"http:\\\/\\\/www.yachttransfer.eu\\\/1703\\\/transfer-services\\\/ueberstellung-yachttransfer-ob-monohull-katamaran-oder-motoryacht-wir-sind-ihr-partner\\\/\",\"name\":\"Yacht\u00fcberstellung -\",\"isPartOf\":{\"@id\":\"http:\\\/\\\/www.yachttransfer.eu\\\/1703\\\/#website\"},\"primaryImageOfPage\":{\"@id\":\"http:\\\/\\\/www.yachttransfer.eu\\\/1703\\\/transfer-services\\\/ueberstellung-yachttransfer-ob-monohull-katamaran-oder-motoryacht-wir-sind-ihr-partner\\\/#primaryimage\"},\"image\":{\"@id\":\"http:\\\/\\\/www.yachttransfer.eu\\\/1703\\\/transfer-services\\\/ueberstellung-yachttransfer-ob-monohull-katamaran-oder-motoryacht-wir-sind-ihr-partner\\\/#primaryimage\"},\"thumbnailUrl\":\"http:\\\/\\\/www.yachttransfer.eu\\\/1703\\\/wp-content\\\/uploads\\\/2017\\\/02\\\/WP_20170226_11_16_38_Pro-169x300.jpg\",\"datePublished\":\"2017-02-21T13:46:47+00:00\",\"dateModified\":\"2022-01-12T14:33:10+00:00\",\"description\":\"Yacht\u00fcberstellung \\\/ Yachttransfer - ob Monohull, Katamaran oder Motoryacht, wir sind germe ihr Partner mit Erfahrunf und Leidenschaft\",\"breadcrumb\":{\"@id\":\"http:\\\/\\\/www.yachttransfer.eu\\\/1703\\\/transfer-services\\\/ueberstellung-yachttransfer-ob-monohull-katamaran-oder-motoryacht-wir-sind-ihr-partner\\\/#breadcrumb\"},\"inLanguage\":\"de\",\"potentialAction\":[{\"@type\":\"ReadAction\",\"target\":[\"http:\\\/\\\/www.yachttransfer.eu\\\/1703\\\/transfer-services\\\/ueberstellung-yachttransfer-ob-monohull-katamaran-oder-motoryacht-wir-sind-ihr-partner\\\/\"]}]},{\"@type\":\"ImageObject\",\"inLanguage\":\"de\",\"@id\":\"http:\\\/\\\/www.yachttransfer.eu\\\/1703\\\/transfer-services\\\/ueberstellung-yachttransfer-ob-monohull-katamaran-oder-motoryacht-wir-sind-ihr-partner\\\/#primaryimage\",\"url\":\"http:\\\/\\\/www.yachttransfer.eu\\\/1703\\\/wp-content\\\/uploads\\\/2017\\\/02\\\/WP_20170226_11_16_38_Pro.jpg\",\"contentUrl\":\"http:\\\/\\\/www.yachttransfer.eu\\\/1703\\\/wp-content\\\/uploads\\\/2017\\\/02\\\/WP_20170226_11_16_38_Pro.jpg\",\"width\":1840,\"height\":3264},{\"@type\":\"BreadcrumbList\",\"@id\":\"http:\\\/\\\/www.yachttransfer.eu\\\/1703\\\/transfer-services\\\/ueberstellung-yachttransfer-ob-monohull-katamaran-oder-motoryacht-wir-sind-ihr-partner\\\/#breadcrumb\",\"itemListElement\":[{\"@type\":\"ListItem\",\"position\":1,\"name\":\"Startseite\",\"item\":\"http:\\\/\\\/www.yachttransfer.eu\\\/1703\\\/\"},{\"@type\":\"ListItem\",\"position\":2,\"name\":\"Transfer-Services\",\"item\":\"http:\\\/\\\/www.yachttransfer.eu\\\/1703\\\/transfer-services\\\/\"},{\"@type\":\"ListItem\",\"position\":3,\"name\":\"Yacht\u00fcberstellung\"}]},{\"@type\":\"WebSite\",\"@id\":\"http:\\\/\\\/www.yachttransfer.eu\\\/1703\\\/#website\",\"url\":\"http:\\\/\\\/www.yachttransfer.eu\\\/1703\\\/\",\"name\":\"\",\"description\":\"\",\"potentialAction\":[{\"@type\":\"SearchAction\",\"target\":{\"@type\":\"EntryPoint\",\"urlTemplate\":\"http:\\\/\\\/www.yachttransfer.eu\\\/1703\\\/?s={search_term_string}\"},\"query-input\":{\"@type\":\"PropertyValueSpecification\",\"valueRequired\":true,\"valueName\":\"search_term_string\"}}],\"inLanguage\":\"de\"}]}<\/script>\n<!-- \/ Yoast SEO plugin. -->","yoast_head_json":{"title":"Yacht\u00fcberstellung -","description":"Yacht\u00fcberstellung \/ Yachttransfer - ob Monohull, Katamaran oder Motoryacht, wir sind germe ihr Partner mit Erfahrunf und Leidenschaft","robots":{"index":"index","follow":"follow","max-snippet":"max-snippet:-1","max-image-preview":"max-image-preview:large","max-video-preview":"max-video-preview:-1"},"canonical":"http:\/\/www.yachttransfer.eu\/1703\/transfer-services\/ueberstellung-yachttransfer-ob-monohull-katamaran-oder-motoryacht-wir-sind-ihr-partner\/","og_locale":"de_DE","og_type":"article","og_title":"Yacht\u00fcberstellung -","og_description":"Yacht\u00fcberstellung \/ Yachttransfer - ob Monohull, Katamaran oder Motoryacht, wir sind germe ihr Partner mit Erfahrunf und Leidenschaft","og_url":"http:\/\/www.yachttransfer.eu\/1703\/transfer-services\/ueberstellung-yachttransfer-ob-monohull-katamaran-oder-motoryacht-wir-sind-ihr-partner\/","article_modified_time":"2022-01-12T14:33:10+00:00","og_image":[{"url":"http:\/\/www.yachttransfer.eu\/1703\/wp-content\/uploads\/2017\/02\/WP_20170226_11_16_38_Pro-169x300.jpg","type":"","width":"","height":""}],"twitter_card":"summary_large_image","schema":{"@context":"https:\/\/schema.org","@graph":[{"@type":"WebPage","@id":"http:\/\/www.yachttransfer.eu\/1703\/transfer-services\/ueberstellung-yachttransfer-ob-monohull-katamaran-oder-motoryacht-wir-sind-ihr-partner\/","url":"http:\/\/www.yachttransfer.eu\/1703\/transfer-services\/ueberstellung-yachttransfer-ob-monohull-katamaran-oder-motoryacht-wir-sind-ihr-partner\/","name":"Yacht\u00fcberstellung -","isPartOf":{"@id":"http:\/\/www.yachttransfer.eu\/1703\/#website"},"primaryImageOfPage":{"@id":"http:\/\/www.yachttransfer.eu\/1703\/transfer-services\/ueberstellung-yachttransfer-ob-monohull-katamaran-oder-motoryacht-wir-sind-ihr-partner\/#primaryimage"},"image":{"@id":"http:\/\/www.yachttransfer.eu\/1703\/transfer-services\/ueberstellung-yachttransfer-ob-monohull-katamaran-oder-motoryacht-wir-sind-ihr-partner\/#primaryimage"},"thumbnailUrl":"http:\/\/www.yachttransfer.eu\/1703\/wp-content\/uploads\/2017\/02\/WP_20170226_11_16_38_Pro-169x300.jpg","datePublished":"2017-02-21T13:46:47+00:00","dateModified":"2022-01-12T14:33:10+00:00","description":"Yacht\u00fcberstellung \/ Yachttransfer - ob Monohull, Katamaran oder Motoryacht, wir sind germe ihr Partner mit Erfahrunf und Leidenschaft","breadcrumb":{"@id":"http:\/\/www.yachttransfer.eu\/1703\/transfer-services\/ueberstellung-yachttransfer-ob-monohull-katamaran-oder-motoryacht-wir-sind-ihr-partner\/#breadcrumb"},"inLanguage":"de","potentialAction":[{"@type":"ReadAction","target":["http:\/\/www.yachttransfer.eu\/1703\/transfer-services\/ueberstellung-yachttransfer-ob-monohull-katamaran-oder-motoryacht-wir-sind-ihr-partner\/"]}]},{"@type":"ImageObject","inLanguage":"de","@id":"http:\/\/www.yachttransfer.eu\/1703\/transfer-services\/ueberstellung-yachttransfer-ob-monohull-katamaran-oder-motoryacht-wir-sind-ihr-partner\/#primaryimage","url":"http:\/\/www.yachttransfer.eu\/1703\/wp-content\/uploads\/2017\/02\/WP_20170226_11_16_38_Pro.jpg","contentUrl":"http:\/\/www.yachttransfer.eu\/1703\/wp-content\/uploads\/2017\/02\/WP_20170226_11_16_38_Pro.jpg","width":1840,"height":3264},{"@type":"BreadcrumbList","@id":"http:\/\/www.yachttransfer.eu\/1703\/transfer-services\/ueberstellung-yachttransfer-ob-monohull-katamaran-oder-motoryacht-wir-sind-ihr-partner\/#breadcrumb","itemListElement":[{"@type":"ListItem","position":1,"name":"Startseite","item":"http:\/\/www.yachttransfer.eu\/1703\/"},{"@type":"ListItem","position":2,"name":"Transfer-Services","item":"http:\/\/www.yachttransfer.eu\/1703\/transfer-services\/"},{"@type":"ListItem","position":3,"name":"Yacht\u00fcberstellung"}]},{"@type":"WebSite","@id":"http:\/\/www.yachttransfer.eu\/1703\/#website","url":"http:\/\/www.yachttransfer.eu\/1703\/","name":"","description":"","potentialAction":[{"@type":"SearchAction","target":{"@type":"EntryPoint","urlTemplate":"http:\/\/www.yachttransfer.eu\/1703\/?s={search_term_string}"},"query-input":{"@type":"PropertyValueSpecification","valueRequired":true,"valueName":"search_term_string"}}],"inLanguage":"de"}]}},"_links":{"self":[{"href":"http:\/\/www.yachttransfer.eu\/1703\/wp-json\/wp\/v2\/pages\/22","targetHints":{"allow":["GET"]}}],"collection":[{"href":"http:\/\/www.yachttransfer.eu\/1703\/wp-json\/wp\/v2\/pages"}],"about":[{"href":"http:\/\/www.yachttransfer.eu\/1703\/wp-json\/wp\/v2\/types\/page"}],"author":[{"embeddable":true,"href":"http:\/\/www.yachttransfer.eu\/1703\/wp-json\/wp\/v2\/users\/1"}],"replies":[{"embeddable":true,"href":"http:\/\/www.yachttransfer.eu\/1703\/wp-json\/wp\/v2\/comments?post=22"}],"version-history":[{"count":15,"href":"http:\/\/www.yachttransfer.eu\/1703\/wp-json\/wp\/v2\/pages\/22\/revisions"}],"predecessor-version":[{"id":953,"href":"http:\/\/www.yachttransfer.eu\/1703\/wp-json\/wp\/v2\/pages\/22\/revisions\/953"}],"up":[{"embeddable":true,"href":"http:\/\/www.yachttransfer.eu\/1703\/wp-json\/wp\/v2\/pages\/20"}],"wp:attachment":[{"href":"http:\/\/www.yachttransfer.eu\/1703\/wp-json\/wp\/v2\/media?parent=22"}],"curies":[{"name":"wp","href":"https:\/\/api.w.org\/{rel}","templated":true}]}}