{"id":2,"date":"2017-02-21T12:46:08","date_gmt":"2017-02-21T11:46:08","guid":{"rendered":""},"modified":"2023-04-02T11:49:59","modified_gmt":"2023-04-02T09:49:59","slug":"yachttransfer-ueberstellung-ueberfuehrung-delivery-katamaran","status":"publish","type":"page","link":"http:\/\/www.yachttransfer.eu\/1703\/","title":{"rendered":"Home"},"content":{"rendered":"<h1 align=\"center\"><strong>\u00dcberstellung von Yachten<br \/>\n<\/strong><\/h1>\n<p align=\"center\"><span lang=\"DE-AT\">und<\/span><\/p>\n<h2 align=\"center\"><strong>Vermittlung von Skippern und Crews<\/strong><\/h2>\n<h2 align=\"center\"><strong>\u00a0<\/strong><\/h2>\n<h2 align=\"center\"><img loading=\"lazy\" decoding=\"async\" class=\"alignright wp-image-13\" title=\"Yacht\u00fcberf\u00fchrung ist Vertrauenssache\" src=\"http:\/\/www.yachttransfer.eu\/1703\/wp-content\/uploads\/2017\/02\/Handschlag-1-300x164.jpg\" alt=\"\" width=\"197\" height=\"108\" srcset=\"http:\/\/www.yachttransfer.eu\/1703\/wp-content\/uploads\/2017\/02\/Handschlag-1-300x164.jpg 300w, http:\/\/www.yachttransfer.eu\/1703\/wp-content\/uploads\/2017\/02\/Handschlag-1.jpg 303w\" sizes=\"auto, (max-width: 197px) 100vw, 197px\" \/><\/h2>\n<p>Yachttransfer ist ein Netzwerk von erfahrenen, verantwortungsvollen <a href=\"http:\/\/www.yachttransfer.eu\/1703\/skipperteam\/ueberstellung\/\">Skippern<\/a>. Die \u00dcberstellung von Yachten ist unser Hobby, aber wir machen es in professioneller Art und Weise.<\/p>\n<p>Ihre Yacht ist wertvolles Eigentum und so behandeln wir es auch: sorgsam und schonend.<\/p>\n<p>Segeln und das Meer sind unsere Passion.<\/p>\n<p>Wir sind gerne Ihr Partner, wenn Sie Ihre Yacht von einem Punkt zum anderen \u00fcberstellt haben wollen und daf\u00fcr einen verl\u00e4sslichen Skipper und Crew suchen.<\/p>\n<p style=\"text-align: center;\" align=\"center\"><strong>\u00a0<\/strong><\/p>\n<p>Wir \u00fcberstellen Segel- und Motoryachten.<\/p>\n<p><img loading=\"lazy\" decoding=\"async\" class=\" wp-image-922 aligncenter\" src=\"http:\/\/www.yachttransfer.eu\/1703\/wp-content\/uploads\/2021\/07\/Yacht-Logo-2-300x44.jpg\" alt=\"\" width=\"321\" height=\"47\" srcset=\"http:\/\/www.yachttransfer.eu\/1703\/wp-content\/uploads\/2021\/07\/Yacht-Logo-2-300x44.jpg 300w, http:\/\/www.yachttransfer.eu\/1703\/wp-content\/uploads\/2021\/07\/Yacht-Logo-2-1024x149.jpg 1024w, http:\/\/www.yachttransfer.eu\/1703\/wp-content\/uploads\/2021\/07\/Yacht-Logo-2-768x112.jpg 768w, http:\/\/www.yachttransfer.eu\/1703\/wp-content\/uploads\/2021\/07\/Yacht-Logo-2-750x109.jpg 750w, http:\/\/www.yachttransfer.eu\/1703\/wp-content\/uploads\/2021\/07\/Yacht-Logo-2.jpg 1248w\" sizes=\"auto, (max-width: 321px) 100vw, 321px\" \/><\/p>\n<p>Weitere Angebote die f\u00fcr Sie von wichtigem Nutzen sein k\u00f6nnen:<\/p>\n<p><a href=\"http:\/\/www.fairwinds.at\/1604\/skippercoaching\/assisted-sailing\/\" class=\"external\" rel=\"nofollow\">T\u00f6rnbegleitung<\/a>, Yacht\u00fcberf\u00fchrungen, \u00dcberstellung von Yachten<\/p>\n<p>&nbsp;<\/p>\n<div id=\"kpm-root\" class=\"kpm_LTR\"><\/div>\n","protected":false},"excerpt":{"rendered":"<p>\u00dcberstellung von Yachten und Vermittlung von Skippern und Crews \u00a0 Yachttransfer ist ein Netzwerk von erfahrenen, verantwortungsvollen Skippern. Die \u00dcberstellung von Yachten ist unser Hobby, aber wir machen es in professioneller Art und Weise. Ihre Yacht ist wertvolles Eigentum und so behandeln wir es auch: sorgsam und schonend. Segeln und das Meer sind unsere Passion. &hellip; <\/p>\n<p><a class=\"more-link btn\" href=\"http:\/\/www.yachttransfer.eu\/1703\/\">Weiterlesen<\/a><\/p>\n","protected":false},"author":1,"featured_media":0,"parent":0,"menu_order":0,"comment_status":"closed","ping_status":"open","template":"","meta":{"footnotes":""},"class_list":["post-2","page","type-page","status-publish","hentry","nodate","item-wrap"],"yoast_head":"<!-- This site is optimized with the Yoast SEO plugin v27.5 - https:\/\/yoast.com\/product\/yoast-seo-wordpress\/ -->\n<title>Yachttransfer - \u00dcberf\u00fchrung - \u00dcberstellung von Yachten<\/title>\n<meta name=\"description\" content=\"\u00dcberf\u00fchrung (Yachttransfer\/\u00dcberstellung\/Delivery) Ihrer Yacht in ihr neues Segelrevier - sorgsam, zuverl\u00e4ssig und schonend; Mono &amp; Katamaran\" \/>\n<meta name=\"robots\" content=\"index, follow, max-snippet:-1, max-image-preview:large, max-video-preview:-1\" \/>\n<link rel=\"canonical\" href=\"http:\/\/www.yachttransfer.eu\/1703\/\" \/>\n<meta property=\"og:locale\" content=\"de_DE\" \/>\n<meta property=\"og:type\" content=\"article\" \/>\n<meta property=\"og:title\" content=\"Yachttransfer - \u00dcberf\u00fchrung - \u00dcberstellung von Yachten\" \/>\n<meta property=\"og:description\" content=\"\u00dcberf\u00fchrung (Yachttransfer\/\u00dcberstellung\/Delivery) Ihrer Yacht in ihr neues Segelrevier - sorgsam, zuverl\u00e4ssig und schonend; Mono &amp; Katamaran\" \/>\n<meta property=\"og:url\" content=\"http:\/\/www.yachttransfer.eu\/1703\/\" \/>\n<meta property=\"article:modified_time\" content=\"2023-04-02T09:49:59+00:00\" \/>\n<meta property=\"og:image\" content=\"http:\/\/www.yachttransfer.eu\/1703\/wp-content\/uploads\/2017\/02\/Handschlag-1-300x164.jpg\" \/>\n<meta name=\"twitter:card\" content=\"summary_large_image\" \/>\n<meta name=\"twitter:label1\" content=\"Gesch\u00e4tzte Lesezeit\" \/>\n\t<meta name=\"twitter:data1\" content=\"1\u00a0Minute\" \/>\n<script type=\"application\/ld+json\" class=\"yoast-schema-graph\">{\"@context\":\"https:\\\/\\\/schema.org\",\"@graph\":[{\"@type\":\"WebPage\",\"@id\":\"http:\\\/\\\/www.yachttransfer.eu\\\/1703\\\/\",\"url\":\"http:\\\/\\\/www.yachttransfer.eu\\\/1703\\\/\",\"name\":\"Yachttransfer - \u00dcberf\u00fchrung - \u00dcberstellung von Yachten\",\"isPartOf\":{\"@id\":\"http:\\\/\\\/www.yachttransfer.eu\\\/1703\\\/#website\"},\"primaryImageOfPage\":{\"@id\":\"http:\\\/\\\/www.yachttransfer.eu\\\/1703\\\/#primaryimage\"},\"image\":{\"@id\":\"http:\\\/\\\/www.yachttransfer.eu\\\/1703\\\/#primaryimage\"},\"thumbnailUrl\":\"http:\\\/\\\/www.yachttransfer.eu\\\/1703\\\/wp-content\\\/uploads\\\/2017\\\/02\\\/Handschlag-1-300x164.jpg\",\"datePublished\":\"2017-02-21T11:46:08+00:00\",\"dateModified\":\"2023-04-02T09:49:59+00:00\",\"description\":\"\u00dcberf\u00fchrung (Yachttransfer\\\/\u00dcberstellung\\\/Delivery) Ihrer Yacht in ihr neues Segelrevier - sorgsam, zuverl\u00e4ssig und schonend; Mono & Katamaran\",\"breadcrumb\":{\"@id\":\"http:\\\/\\\/www.yachttransfer.eu\\\/1703\\\/#breadcrumb\"},\"inLanguage\":\"de\",\"potentialAction\":[{\"@type\":\"ReadAction\",\"target\":[\"http:\\\/\\\/www.yachttransfer.eu\\\/1703\\\/\"]}]},{\"@type\":\"ImageObject\",\"inLanguage\":\"de\",\"@id\":\"http:\\\/\\\/www.yachttransfer.eu\\\/1703\\\/#primaryimage\",\"url\":\"http:\\\/\\\/www.yachttransfer.eu\\\/1703\\\/wp-content\\\/uploads\\\/2017\\\/02\\\/Handschlag-1.jpg\",\"contentUrl\":\"http:\\\/\\\/www.yachttransfer.eu\\\/1703\\\/wp-content\\\/uploads\\\/2017\\\/02\\\/Handschlag-1.jpg\",\"width\":303,\"height\":166},{\"@type\":\"BreadcrumbList\",\"@id\":\"http:\\\/\\\/www.yachttransfer.eu\\\/1703\\\/#breadcrumb\",\"itemListElement\":[{\"@type\":\"ListItem\",\"position\":1,\"name\":\"Startseite\",\"item\":\"http:\\\/\\\/www.yachttransfer.eu\\\/1703\\\/\"},{\"@type\":\"ListItem\",\"position\":2,\"name\":\"Home\"}]},{\"@type\":\"WebSite\",\"@id\":\"http:\\\/\\\/www.yachttransfer.eu\\\/1703\\\/#website\",\"url\":\"http:\\\/\\\/www.yachttransfer.eu\\\/1703\\\/\",\"name\":\"\",\"description\":\"\",\"potentialAction\":[{\"@type\":\"SearchAction\",\"target\":{\"@type\":\"EntryPoint\",\"urlTemplate\":\"http:\\\/\\\/www.yachttransfer.eu\\\/1703\\\/?s={search_term_string}\"},\"query-input\":{\"@type\":\"PropertyValueSpecification\",\"valueRequired\":true,\"valueName\":\"search_term_string\"}}],\"inLanguage\":\"de\"}]}<\/script>\n<!-- \/ Yoast SEO plugin. -->","yoast_head_json":{"title":"Yachttransfer - \u00dcberf\u00fchrung - \u00dcberstellung von Yachten","description":"\u00dcberf\u00fchrung (Yachttransfer\/\u00dcberstellung\/Delivery) Ihrer Yacht in ihr neues Segelrevier - sorgsam, zuverl\u00e4ssig und schonend; Mono & Katamaran","robots":{"index":"index","follow":"follow","max-snippet":"max-snippet:-1","max-image-preview":"max-image-preview:large","max-video-preview":"max-video-preview:-1"},"canonical":"http:\/\/www.yachttransfer.eu\/1703\/","og_locale":"de_DE","og_type":"article","og_title":"Yachttransfer - \u00dcberf\u00fchrung - \u00dcberstellung von Yachten","og_description":"\u00dcberf\u00fchrung (Yachttransfer\/\u00dcberstellung\/Delivery) Ihrer Yacht in ihr neues Segelrevier - sorgsam, zuverl\u00e4ssig und schonend; Mono & Katamaran","og_url":"http:\/\/www.yachttransfer.eu\/1703\/","article_modified_time":"2023-04-02T09:49:59+00:00","og_image":[{"url":"http:\/\/www.yachttransfer.eu\/1703\/wp-content\/uploads\/2017\/02\/Handschlag-1-300x164.jpg","type":"","width":"","height":""}],"twitter_card":"summary_large_image","twitter_misc":{"Gesch\u00e4tzte Lesezeit":"1\u00a0Minute"},"schema":{"@context":"https:\/\/schema.org","@graph":[{"@type":"WebPage","@id":"http:\/\/www.yachttransfer.eu\/1703\/","url":"http:\/\/www.yachttransfer.eu\/1703\/","name":"Yachttransfer - \u00dcberf\u00fchrung - \u00dcberstellung von Yachten","isPartOf":{"@id":"http:\/\/www.yachttransfer.eu\/1703\/#website"},"primaryImageOfPage":{"@id":"http:\/\/www.yachttransfer.eu\/1703\/#primaryimage"},"image":{"@id":"http:\/\/www.yachttransfer.eu\/1703\/#primaryimage"},"thumbnailUrl":"http:\/\/www.yachttransfer.eu\/1703\/wp-content\/uploads\/2017\/02\/Handschlag-1-300x164.jpg","datePublished":"2017-02-21T11:46:08+00:00","dateModified":"2023-04-02T09:49:59+00:00","description":"\u00dcberf\u00fchrung (Yachttransfer\/\u00dcberstellung\/Delivery) Ihrer Yacht in ihr neues Segelrevier - sorgsam, zuverl\u00e4ssig und schonend; Mono & Katamaran","breadcrumb":{"@id":"http:\/\/www.yachttransfer.eu\/1703\/#breadcrumb"},"inLanguage":"de","potentialAction":[{"@type":"ReadAction","target":["http:\/\/www.yachttransfer.eu\/1703\/"]}]},{"@type":"ImageObject","inLanguage":"de","@id":"http:\/\/www.yachttransfer.eu\/1703\/#primaryimage","url":"http:\/\/www.yachttransfer.eu\/1703\/wp-content\/uploads\/2017\/02\/Handschlag-1.jpg","contentUrl":"http:\/\/www.yachttransfer.eu\/1703\/wp-content\/uploads\/2017\/02\/Handschlag-1.jpg","width":303,"height":166},{"@type":"BreadcrumbList","@id":"http:\/\/www.yachttransfer.eu\/1703\/#breadcrumb","itemListElement":[{"@type":"ListItem","position":1,"name":"Startseite","item":"http:\/\/www.yachttransfer.eu\/1703\/"},{"@type":"ListItem","position":2,"name":"Home"}]},{"@type":"WebSite","@id":"http:\/\/www.yachttransfer.eu\/1703\/#website","url":"http:\/\/www.yachttransfer.eu\/1703\/","name":"","description":"","potentialAction":[{"@type":"SearchAction","target":{"@type":"EntryPoint","urlTemplate":"http:\/\/www.yachttransfer.eu\/1703\/?s={search_term_string}"},"query-input":{"@type":"PropertyValueSpecification","valueRequired":true,"valueName":"search_term_string"}}],"inLanguage":"de"}]}},"_links":{"self":[{"href":"http:\/\/www.yachttransfer.eu\/1703\/wp-json\/wp\/v2\/pages\/2","targetHints":{"allow":["GET"]}}],"collection":[{"href":"http:\/\/www.yachttransfer.eu\/1703\/wp-json\/wp\/v2\/pages"}],"about":[{"href":"http:\/\/www.yachttransfer.eu\/1703\/wp-json\/wp\/v2\/types\/page"}],"author":[{"embeddable":true,"href":"http:\/\/www.yachttransfer.eu\/1703\/wp-json\/wp\/v2\/users\/1"}],"replies":[{"embeddable":true,"href":"http:\/\/www.yachttransfer.eu\/1703\/wp-json\/wp\/v2\/comments?post=2"}],"version-history":[{"count":46,"href":"http:\/\/www.yachttransfer.eu\/1703\/wp-json\/wp\/v2\/pages\/2\/revisions"}],"predecessor-version":[{"id":951,"href":"http:\/\/www.yachttransfer.eu\/1703\/wp-json\/wp\/v2\/pages\/2\/revisions\/951"}],"wp:attachment":[{"href":"http:\/\/www.yachttransfer.eu\/1703\/wp-json\/wp\/v2\/media?parent=2"}],"curies":[{"name":"wp","href":"https:\/\/api.w.org\/{rel}","templated":true}]}}