{"id":128,"date":"2017-02-27T09:11:07","date_gmt":"2017-02-27T08:11:07","guid":{"rendered":"http:\/\/www.yachttransfer.eu\/1703\/?page_id=128"},"modified":"2020-04-30T10:02:38","modified_gmt":"2020-04-30T08:02:38","slug":"ueberstellung","status":"publish","type":"page","link":"http:\/\/www.yachttransfer.eu\/1703\/skipperteam\/ueberstellung\/","title":{"rendered":"Das Team"},"content":{"rendered":"<h1><span style=\"color: #003366;\"><strong>Skipper &amp; Crew<br \/>\n<\/strong><\/span><\/h1>\n<p><span style=\"color: #003366;\"><strong><img loading=\"lazy\" decoding=\"async\" class=\" wp-image-137 alignright\" src=\"http:\/\/www.yachttransfer.eu\/1703\/wp-content\/uploads\/2017\/02\/IC-FB3-300x183.jpg\" alt=\"\" width=\"162\" height=\"99\" srcset=\"http:\/\/www.yachttransfer.eu\/1703\/wp-content\/uploads\/2017\/02\/IC-FB3-300x183.jpg 300w, http:\/\/www.yachttransfer.eu\/1703\/wp-content\/uploads\/2017\/02\/IC-FB3.jpg 666w\" sizes=\"auto, (max-width: 162px) 100vw, 162px\" \/><\/strong><\/span><\/p>\n<p>Alle Skipper f\u00fcr den Transfer sind erfahrene, verantwortungsvolle Seefahrer mit mindestens folgender Erfahrung bzw. Qualifikation:<\/p>\n<ul>\n<li>Royal Yachtmaster Offshore oder International Certificate of Competence (Ocean oder Offshore)<br \/>\noder vergleichbare international g\u00fcltige Zertifikate<\/li>\n<li>umfangreiche Offshore-Praxiserfahrung als Skipper<\/li>\n<\/ul>\n<p><img loading=\"lazy\" decoding=\"async\" class=\"size-medium wp-image-135 alignright\" src=\"http:\/\/www.yachttransfer.eu\/1703\/wp-content\/uploads\/2017\/02\/WP_20170225_12_26_02_Pro-1-169x300.jpg\" alt=\"\" width=\"169\" height=\"300\" srcset=\"http:\/\/www.yachttransfer.eu\/1703\/wp-content\/uploads\/2017\/02\/WP_20170225_12_26_02_Pro-1-169x300.jpg 169w, http:\/\/www.yachttransfer.eu\/1703\/wp-content\/uploads\/2017\/02\/WP_20170225_12_26_02_Pro-1-768x1362.jpg 768w, http:\/\/www.yachttransfer.eu\/1703\/wp-content\/uploads\/2017\/02\/WP_20170225_12_26_02_Pro-1-577x1024.jpg 577w, http:\/\/www.yachttransfer.eu\/1703\/wp-content\/uploads\/2017\/02\/WP_20170225_12_26_02_Pro-1.jpg 1840w\" sizes=\"auto, (max-width: 169px) 100vw, 169px\" \/><\/p>\n<p><span style=\"color: #003366;\"><strong>Die Crew<br \/>\n<\/strong><\/span>Mindestens folgende Erfahrung bzw. Qualifikation:<\/p>\n<ul>\n<li>FB 2 oder vergleichbares international g\u00fcltiges Zertifikat<\/li>\n<li>umfangreiche Praxiserfahrung<\/li>\n<\/ul>\n<h2><span style=\"color: #003366;\">Skipper auf Zeit<\/span><\/h2>\n<p>Wir<a href=\"http:\/\/www.yachttransfer.eu\/1703\/transfer-services\/skipper-crew-auf-zeit\/\"> vermitteln<\/a> ihnen auch gerne einen Skipper auf Zeit. Zur pers\u00f6nlichen Unterst\u00fctzung, wenn Sie gerne selbst beim Transfer anwesend sind, aber z.B. das Revier nicht gut genug kennen oder die \u00dcberstellung lange dauert und die Wachabl\u00f6se mit einem zweiten erfahrenen Skipper erfolgen soll.<\/p>\n<p>&nbsp;<\/p>\n<p>&nbsp;<\/p>\n<p>&nbsp;<\/p>\n","protected":false},"excerpt":{"rendered":"<p>Skipper &amp; Crew Alle Skipper f\u00fcr den Transfer sind erfahrene, verantwortungsvolle Seefahrer mit mindestens folgender Erfahrung bzw. Qualifikation: Royal Yachtmaster Offshore oder International Certificate of Competence (Ocean oder Offshore) oder vergleichbare international g\u00fcltige Zertifikate umfangreiche Offshore-Praxiserfahrung als Skipper Die Crew Mindestens folgende Erfahrung bzw. Qualifikation: FB 2 oder vergleichbares international g\u00fcltiges Zertifikat umfangreiche Praxiserfahrung Skipper &hellip; <\/p>\n<p><a class=\"more-link btn\" href=\"http:\/\/www.yachttransfer.eu\/1703\/skipperteam\/ueberstellung\/\">Weiterlesen<\/a><\/p>\n","protected":false},"author":1,"featured_media":0,"parent":15,"menu_order":3,"comment_status":"closed","ping_status":"closed","template":"","meta":{"footnotes":""},"class_list":["post-128","page","type-page","status-publish","hentry","nodate","item-wrap"],"yoast_head":"<!-- This site is optimized with the Yoast SEO plugin v27.4 - https:\/\/yoast.com\/product\/yoast-seo-wordpress\/ -->\n<title>Skipper f\u00fcr den Transfer - Ihre Yacht in guten H\u00e4nden<\/title>\n<meta name=\"description\" content=\"\u00dcberstellung \/ Trafnsfer: Ihr Eigentum in guten H\u00e4nden - \u00dcberstellung von Yachten - Mittelmeer - Atlantik - Nordsee - Skipper auf Zeit\" \/>\n<meta name=\"robots\" content=\"index, follow, max-snippet:-1, max-image-preview:large, max-video-preview:-1\" \/>\n<link rel=\"canonical\" href=\"http:\/\/www.yachttransfer.eu\/1703\/skipperteam\/ueberstellung\/\" \/>\n<meta property=\"og:locale\" content=\"de_DE\" \/>\n<meta property=\"og:type\" content=\"article\" \/>\n<meta property=\"og:title\" content=\"Skipper f\u00fcr den Transfer - Ihre Yacht in guten H\u00e4nden\" \/>\n<meta property=\"og:description\" content=\"\u00dcberstellung \/ Trafnsfer: Ihr Eigentum in guten H\u00e4nden - \u00dcberstellung von Yachten - Mittelmeer - Atlantik - Nordsee - Skipper auf Zeit\" \/>\n<meta property=\"og:url\" content=\"http:\/\/www.yachttransfer.eu\/1703\/skipperteam\/ueberstellung\/\" \/>\n<meta property=\"article:modified_time\" content=\"2020-04-30T08:02:38+00:00\" \/>\n<meta property=\"og:image\" content=\"http:\/\/www.yachttransfer.eu\/1703\/wp-content\/uploads\/2017\/02\/IC-FB3-300x183.jpg\" \/>\n<meta name=\"twitter:card\" content=\"summary_large_image\" \/>\n<meta name=\"twitter:label1\" content=\"Gesch\u00e4tzte Lesezeit\" \/>\n\t<meta name=\"twitter:data1\" content=\"1\u00a0Minute\" \/>\n<script type=\"application\/ld+json\" class=\"yoast-schema-graph\">{\"@context\":\"https:\\\/\\\/schema.org\",\"@graph\":[{\"@type\":\"WebPage\",\"@id\":\"http:\\\/\\\/www.yachttransfer.eu\\\/1703\\\/skipperteam\\\/ueberstellung\\\/\",\"url\":\"http:\\\/\\\/www.yachttransfer.eu\\\/1703\\\/skipperteam\\\/ueberstellung\\\/\",\"name\":\"Skipper f\u00fcr den Transfer - Ihre Yacht in guten H\u00e4nden\",\"isPartOf\":{\"@id\":\"http:\\\/\\\/www.yachttransfer.eu\\\/1703\\\/#website\"},\"primaryImageOfPage\":{\"@id\":\"http:\\\/\\\/www.yachttransfer.eu\\\/1703\\\/skipperteam\\\/ueberstellung\\\/#primaryimage\"},\"image\":{\"@id\":\"http:\\\/\\\/www.yachttransfer.eu\\\/1703\\\/skipperteam\\\/ueberstellung\\\/#primaryimage\"},\"thumbnailUrl\":\"http:\\\/\\\/www.yachttransfer.eu\\\/1703\\\/wp-content\\\/uploads\\\/2017\\\/02\\\/IC-FB3-300x183.jpg\",\"datePublished\":\"2017-02-27T08:11:07+00:00\",\"dateModified\":\"2020-04-30T08:02:38+00:00\",\"description\":\"\u00dcberstellung \\\/ Trafnsfer: Ihr Eigentum in guten H\u00e4nden - \u00dcberstellung von Yachten - Mittelmeer - Atlantik - Nordsee - Skipper auf Zeit\",\"breadcrumb\":{\"@id\":\"http:\\\/\\\/www.yachttransfer.eu\\\/1703\\\/skipperteam\\\/ueberstellung\\\/#breadcrumb\"},\"inLanguage\":\"de\",\"potentialAction\":[{\"@type\":\"ReadAction\",\"target\":[\"http:\\\/\\\/www.yachttransfer.eu\\\/1703\\\/skipperteam\\\/ueberstellung\\\/\"]}]},{\"@type\":\"ImageObject\",\"inLanguage\":\"de\",\"@id\":\"http:\\\/\\\/www.yachttransfer.eu\\\/1703\\\/skipperteam\\\/ueberstellung\\\/#primaryimage\",\"url\":\"http:\\\/\\\/www.yachttransfer.eu\\\/1703\\\/wp-content\\\/uploads\\\/2017\\\/02\\\/IC-FB3.jpg\",\"contentUrl\":\"http:\\\/\\\/www.yachttransfer.eu\\\/1703\\\/wp-content\\\/uploads\\\/2017\\\/02\\\/IC-FB3.jpg\",\"width\":666,\"height\":407},{\"@type\":\"BreadcrumbList\",\"@id\":\"http:\\\/\\\/www.yachttransfer.eu\\\/1703\\\/skipperteam\\\/ueberstellung\\\/#breadcrumb\",\"itemListElement\":[{\"@type\":\"ListItem\",\"position\":1,\"name\":\"Startseite\",\"item\":\"http:\\\/\\\/www.yachttransfer.eu\\\/1703\\\/\"},{\"@type\":\"ListItem\",\"position\":2,\"name\":\"\u00dcber uns\",\"item\":\"http:\\\/\\\/www.yachttransfer.eu\\\/1703\\\/skipperteam\\\/\"},{\"@type\":\"ListItem\",\"position\":3,\"name\":\"Das Team\"}]},{\"@type\":\"WebSite\",\"@id\":\"http:\\\/\\\/www.yachttransfer.eu\\\/1703\\\/#website\",\"url\":\"http:\\\/\\\/www.yachttransfer.eu\\\/1703\\\/\",\"name\":\"\",\"description\":\"\",\"potentialAction\":[{\"@type\":\"SearchAction\",\"target\":{\"@type\":\"EntryPoint\",\"urlTemplate\":\"http:\\\/\\\/www.yachttransfer.eu\\\/1703\\\/?s={search_term_string}\"},\"query-input\":{\"@type\":\"PropertyValueSpecification\",\"valueRequired\":true,\"valueName\":\"search_term_string\"}}],\"inLanguage\":\"de\"}]}<\/script>\n<!-- \/ Yoast SEO plugin. -->","yoast_head_json":{"title":"Skipper f\u00fcr den Transfer - Ihre Yacht in guten H\u00e4nden","description":"\u00dcberstellung \/ Trafnsfer: Ihr Eigentum in guten H\u00e4nden - \u00dcberstellung von Yachten - Mittelmeer - Atlantik - Nordsee - Skipper auf Zeit","robots":{"index":"index","follow":"follow","max-snippet":"max-snippet:-1","max-image-preview":"max-image-preview:large","max-video-preview":"max-video-preview:-1"},"canonical":"http:\/\/www.yachttransfer.eu\/1703\/skipperteam\/ueberstellung\/","og_locale":"de_DE","og_type":"article","og_title":"Skipper f\u00fcr den Transfer - Ihre Yacht in guten H\u00e4nden","og_description":"\u00dcberstellung \/ Trafnsfer: Ihr Eigentum in guten H\u00e4nden - \u00dcberstellung von Yachten - Mittelmeer - Atlantik - Nordsee - Skipper auf Zeit","og_url":"http:\/\/www.yachttransfer.eu\/1703\/skipperteam\/ueberstellung\/","article_modified_time":"2020-04-30T08:02:38+00:00","og_image":[{"url":"http:\/\/www.yachttransfer.eu\/1703\/wp-content\/uploads\/2017\/02\/IC-FB3-300x183.jpg","type":"","width":"","height":""}],"twitter_card":"summary_large_image","twitter_misc":{"Gesch\u00e4tzte Lesezeit":"1\u00a0Minute"},"schema":{"@context":"https:\/\/schema.org","@graph":[{"@type":"WebPage","@id":"http:\/\/www.yachttransfer.eu\/1703\/skipperteam\/ueberstellung\/","url":"http:\/\/www.yachttransfer.eu\/1703\/skipperteam\/ueberstellung\/","name":"Skipper f\u00fcr den Transfer - Ihre Yacht in guten H\u00e4nden","isPartOf":{"@id":"http:\/\/www.yachttransfer.eu\/1703\/#website"},"primaryImageOfPage":{"@id":"http:\/\/www.yachttransfer.eu\/1703\/skipperteam\/ueberstellung\/#primaryimage"},"image":{"@id":"http:\/\/www.yachttransfer.eu\/1703\/skipperteam\/ueberstellung\/#primaryimage"},"thumbnailUrl":"http:\/\/www.yachttransfer.eu\/1703\/wp-content\/uploads\/2017\/02\/IC-FB3-300x183.jpg","datePublished":"2017-02-27T08:11:07+00:00","dateModified":"2020-04-30T08:02:38+00:00","description":"\u00dcberstellung \/ Trafnsfer: Ihr Eigentum in guten H\u00e4nden - \u00dcberstellung von Yachten - Mittelmeer - Atlantik - Nordsee - Skipper auf Zeit","breadcrumb":{"@id":"http:\/\/www.yachttransfer.eu\/1703\/skipperteam\/ueberstellung\/#breadcrumb"},"inLanguage":"de","potentialAction":[{"@type":"ReadAction","target":["http:\/\/www.yachttransfer.eu\/1703\/skipperteam\/ueberstellung\/"]}]},{"@type":"ImageObject","inLanguage":"de","@id":"http:\/\/www.yachttransfer.eu\/1703\/skipperteam\/ueberstellung\/#primaryimage","url":"http:\/\/www.yachttransfer.eu\/1703\/wp-content\/uploads\/2017\/02\/IC-FB3.jpg","contentUrl":"http:\/\/www.yachttransfer.eu\/1703\/wp-content\/uploads\/2017\/02\/IC-FB3.jpg","width":666,"height":407},{"@type":"BreadcrumbList","@id":"http:\/\/www.yachttransfer.eu\/1703\/skipperteam\/ueberstellung\/#breadcrumb","itemListElement":[{"@type":"ListItem","position":1,"name":"Startseite","item":"http:\/\/www.yachttransfer.eu\/1703\/"},{"@type":"ListItem","position":2,"name":"\u00dcber uns","item":"http:\/\/www.yachttransfer.eu\/1703\/skipperteam\/"},{"@type":"ListItem","position":3,"name":"Das Team"}]},{"@type":"WebSite","@id":"http:\/\/www.yachttransfer.eu\/1703\/#website","url":"http:\/\/www.yachttransfer.eu\/1703\/","name":"","description":"","potentialAction":[{"@type":"SearchAction","target":{"@type":"EntryPoint","urlTemplate":"http:\/\/www.yachttransfer.eu\/1703\/?s={search_term_string}"},"query-input":{"@type":"PropertyValueSpecification","valueRequired":true,"valueName":"search_term_string"}}],"inLanguage":"de"}]}},"_links":{"self":[{"href":"http:\/\/www.yachttransfer.eu\/1703\/wp-json\/wp\/v2\/pages\/128","targetHints":{"allow":["GET"]}}],"collection":[{"href":"http:\/\/www.yachttransfer.eu\/1703\/wp-json\/wp\/v2\/pages"}],"about":[{"href":"http:\/\/www.yachttransfer.eu\/1703\/wp-json\/wp\/v2\/types\/page"}],"author":[{"embeddable":true,"href":"http:\/\/www.yachttransfer.eu\/1703\/wp-json\/wp\/v2\/users\/1"}],"replies":[{"embeddable":true,"href":"http:\/\/www.yachttransfer.eu\/1703\/wp-json\/wp\/v2\/comments?post=128"}],"version-history":[{"count":21,"href":"http:\/\/www.yachttransfer.eu\/1703\/wp-json\/wp\/v2\/pages\/128\/revisions"}],"predecessor-version":[{"id":798,"href":"http:\/\/www.yachttransfer.eu\/1703\/wp-json\/wp\/v2\/pages\/128\/revisions\/798"}],"up":[{"embeddable":true,"href":"http:\/\/www.yachttransfer.eu\/1703\/wp-json\/wp\/v2\/pages\/15"}],"wp:attachment":[{"href":"http:\/\/www.yachttransfer.eu\/1703\/wp-json\/wp\/v2\/media?parent=128"}],"curies":[{"name":"wp","href":"https:\/\/api.w.org\/{rel}","templated":true}]}}